{"id":27280,"date":"2019-10-24T17:27:20","date_gmt":"2019-10-24T15:27:20","guid":{"rendered":"https:\/\/www.noleggiare.it\/?page_id=27280"},"modified":"2024-04-16T09:50:10","modified_gmt":"2024-04-16T07:50:10","slug":"informationen-ueber-die-kautionsdepots","status":"publish","type":"page","link":"https:\/\/www.noleggiare.it\/de\/informationen-ueber-die-kautionsdepots\/","title":{"rendered":"Informationen \u00fcber die Kautionsdepots"},"content":{"rendered":"\t\t<div data-elementor-type=\"wp-post\" data-elementor-id=\"27280\" data-post-id=\"27280\" data-obj-id=\"27280\" class=\"elementor elementor-27280 dce-elementor-post-27280 elementor-494\" data-elementor-settings=\"[]\">\n\t\t\t\t\t\t<div class=\"elementor-inner\">\n\t\t\t\t\t\t\t<div class=\"elementor-section-wrap\">\n\t\t\t\t\t\t\t<section class=\"elementor-section elementor-top-section elementor-element elementor-element-8ec1549 elementor-section-boxed elementor-section-height-default elementor-section-height-default\" data-id=\"8ec1549\" data-element_type=\"section\">\n\t\t\t\t\t\t<div class=\"elementor-container elementor-column-gap-no\">\n\t\t\t\t\t\t\t<div class=\"elementor-row\">\n\t\t\t\t\t<div class=\"elementor-column elementor-col-100 elementor-top-column elementor-element elementor-element-381040b\" data-id=\"381040b\" data-element_type=\"column\">\n\t\t\t<div class=\"elementor-column-wrap elementor-element-populated\">\n\t\t\t\t\t\t\t<div class=\"elementor-widget-wrap\">\n\t\t\t\t\t\t<div class=\"elementor-element elementor-element-ca50f5b elementor-widget elementor-widget-spacer\" data-id=\"ca50f5b\" data-element_type=\"widget\" data-widget_type=\"spacer.default\">\n\t\t\t\t<div class=\"elementor-widget-container\">\n\t\t\t\t\t<div class=\"elementor-spacer\">\n\t\t\t<div class=\"elementor-spacer-inner\"><\/div>\n\t\t<\/div>\n\t\t\t\t<\/div>\n\t\t\t\t<\/div>\n\t\t\t\t<div class=\"elementor-element elementor-element-bacc297 elementor-widget elementor-widget-heading\" data-id=\"bacc297\" data-element_type=\"widget\" data-widget_type=\"heading.default\">\n\t\t\t\t<div class=\"elementor-widget-container\">\n\t\t\t<h1 class=\"elementor-heading-title elementor-size-default\">Informationen \u00fcber Kautionen<\/h1>\t\t<\/div>\n\t\t\t\t<\/div>\n\t\t\t\t<div class=\"elementor-element elementor-element-e99e7db elementor-hidden-phone elementor-widget elementor-widget-spacer\" data-id=\"e99e7db\" data-element_type=\"widget\" data-widget_type=\"spacer.default\">\n\t\t\t\t<div class=\"elementor-widget-container\">\n\t\t\t\t\t<div class=\"elementor-spacer\">\n\t\t\t<div class=\"elementor-spacer-inner\"><\/div>\n\t\t<\/div>\n\t\t\t\t<\/div>\n\t\t\t\t<\/div>\n\t\t\t\t\t\t<\/div>\n\t\t\t\t\t<\/div>\n\t\t<\/div>\n\t\t\t\t\t\t\t\t<\/div>\n\t\t\t\t\t<\/div>\n\t\t<\/section>\n\t\t\t\t<section class=\"elementor-section elementor-top-section elementor-element elementor-element-f2c27e4 elementor-section-boxed elementor-section-height-default elementor-section-height-default\" data-id=\"f2c27e4\" data-element_type=\"section\">\n\t\t\t\t\t\t<div class=\"elementor-container elementor-column-gap-default\">\n\t\t\t\t\t\t\t<div class=\"elementor-row\">\n\t\t\t\t\t<div class=\"elementor-column elementor-col-100 elementor-top-column elementor-element elementor-element-f199577\" data-id=\"f199577\" data-element_type=\"column\">\n\t\t\t<div class=\"elementor-column-wrap elementor-element-populated\">\n\t\t\t\t\t\t\t<div class=\"elementor-widget-wrap\">\n\t\t\t\t\t\t<div class=\"elementor-element elementor-element-12c29f5 elementor-widget elementor-widget-text-editor\" data-id=\"12c29f5\" data-element_type=\"widget\" data-widget_type=\"text-editor.default\">\n\t\t\t\t<div class=\"elementor-widget-container\">\n\t\t\t\t\t\t\t\t<div class=\"elementor-text-editor elementor-clearfix\">\n\t\t\t\t\t<h5><strong>Welche Arten von Kredit-\/Debitkarten werden als Garantie f\u00fcr die Automiete akzeptiert?<\/strong><\/h5><p>Bei Abschluss des Mietvertrags muss der Inhaber der Reservierung am Schalter anwesend sein und eine Kredit- oder Debitkarte vom Typ Visa, MasterCard, American Express und UnionPay vorlegen, auf der sein Vor- und Nachname vermerkt ist.<\/p><p><strong>Debitkarten werden nur f\u00fcr diese Fahrzeugkategorien akzeptiert: A, B, C, D, E und Z<\/strong>. F\u00fcr spezielle Fahrzeuggruppen k\u00f6nnen zwei Kreditkarten als Sicherheit verlangt werden. Weitere Informationen finden Sie auf unserer Website. Prepaid-Karten jeglicher Art, Revolving, Postepay, Visa Electron, V Pay, Pagobancomat, Viabuy, PayPal, Karten mit dem \u201eElectron\u201c-Logo oder dem Vermerk \u201eElectron Use Only\u201c und \u201eMaestro\u201c-Karten werden grunds\u00e4tzlich nicht als Sicherheit akzeptiert.\u00a0<\/p><p>Die Karte muss durch einen ausreichenden Betrag f\u00fcr die Haftung des Fahrzeugs, eventuelle Zusatzkosten sowie Kautionen, die als Garantie f\u00fcr den Mietwagen erforderlich sind, gedeckt sein. Die spezielle \u201emonatliche\/mehrmonatliche\u201c Miete ist ausschlie\u00dflich mit einer Kreditkarte (keine Debitkarte, kein Prepaid-Karte) als Garantie f\u00fcr alle Fahrzeugkategorien verf\u00fcgbar. Wir empfehlen Ihnen, den PIN-Code Ihrer Karte vor Ihrer Ankunft in der Gesch\u00e4ftsstelle zu \u00fcberpr\u00fcfen.<\/p><h5><strong>Autovermietung und Kaution: was das ist und wie es funktioniert<\/strong><\/h5><p>Bei der <strong>Anmietung eines Autos <\/strong>ist die Kaution ein obligatorischer Schritt, da das Vermietungsunternehmen dem Kunden ein\u00a0<strong>wertvolles Gut<\/strong> zur Verf\u00fcgung stellt und daher daf\u00fcr sorgen muss, dass es <strong>gesch\u00fctzt<\/strong> ist.<\/p><p>Die Kaution ist ein\u00a0<strong>Geldbetrag<\/strong>, der vorsorglich als <strong>Garantie<\/strong> gesperrt wird und dazu dient,\u00a0<strong>die G\u00fcltigkeit der Kreditkarte zu \u00fcberpr\u00fcfen<\/strong>.<\/p><p>Das Vermietungsunternehmen verpflichtet sich daher,\u00a0<strong>den Betrag<\/strong>\u00a0nach \u00dcberpr\u00fcfung des guten Zustands des Autos und der korrekten Erf\u00fcllung der Verpflichtungen des Fahrers\u00a0<strong>zur\u00fcckzugeben<\/strong>.\u00a0<\/p><h5><strong>R\u00fcckerstattung der Kaution: Zeit und was zu tun ist<\/strong><\/h5><p>Wenn alles gut gegangen ist, wird die Kaution\u00a0<strong>nach 4-5<\/strong>\u00a0<strong>Arbeitstagen<\/strong> in voller H\u00f6he zur\u00fcckgezahlt. Manchmal kann sich, in Verbindung mit bestimmten Feiertagen oder zu Vermietungs-Spitzenzeiten, die Zeit um bis zu <strong>10 Tage<\/strong> verl\u00e4ngern. Falls es l\u00e4nger dauern sollte, k\u00f6nnen Sie uns \u00fcber <a href=\"http:\/\/www.noleggiare.it\/de\/kontakte\/\">www.noleggiare.it\/de\/kontakte\/<\/a>\u00a0kontaktieren, um sicherzustellen, dass die Freischaltung erfolgt ist. Wenn diese erfolgreich ist, aber der Betrag nicht auf dem Konto erscheint, sollten Sie sich mit Ihrer <strong>Bank<\/strong> in Verbindung setzen.<\/p><h5><strong>Wie hoch ist die Kaution?<\/strong><\/h5><p>Der Geldbetrag, der gesperrt wird, h\u00e4ngt von der\u00a0<strong>Fahrzeugkategorie <\/strong>ab,\u00a0aus diesem Grund gibt es keine festen oder standardisierten Kosten, die f\u00fcr alle Fahrzeuge gelten.<\/p><p>Unten finden Sie die <strong>Tabelle<\/strong> mit den Angaben zu den Kautionen f\u00fcr die verschiedenen Fahrzeugkategorien:<\/p>\t\t\t\t\t<\/div>\n\t\t\t\t\t\t<\/div>\n\t\t\t\t<\/div>\n\t\t\t\t<div class=\"elementor-element elementor-element-7426a91 elementor-widget elementor-widget-html\" data-id=\"7426a91\" data-element_type=\"widget\" data-widget_type=\"html.default\">\n\t\t\t\t<div class=\"elementor-widget-container\">\n\t\t\t<table class=\"table\">\r\n  <tbody><tr>\r\n\t<th>Vehicle\u2019s Category (CAR)<\/th>\r\n\t<th style=\"text-align:center;\">Description<\/th>\r\n\t<th style=\"text-align:center;\">Standard Deposit<\/th>\r\n\t<th style=\"text-align:center;\">Deposit with Gold protection<\/th>\r\n\t<th style=\"text-align:center;\">Deposit with Platinum \/ Premium protection<\/th>\r\n        <th style=\"text-align:center;\">Guarantees accepted<\/th>\r\n  <\/tr>\r\n  \r\n \r\n\r\n\r\n\r\n\r\n\t\t<tr>\r\n\t\t\t<td>A<\/td>\r\n\t\t\t<td style=\"text-align:center;\">Citroen C1, Toyota Aygo <i><br>or similar<\/i><\/td>\r\n\t\t\t<td style=\"text-align:center;\">\u20ac 600,00<\/td>\r\n\t\t\t<td style=\"text-align:center;\">\u20ac 300,00<\/td>\r\n\t\t\t<td style=\"text-align:center;\">\u20ac 100,00<\/td>\r\n\t\t\t<td style=\"text-align:center;\">Credit or debit card<\/td>\r\n\t\t<\/tr>\r\n\r\n\r\n\r\n\r\n\t\t<tr>\r\n\t\t\t<td>B<\/td>\r\n\t\t\t<td style=\"text-align:center;\">Fiat Panda, Mahindra KUV100 <i><br>or similar<\/i><\/td>\r\n\t\t\t<td style=\"text-align:center;\">\u20ac 600,00<\/td>\r\n\t\t\t<td style=\"text-align:center;\">\u20ac 300,00<\/td>\r\n\t\t\t<td style=\"text-align:center;\">\u20ac 100,00<\/td>\r\n\t\t\t<td style=\"text-align:center;\">Credit or debit card<\/td>\r\n\t\t<\/tr>\r\n\r\n\r\n\r\n\r\n\t\t<tr>\r\n\t\t\t<td>C<\/td>\r\n\t\t\t<td style=\"text-align:center;\">Ford Fiesta, Peugeot 208 <i><br>or similar<\/i><\/td>\r\n\t\t\t<td style=\"text-align:center;\">\u20ac 600,00<\/td>\r\n\t\t\t<td style=\"text-align:center;\">\u20ac 300,00<\/td>\r\n\t\t\t<td style=\"text-align:center;\">\u20ac 100,00<\/td>\r\n\t\t\t<td style=\"text-align:center;\">Credit or debit card<\/td>\r\n\t\t<\/tr>\r\n\r\n\r\n\r\n\r\n\t\t<tr>\r\n\t\t\t<td>D<\/td>\r\n\t\t\t<td style=\"text-align:center;\">Ford Focus, Renault Captur <i><br>or similar<\/i><\/td>\r\n\t\t\t<td style=\"text-align:center;\">\u20ac 800,00<\/td>\r\n\t\t\t<td style=\"text-align:center;\">\u20ac 400,00<\/td>\r\n\t\t\t<td style=\"text-align:center;\">\u20ac 100,00<\/td>\r\n\t\t\t<td style=\"text-align:center;\">Credit or debit card<\/td>\r\n\t\t<\/tr>\r\n\r\n\r\n\r\n\r\n\t\t<tr>\r\n\t\t\t<td>E<\/td>\r\n\t\t\t<td style=\"text-align:center;\">Fiat 500 Cabrio <i><br>or similar<\/i><\/td>\r\n\t\t\t<td style=\"text-align:center;\">\u20ac 600,00<\/td>\r\n\t\t\t<td style=\"text-align:center;\">\u20ac 300,00<\/td>\r\n\t\t\t<td style=\"text-align:center;\">\u20ac 100,00<\/td>\r\n\t\t\t<td style=\"text-align:center;\">Credit or debit card<\/td>\r\n\t\t<\/tr>\r\n\r\n\r\n\r\n\t\t<tr>\r\n\t\t\t<td>F<\/td>\r\n\t\t\t<td style=\"text-align:center;\">Ford Galaxy, Renault Grand Scenic <i><br>or similar<\/i><\/td>\r\n\t\t\t<td style=\"text-align:center;\">\u20ac 800,00<\/td>\r\n\t\t\t<td style=\"text-align:center;\">\u20ac 400,00<\/td>\r\n\t\t\t<td style=\"text-align:center;\">\u20ac 100,00<\/td>\r\n\t\t\t<td style=\"text-align:center;\">Credit card<\/td>\r\n\t\t<\/tr>\r\n\r\n\r\n\r\n\t\t<tr>\r\n\t\t\t<td>I<\/td>\r\n\t\t\t<td style=\"text-align:center;\">BMW Serie 1, BMW Serie 2 <i><br>or similar<\/i><\/td>\r\n\t\t\t<td style=\"text-align:center;\">\u20ac 800,00<\/td>\r\n\t\t\t<td style=\"text-align:center;\">\u20ac 400,00<\/td>\r\n\t\t\t<td style=\"text-align:center;\">\u20ac 100,00<\/td>\r\n\t\t\t<td style=\"text-align:center;\">Credit card<\/td>\r\n\t\t<\/tr>\r\n\r\n\r\n\r\n\t\t<tr>\r\n\t\t\t<td>J<\/td>\r\n\t\t\t<td style=\"text-align:center;\">Ford Kuga, Peugeot 3008 <i><br>or similar<\/i><\/td>\r\n\t\t\t<td style=\"text-align:center;\">\u20ac 800,00<\/td>\r\n\t\t\t<td style=\"text-align:center;\">\u20ac 400,00<\/td>\r\n\t\t\t<td style=\"text-align:center;\">\u20ac 100,00<\/td>\r\n\t\t\t<td style=\"text-align:center;\">Credit card<\/td>\r\n\t\t<\/tr>\r\n\r\n\r\n\r\n\r\n\r\n\t\t<tr>\r\n\t\t\t<td>L<\/td>\r\n\t\t\t<td style=\"text-align:center;\">Mercedes Classe C SW, Ford Mondeo SW <i><br>or similar<\/i><\/td>\r\n\t\t\t<td style=\"text-align:center;\">\u20ac 1.800,00<\/td>\r\n\t\t\t<td style=\"text-align:center;\">\u20ac 900,00<\/td>\r\n\t\t\t<td style=\"text-align:center;\">\u20ac 100,00<\/td>\r\n\t\t\t<td style=\"text-align:center;\">Credit card<\/td>\r\n\t\t<\/tr>\r\n\r\n\r\n\r\n\r\n\t\t<tr>\r\n\t\t\t<td>M<\/td>\r\n\t\t\t<td style=\"text-align:center;\">Ford Tourneo, Citroen Spacetourer 9 Pax <i><br>or similar<\/i><\/td>\r\n\t\t\t<td style=\"text-align:center;\">\u20ac 1.000,00<\/td>\r\n\t\t\t<td style=\"text-align:center;\">\u20ac 500,00<\/td>\r\n\t\t\t<td style=\"text-align:center;\">\u20ac 100,00<\/td>\r\n\t\t\t<td style=\"text-align:center;\">Credit card<\/td>\r\n\t\t<\/tr>\r\n\r\n\r\n\r\n\r\n\t\t<tr>\r\n\t\t\t<td>N<\/td>\r\n\t\t\t<td style=\"text-align:center;\">Alfa Romeo Giulia <i><br>or similar<\/i><\/td>\r\n\t\t\t<td style=\"text-align:center;\">\u20ac 1.800,00<\/td>\r\n\t\t\t<td style=\"text-align:center;\">\u20ac 900,00<\/td>\r\n\t\t\t<td style=\"text-align:center;\">\u20ac 100,00<\/td>\r\n\t\t\t<td style=\"text-align:center;\">Credit card<\/td>\r\n\t\t<\/tr>\r\n\r\n\r\n\r\n\r\n\t\t<tr>\r\n\t\t\t<td>O<\/td>\r\n\t\t\t<td style=\"text-align:center;\">Cadillac XT4, Mercedes GLA <i><br>or similar<\/i><\/td>\r\n\t\t\t<td style=\"text-align:center;\">\u20ac 1.800,00<\/td>\r\n\t\t\t<td style=\"text-align:center;\">\u20ac 900,00<\/td>\r\n\t\t\t<td style=\"text-align:center;\">\u20ac 100,00<\/td>\r\n\t\t\t<td style=\"text-align:center;\">Credit card<\/td>\r\n\t\t<\/tr>\r\n\r\n\r\n\r\n\r\n\t\t<tr>\r\n\t\t\t<td>P<\/td>\r\n\t\t\t<td style=\"text-align:center;\">Maserati Ghibli <i><br>or similar<\/i><\/td>\r\n\t\t\t<td style=\"text-align:center;\">\u20ac 2.000,00<\/td>\r\n\t\t\t<td style=\"text-align:center;\"><span style=\"color: #a9a9a9\">Not Avaible<\/span><\/td>\r\n\t\t\t<td style=\"text-align:center; color: #d0d0d0\">Not Avaible<\/td>\r\n\t\t\t<td style=\"text-align:center;\">Two credit cards<\/td>\r\n\t\t<\/tr>\r\n\r\n\r\n\r\n\r\n\r\n\r\n\t\t<tr>\r\n\t\t\t<td>S<\/td>\r\n\t\t\t<td style=\"text-align:center;\">Ford Focus SW, Peugeot 308 SW <i><br>or similar<\/i><\/td>\r\n\t\t\t<td style=\"text-align:center;\">\u20ac 800,00<\/td>\r\n\t\t\t<td style=\"text-align:center;\">\u20ac 400,00<\/td>\r\n\t\t\t<td style=\"text-align:center;\">\u20ac 100,00<\/td>\r\n\t\t\t<td style=\"text-align:center;\">Credit card<\/td>\r\n\t\t<\/tr>\r\n\r\n\r\n\r\n\r\n\t\t<tr>\r\n\t\t\t<td>V<\/td>\r\n\t\t\t<td style=\"text-align:center;\">Piaggio Vespa 125cc, 300cc<i><br>or similar<\/i><\/td>\r\n\t\t\t<td style=\"text-align:center;\">\u20ac 250,00<\/td>\r\n\t\t\t<td style=\"text-align:center; color: #d0d0d0\">Not Avaible<\/td>\r\n\t\t\t<td style=\"text-align:center; color: #d0d0d0\">Not Avaible<\/td>\r\n\t\t\t<td style=\"text-align:center;\">Credit or debit card<\/td>\r\n\t\t<\/tr>\r\n\t<\/tbody>\r\n<\/table>\t\t<\/div>\n\t\t\t\t<\/div>\n\t\t\t\t<div class=\"elementor-element elementor-element-06a1655 elementor-widget elementor-widget-html\" data-id=\"06a1655\" data-element_type=\"widget\" data-widget_type=\"html.default\">\n\t\t\t\t<div class=\"elementor-widget-container\">\n\t\t\t<table class=\"table\">\r\n\t<tbody>\r\n\t\t<tr>\r\n\t\t\t<th>Vehicle's category<\/th>\r\n\t\t\t<th style=\"text-align:center;\">Description<\/th>\t\t\t\r\n\t\t\t<th style=\"text-align:center;\">Standard Deposit<\/th>\r\n\t\t\t<th style=\"text-align:center;\">Deposito with Van  Protection<\/th>\r\n\t\t\t<th style=\"text-align:center;\">Deposito with Super Van Protection<\/th>\r\n\t\t\t<th style=\"text-align:center;\">Deposito with No Problem Protection<\/th>\t\r\n                        <th style=\"text-align:center;\">Guarantees accepted<\/th>\r\n\t\t<\/tr>\r\n\r\n\r\n\r\n\r\n\t\t<tr>\r\n\t\t\t<td>Z<\/td>\r\n\t\t\t<td style=\"text-align:center;\">Van<\/td>\t\t\t\r\n\t\t\t<td style=\"text-align:center;\">\u20ac 1.000,00<\/td>\r\n\t\t\t<td style=\"text-align:center;\">\u20ac 700,00<\/td>\r\n\t\t\t<td style=\"text-align:center;\">\u20ac 500,00<\/td>\r\n\t\t\t<td style=\"text-align:center;\">\u20ac 150,00<\/td>\r\n                        <td style=\"text-align:center;\">Credit or debit card<\/td>\r\n\t\t<\/tr>\r\n\t<\/tbody>\r\n<\/table>\t\t<\/div>\n\t\t\t\t<\/div>\n\t\t\t\t\t\t<\/div>\n\t\t\t\t\t<\/div>\n\t\t<\/div>\n\t\t\t\t\t\t\t\t<\/div>\n\t\t\t\t\t<\/div>\n\t\t<\/section>\n\t\t\t\t\t\t<\/div>\n\t\t\t\t\t\t<\/div>\n\t\t\t\t\t<\/div>\n\t\t","protected":false},"excerpt":{"rendered":"<p>Informationen \u00fcber Kautionen Welche Arten von Kredit-\/Debitkarten werden als Garantie f\u00fcr die Automiete akzeptiert? Bei Abschluss des Mietvertrags muss der Inhaber der Reservierung am Schalter anwesend sein und eine Kredit- oder Debitkarte vom Typ Visa, MasterCard, American Express und UnionPay vorlegen, auf der sein Vor- und Nachname vermerkt ist. Debitkarten werden nur f\u00fcr diese Fahrzeugkategorien [&#8230;]<\/p>\n<p><a class=\"btn btn-secondary understrap-read-more-link\" href=\"https:\/\/www.noleggiare.it\/de\/informationen-ueber-die-kautionsdepots\/\">Weiterlesen\u00a0\u2026<\/a><\/p>\n","protected":false},"author":1,"featured_media":0,"parent":0,"menu_order":0,"comment_status":"closed","ping_status":"closed","template":"","meta":[],"acf":[],"yoast_head":"<!-- This site is optimized with the Yoast SEO plugin v17.1 - https:\/\/yoast.com\/wordpress\/plugins\/seo\/ -->\n<title>Informationen \u00fcber die Kautionsdepots - Noleggiare.it<\/title>\n<meta name=\"robots\" content=\"index, follow, max-snippet:-1, max-image-preview:large, max-video-preview:-1\" \/>\n<link rel=\"canonical\" href=\"https:\/\/www.noleggiare.it\/de\/informazioni-sui-depositi-cauzionali\/\" \/>\n<meta property=\"og:locale\" content=\"de_DE\" \/>\n<meta property=\"og:type\" content=\"article\" \/>\n<meta property=\"og:title\" content=\"Informationen \u00fcber die Kautionsdepots - Noleggiare.it\" \/>\n<meta property=\"og:description\" content=\"Informationen \u00fcber Kautionen Welche Arten von Kredit-\/Debitkarten werden als Garantie f\u00fcr die Automiete akzeptiert? Bei Abschluss des Mietvertrags muss der Inhaber der Reservierung am Schalter anwesend sein und eine Kredit- oder Debitkarte vom Typ Visa, MasterCard, American Express und UnionPay vorlegen, auf der sein Vor- und Nachname vermerkt ist. Debitkarten werden nur f\u00fcr diese Fahrzeugkategorien [...]Weiterlesen\u00a0\u2026\" \/>\n<meta property=\"og:url\" content=\"https:\/\/www.noleggiare.it\/it\/informazioni-sui-depositi-cauzionali\/\" \/>\n<meta property=\"og:site_name\" content=\"Noleggiare.it\" \/>\n<meta property=\"article:modified_time\" content=\"2024-04-16T07:50:10+00:00\" \/>\n<meta name=\"twitter:card\" content=\"summary_large_image\" \/>\n<meta name=\"twitter:label1\" content=\"Gesch\u00e4tzte Lesezeit\" \/>\n\t<meta name=\"twitter:data1\" content=\"3\u00a0Minuten\" \/>\n<script type=\"application\/ld+json\" class=\"yoast-schema-graph\">{\"@context\":\"https:\/\/schema.org\",\"@graph\":[{\"@type\":\"WebSite\",\"@id\":\"https:\/\/www.noleggiare.it\/it\/#website\",\"url\":\"https:\/\/www.noleggiare.it\/it\/\",\"name\":\"Noleggiare.it\",\"description\":\"Happy rent!\",\"potentialAction\":[{\"@type\":\"SearchAction\",\"target\":{\"@type\":\"EntryPoint\",\"urlTemplate\":\"https:\/\/www.noleggiare.it\/it\/?s={search_term_string}\"},\"query-input\":\"required name=search_term_string\"}],\"inLanguage\":\"de\"},{\"@type\":\"WebPage\",\"@id\":\"https:\/\/www.noleggiare.it\/it\/informazioni-sui-depositi-cauzionali\/#webpage\",\"url\":\"https:\/\/www.noleggiare.it\/it\/informazioni-sui-depositi-cauzionali\/\",\"name\":\"Informationen \\u00fcber die Kautionsdepots - Noleggiare.it\",\"isPartOf\":{\"@id\":\"https:\/\/www.noleggiare.it\/it\/#website\"},\"datePublished\":\"2019-10-24T15:27:20+00:00\",\"dateModified\":\"2024-04-16T07:50:10+00:00\",\"breadcrumb\":{\"@id\":\"https:\/\/www.noleggiare.it\/it\/informazioni-sui-depositi-cauzionali\/#breadcrumb\"},\"inLanguage\":\"de\",\"potentialAction\":[{\"@type\":\"ReadAction\",\"target\":[\"https:\/\/www.noleggiare.it\/it\/informazioni-sui-depositi-cauzionali\/\"]}]},{\"@type\":\"BreadcrumbList\",\"@id\":\"https:\/\/www.noleggiare.it\/it\/informazioni-sui-depositi-cauzionali\/#breadcrumb\",\"itemListElement\":[{\"@type\":\"ListItem\",\"position\":1,\"name\":\"Informationen \\u00fcber die Kautionsdepots\"}]}]}<\/script>\n<!-- \/ Yoast SEO plugin. -->","yoast_head_json":{"title":"Informationen \u00fcber die Kautionsdepots - Noleggiare.it","robots":{"index":"index","follow":"follow","max-snippet":"max-snippet:-1","max-image-preview":"max-image-preview:large","max-video-preview":"max-video-preview:-1"},"canonical":"https:\/\/www.noleggiare.it\/de\/informazioni-sui-depositi-cauzionali\/","og_locale":"de_DE","og_type":"article","og_title":"Informationen \u00fcber die Kautionsdepots - Noleggiare.it","og_description":"Informationen \u00fcber Kautionen Welche Arten von Kredit-\/Debitkarten werden als Garantie f\u00fcr die Automiete akzeptiert? Bei Abschluss des Mietvertrags muss der Inhaber der Reservierung am Schalter anwesend sein und eine Kredit- oder Debitkarte vom Typ Visa, MasterCard, American Express und UnionPay vorlegen, auf der sein Vor- und Nachname vermerkt ist. Debitkarten werden nur f\u00fcr diese Fahrzeugkategorien [...]Weiterlesen\u00a0\u2026","og_url":"https:\/\/www.noleggiare.it\/it\/informazioni-sui-depositi-cauzionali\/","og_site_name":"Noleggiare.it","article_modified_time":"2024-04-16T07:50:10+00:00","twitter_card":"summary_large_image","twitter_misc":{"Gesch\u00e4tzte Lesezeit":"3\u00a0Minuten"},"schema":{"@context":"https:\/\/schema.org","@graph":[{"@type":"WebSite","@id":"https:\/\/www.noleggiare.it\/it\/#website","url":"https:\/\/www.noleggiare.it\/it\/","name":"Noleggiare.it","description":"Happy rent!","potentialAction":[{"@type":"SearchAction","target":{"@type":"EntryPoint","urlTemplate":"https:\/\/www.noleggiare.it\/it\/?s={search_term_string}"},"query-input":"required name=search_term_string"}],"inLanguage":"de"},{"@type":"WebPage","@id":"https:\/\/www.noleggiare.it\/it\/informazioni-sui-depositi-cauzionali\/#webpage","url":"https:\/\/www.noleggiare.it\/it\/informazioni-sui-depositi-cauzionali\/","name":"Informationen \u00fcber die Kautionsdepots - Noleggiare.it","isPartOf":{"@id":"https:\/\/www.noleggiare.it\/it\/#website"},"datePublished":"2019-10-24T15:27:20+00:00","dateModified":"2024-04-16T07:50:10+00:00","breadcrumb":{"@id":"https:\/\/www.noleggiare.it\/it\/informazioni-sui-depositi-cauzionali\/#breadcrumb"},"inLanguage":"de","potentialAction":[{"@type":"ReadAction","target":["https:\/\/www.noleggiare.it\/it\/informazioni-sui-depositi-cauzionali\/"]}]},{"@type":"BreadcrumbList","@id":"https:\/\/www.noleggiare.it\/it\/informazioni-sui-depositi-cauzionali\/#breadcrumb","itemListElement":[{"@type":"ListItem","position":1,"name":"Informationen \u00fcber die Kautionsdepots"}]}]}},"wps_subtitle":"","_links":{"self":[{"href":"https:\/\/www.noleggiare.it\/de\/wp-json\/wp\/v2\/pages\/27280"}],"collection":[{"href":"https:\/\/www.noleggiare.it\/de\/wp-json\/wp\/v2\/pages"}],"about":[{"href":"https:\/\/www.noleggiare.it\/de\/wp-json\/wp\/v2\/types\/page"}],"author":[{"embeddable":true,"href":"https:\/\/www.noleggiare.it\/de\/wp-json\/wp\/v2\/users\/1"}],"replies":[{"embeddable":true,"href":"https:\/\/www.noleggiare.it\/de\/wp-json\/wp\/v2\/comments?post=27280"}],"version-history":[{"count":52,"href":"https:\/\/www.noleggiare.it\/de\/wp-json\/wp\/v2\/pages\/27280\/revisions"}],"predecessor-version":[{"id":233130,"href":"https:\/\/www.noleggiare.it\/de\/wp-json\/wp\/v2\/pages\/27280\/revisions\/233130"}],"wp:attachment":[{"href":"https:\/\/www.noleggiare.it\/de\/wp-json\/wp\/v2\/media?parent=27280"}],"curies":[{"name":"wp","href":"https:\/\/api.w.org\/{rel}","templated":true}]}}