{"id":183873,"date":"2023-07-19T14:58:16","date_gmt":"2023-07-19T12:58:16","guid":{"rendered":"https:\/\/www.noleggiare.it\/noleggiare-%e2%9d%a4%ef%b8%8f-planet-fuego\/"},"modified":"2025-03-05T15:53:08","modified_gmt":"2025-03-05T14:53:08","slug":"noleggiare-loves-planet-fuego","status":"publish","type":"page","link":"https:\/\/www.noleggiare.it\/es\/noleggiare-loves-planet-fuego\/","title":{"rendered":"Noleggiare \u2764\ufe0f Planet- fuego"},"content":{"rendered":"\t\t<div data-elementor-type=\"wp-post\" data-elementor-id=\"183873\" data-post-id=\"183873\" data-obj-id=\"183873\" class=\"elementor elementor-183873 dce-elementor-post-183873 elementor-170271\" data-elementor-settings=\"[]\">\n\t\t\t\t\t\t<div class=\"elementor-inner\">\n\t\t\t\t\t\t\t<div class=\"elementor-section-wrap\">\n\t\t\t\t\t\t\t<section class=\"elementor-section elementor-top-section elementor-element elementor-element-5ad5ad2 elementor-section-boxed elementor-section-height-default elementor-section-height-default\" data-id=\"5ad5ad2\" data-element_type=\"section\">\n\t\t\t\t\t\t<div class=\"elementor-container elementor-column-gap-default\">\n\t\t\t\t\t\t\t<div class=\"elementor-row\">\n\t\t\t\t\t<div class=\"elementor-column elementor-col-100 elementor-top-column elementor-element elementor-element-0ce9619\" data-id=\"0ce9619\" data-element_type=\"column\">\n\t\t\t<div class=\"elementor-column-wrap elementor-element-populated\">\n\t\t\t\t\t\t\t<div class=\"elementor-widget-wrap\">\n\t\t\t\t\t\t<div class=\"elementor-element elementor-element-c7add2b elementor-widget elementor-widget-text-editor\" data-id=\"c7add2b\" data-element_type=\"widget\" data-widget_type=\"text-editor.default\">\n\t\t\t\t<div class=\"elementor-widget-container\">\n\t\t\t\t\t\t\t\t<div class=\"elementor-text-editor elementor-clearfix\">\n\t\t\t\t\t<h4 style=\"text-align: center;\"><strong>Una llama de esperanza, para un futuro m\u00e1s brillante<\/strong><\/h4>\t\t\t\t\t<\/div>\n\t\t\t\t\t\t<\/div>\n\t\t\t\t<\/div>\n\t\t\t\t<div class=\"elementor-element elementor-element-3e24e46 dce_masking-none elementor-widget elementor-widget-image\" data-id=\"3e24e46\" data-element_type=\"widget\" data-widget_type=\"image.default\">\n\t\t\t\t<div class=\"elementor-widget-container\">\n\t\t\t\t\t\t\t\t<div class=\"elementor-image\">\n\t\t\t\t\t\t\t\t\t\t\t\t<img width=\"640\" height=\"320\" src=\"https:\/\/www.noleggiare.it\/wp-content\/uploads\/2023\/06\/LEAD-FUOCO-1024x512.jpg\" class=\"attachment-large size-large\" alt=\"\" loading=\"lazy\" srcset=\"https:\/\/www.noleggiare.it\/wp-content\/uploads\/2023\/06\/LEAD-FUOCO-1024x512.jpg 1024w, https:\/\/www.noleggiare.it\/wp-content\/uploads\/2023\/06\/LEAD-FUOCO-300x150.jpg 300w, https:\/\/www.noleggiare.it\/wp-content\/uploads\/2023\/06\/LEAD-FUOCO-768x384.jpg 768w, https:\/\/www.noleggiare.it\/wp-content\/uploads\/2023\/06\/LEAD-FUOCO.jpg 1536w\" sizes=\"(max-width: 640px) 100vw, 640px\" \/>\t\t\t\t\t\t\t\t\t\t\t\t\t\t<\/div>\n\t\t\t\t\t\t<\/div>\n\t\t\t\t<\/div>\n\t\t\t\t\t\t<\/div>\n\t\t\t\t\t<\/div>\n\t\t<\/div>\n\t\t\t\t\t\t\t\t<\/div>\n\t\t\t\t\t<\/div>\n\t\t<\/section>\n\t\t\t\t<section class=\"elementor-section elementor-top-section elementor-element elementor-element-829a04c elementor-section-boxed elementor-section-height-default elementor-section-height-default\" data-id=\"829a04c\" data-element_type=\"section\">\n\t\t\t\t\t\t<div class=\"elementor-container elementor-column-gap-default\">\n\t\t\t\t\t\t\t<div class=\"elementor-row\">\n\t\t\t\t\t<div class=\"elementor-column elementor-col-100 elementor-top-column elementor-element elementor-element-1126d55\" data-id=\"1126d55\" data-element_type=\"column\">\n\t\t\t<div class=\"elementor-column-wrap elementor-element-populated\">\n\t\t\t\t\t\t\t<div class=\"elementor-widget-wrap\">\n\t\t\t\t\t\t<div class=\"elementor-element elementor-element-e0472fc elementor-widget elementor-widget-text-editor\" data-id=\"e0472fc\" data-element_type=\"widget\" data-widget_type=\"text-editor.default\">\n\t\t\t\t<div class=\"elementor-widget-container\">\n\t\t\t\t\t\t\t\t<div class=\"elementor-text-editor elementor-clearfix\">\n\t\t\t\t\t<p><span style=\"font-weight: 400;\">Estamos rodeados de infinitas posibilidades de marcar la diferencia. Desde la audaz decisi\u00f3n de adoptar fuentes de energ\u00eda renovables, como la energ\u00eda solar, hasta el compromiso con la prevenci\u00f3n de incendios para proteger el coraz\u00f3n verde de nuestro planeta.<\/span><\/p><p><span style=\"font-weight: 400;\">\u00bfQu\u00e9 chispa brilla en tu interior? Comparte tus ideas con nosotros \ud83d\udd25<\/span><\/p>\t\t\t\t\t<\/div>\n\t\t\t\t\t\t<\/div>\n\t\t\t\t<\/div>\n\t\t\t\t<div class=\"elementor-element elementor-element-37cb7d5 elementor-widget elementor-widget-text-editor\" data-id=\"37cb7d5\" data-element_type=\"widget\" data-widget_type=\"text-editor.default\">\n\t\t\t\t<div class=\"elementor-widget-container\">\n\t\t\t\t\t\t\t\t<div class=\"elementor-text-editor elementor-clearfix\">\n\t\t\t\t\t\t\t\t\t\t<\/div>\n\t\t\t\t\t\t<\/div>\n\t\t\t\t<\/div>\n\t\t\t\t<div class=\"elementor-element elementor-element-00d74d4 elementor-button-align-stretch elementor-widget elementor-widget-form\" data-id=\"00d74d4\" data-element_type=\"widget\" data-settings=\"{&quot;button_width&quot;:&quot;25&quot;,&quot;step_next_label&quot;:&quot;Siguiente&quot;,&quot;step_previous_label&quot;:&quot;Precedente&quot;,&quot;step_type&quot;:&quot;number_text&quot;,&quot;step_icon_shape&quot;:&quot;circle&quot;}\" data-widget_type=\"form.default\">\n\t\t\t\t<div class=\"elementor-widget-container\">\n\t\t\t\t\t<form class=\"elementor-form\" method=\"post\" name=\"form_crm_maratona_roma\">\n\t\t\t<input type=\"hidden\" name=\"post_id\" value=\"183873\"\/>\n\t\t\t<input type=\"hidden\" name=\"form_id\" value=\"00d74d4\"\/>\n\t\t\t<input type=\"hidden\" name=\"referer_title\" value=\"Noleggiare.it\" \/>\n\n\t\t\t\n\t\t\t<div class=\"elementor-form-fields-wrapper elementor-labels-above\">\n\t\t\t\t\t\t\t\t<div class=\"elementor-field-type-text elementor-field-group elementor-column elementor-field-group-first_name elementor-col-50 elementor-field-required elementor-mark-required\">\n\t\t\t\t\t<label for=\"form-field-first_name\" class=\"elementor-field-label\">Nombre<\/label><input size=\"1\" type=\"text\" name=\"form_fields[first_name]\" id=\"form-field-first_name\" class=\"elementor-field elementor-size-sm  elementor-field-textual\" placeholder=\"Nombre\" required=\"required\" aria-required=\"true\">\t\t\t\t<\/div>\n\t\t\t\t\t\t\t\t<div class=\"elementor-field-type-text elementor-field-group elementor-column elementor-field-group-last_name elementor-col-50\">\n\t\t\t\t\t<label for=\"form-field-last_name\" class=\"elementor-field-label\">Apellidos<\/label><input size=\"1\" type=\"text\" name=\"form_fields[last_name]\" id=\"form-field-last_name\" class=\"elementor-field elementor-size-sm  elementor-field-textual\" placeholder=\"Apellidos\">\t\t\t\t<\/div>\n\t\t\t\t\t\t\t\t<div class=\"elementor-field-type-tel elementor-field-group elementor-column elementor-field-group-phone_mobile elementor-col-50\">\n\t\t\t\t\t<label for=\"form-field-phone_mobile\" class=\"elementor-field-label\">M\u00f3vil<\/label><input size=\"1\" type=\"tel\" name=\"form_fields[phone_mobile]\" id=\"form-field-phone_mobile\" class=\"elementor-field elementor-size-sm  elementor-field-textual\" placeholder=\"M\u00f3vil\" pattern=\"[0-9()#&amp;+*-=.]+\" title=\"Only numbers and phone characters (#, -, *, etc) are accepted.\">\t\t\t\t<\/div>\n\t\t\t\t\t\t\t\t<div class=\"elementor-field-type-email elementor-field-group elementor-column elementor-field-group-email1 elementor-col-50 elementor-field-required elementor-mark-required\">\n\t\t\t\t\t<label for=\"form-field-email1\" class=\"elementor-field-label\">Email<\/label><input size=\"1\" type=\"email\" name=\"form_fields[email1]\" id=\"form-field-email1\" class=\"elementor-field elementor-size-sm  elementor-field-textual\" placeholder=\"Email\" required=\"required\" aria-required=\"true\">\t\t\t\t<\/div>\n\t\t\t\t\t\t\t\t<div class=\"elementor-field-type-text elementor-field-group elementor-column elementor-field-group-primary_address_city elementor-col-100\">\n\t\t\t\t\t<label for=\"form-field-primary_address_city\" class=\"elementor-field-label\">Ciudad<\/label><input size=\"1\" type=\"text\" name=\"form_fields[primary_address_city]\" id=\"form-field-primary_address_city\" class=\"elementor-field elementor-size-sm  elementor-field-textual\" placeholder=\"Ciudad\">\t\t\t\t<\/div>\n\t\t\t\t\t\t\t\t<div class=\"elementor-field-type-textarea elementor-field-group elementor-column elementor-field-group-description elementor-col-100 elementor-field-required elementor-mark-required\">\n\t\t\t\t\t<label for=\"form-field-description\" class=\"elementor-field-label\">Mensaje<\/label><textarea class=\"elementor-field-textual elementor-field  elementor-size-sm\" name=\"form_fields[description]\" id=\"form-field-description\" rows=\"2\" placeholder=\"Escribe aqu\u00ed tus ideas\" required=\"required\" aria-required=\"true\"><\/textarea>\t\t\t\t<\/div>\n\t\t\t\t\t\t\t\t<div class=\"elementor-field-type-html elementor-field-group elementor-column elementor-field-group-accetto_condizioni_privacy_c elementor-col-100\">\n\t\t\t\t\t<div class=\"text-dark\">Al hacer clic en enviar declara haber le\u00eddo la <a href=\"https:\/\/www.noleggiare.it\/es\/privacidad-y-seguridad\/\">pol\u00edtica de privacidad<\/a> al respecto.\t\t\t\t<\/div>\n\t\t\t\t\t\t\t\t<div class=\"elementor-field-type-recaptcha elementor-field-group elementor-column elementor-field-group-d59014e elementor-col-100\">\n\t\t\t\t\t<div class=\"elementor-field\" id=\"form-field-d59014e\"><div class=\"elementor-g-recaptcha\" data-sitekey=\"6LeCHmUUAAAAANuMFO3sQbQe3kF1ZpU3Goe8HKdU\" data-type=\"v2_checkbox\" data-theme=\"light\" data-size=\"normal\"><\/div><\/div>\t\t\t\t<\/div>\n\t\t\t\t\t\t\t\t<div class=\"elementor-field-type-hidden elementor-field-group elementor-column elementor-field-group-campaign_id elementor-col-100\">\n\t\t\t\t\t<input size=\"1\" type=\"hidden\" name=\"form_fields[campaign_id]\" id=\"form-field-campaign_id\" class=\"elementor-field elementor-size-sm  elementor-field-textual\" value=\"2caaeabc-c69b-11e6-b0ca-02f4b90d6d5f\">\t\t\t\t<\/div>\n\t\t\t\t\t\t\t\t<div class=\"elementor-field-type-hidden elementor-field-group elementor-column elementor-field-group-assigned_user_id elementor-col-100\">\n\t\t\t\t\t<input size=\"1\" type=\"hidden\" name=\"form_fields[assigned_user_id]\" id=\"form-field-assigned_user_id\" class=\"elementor-field elementor-size-sm  elementor-field-textual\" value=\"b096d1fb-1607-cada-5080-640a07622926\">\t\t\t\t<\/div>\n\t\t\t\t\t\t\t\t<div class=\"elementor-field-type-hidden elementor-field-group elementor-column elementor-field-group-lead_source elementor-col-100\">\n\t\t\t\t\t<input size=\"1\" type=\"hidden\" name=\"form_fields[lead_source]\" id=\"form-field-lead_source\" class=\"elementor-field elementor-size-sm  elementor-field-textual\" value=\"Sito web\">\t\t\t\t<\/div>\n\t\t\t\t\t\t\t\t<div class=\"elementor-field-type-hidden elementor-field-group elementor-column elementor-field-group-titolo_campagna_c elementor-col-100\">\n\t\t\t\t\t<input size=\"1\" type=\"hidden\" name=\"form_fields[titolo_campagna_c]\" id=\"form-field-titolo_campagna_c\" class=\"elementor-field elementor-size-sm  elementor-field-textual\" value=\"Mapp_promo_Fuoco_sostenibilit\u00e0_ES\">\t\t\t\t<\/div>\n\t\t\t\t\t\t\t\t<div class=\"elementor-field-group elementor-column elementor-field-type-submit elementor-col-25 e-form__buttons\">\n\t\t\t\t\t<button type=\"submit\" class=\"elementor-button elementor-size-sm\">\n\t\t\t\t\t\t<span >\n\t\t\t\t\t\t\t\t\t\t\t\t\t\t\t<span class=\" elementor-button-icon\">\n\t\t\t\t\t\t\t\t\t\t\t\t\t\t\t\t\t\t\t\t\t\t\t\t\t\t<\/span>\n\t\t\t\t\t\t\t\t\t\t\t\t\t\t\t\t\t\t\t\t\t\t<span class=\"elementor-button-text\">Enviar<\/span>\n\t\t\t\t\t\t\t\t\t\t\t\t\t<\/span>\n\t\t\t\t\t<\/button>\n\t\t\t\t<\/div>\n\t\t\t<\/div>\n\t\t<\/form>\n\t\t\t\t<\/div>\n\t\t\t\t<\/div>\n\t\t\t\t<div class=\"elementor-element elementor-element-1b263d9 elementor-widget elementor-widget-spacer\" data-id=\"1b263d9\" data-element_type=\"widget\" data-widget_type=\"spacer.default\">\n\t\t\t\t<div class=\"elementor-widget-container\">\n\t\t\t\t\t<div class=\"elementor-spacer\">\n\t\t\t<div class=\"elementor-spacer-inner\"><\/div>\n\t\t<\/div>\n\t\t\t\t<\/div>\n\t\t\t\t<\/div>\n\t\t\t\t\t\t<\/div>\n\t\t\t\t\t<\/div>\n\t\t<\/div>\n\t\t\t\t\t\t\t\t<\/div>\n\t\t\t\t\t<\/div>\n\t\t<\/section>\n\t\t\t\t\t\t<\/div>\n\t\t\t\t\t\t<\/div>\n\t\t\t\t\t<\/div>\n\t\t","protected":false},"excerpt":{"rendered":"<p>Una llama de esperanza, para un futuro m\u00e1s brillante Estamos rodeados de infinitas posibilidades de marcar la diferencia. Desde la audaz decisi\u00f3n de adoptar fuentes de energ\u00eda renovables, como la energ\u00eda solar, hasta el compromiso con la prevenci\u00f3n de incendios para proteger el coraz\u00f3n verde de nuestro planeta. \u00bfQu\u00e9 chispa brilla en tu interior? Comparte [&#8230;]<\/p>\n<p><a class=\"btn btn-secondary understrap-read-more-link\" href=\"https:\/\/www.noleggiare.it\/es\/noleggiare-loves-planet-fuego\/\">Leer m\u00e1s&#8230;<\/a><\/p>\n","protected":false},"author":2511,"featured_media":0,"parent":0,"menu_order":0,"comment_status":"closed","ping_status":"closed","template":"","meta":[],"acf":[],"yoast_head":"<!-- This site is optimized with the Yoast SEO plugin v17.1 - https:\/\/yoast.com\/wordpress\/plugins\/seo\/ -->\n<title>Noleggiare \u2764\ufe0f Planet- fuego - Noleggiare.it<\/title>\n<meta name=\"description\" content=\"Un viaje hacia la sostenibilidad que mira al futuro. El fuego es un elemento que nos gu\u00eda en esta aventura. \u00a1Descubre m\u00e1s!\" \/>\n<meta name=\"robots\" content=\"noindex, follow\" \/>\n<meta property=\"og:locale\" content=\"es_ES\" \/>\n<meta property=\"og:type\" content=\"article\" \/>\n<meta property=\"og:title\" content=\"Noleggiare \u2764\ufe0f Planet- fuego - Noleggiare.it\" \/>\n<meta property=\"og:description\" content=\"Un viaje hacia la sostenibilidad que mira al futuro. El fuego es un elemento que nos gu\u00eda en esta aventura. \u00a1Descubre m\u00e1s!\" \/>\n<meta property=\"og:url\" content=\"https:\/\/www.noleggiare.it\/it\/fuoco-sostenibilita\/\" \/>\n<meta property=\"og:site_name\" content=\"Noleggiare.it\" \/>\n<meta property=\"article:modified_time\" content=\"2025-03-05T14:53:08+00:00\" \/>\n<meta property=\"og:image\" content=\"https:\/\/www.noleggiare.it\/wp-content\/uploads\/2023\/06\/LEAD-FUOCO-1024x512.jpg\" \/>\n<meta name=\"twitter:card\" content=\"summary_large_image\" \/>\n<meta name=\"twitter:label1\" content=\"Tiempo de lectura\" \/>\n\t<meta name=\"twitter:data1\" content=\"1 minuto\" \/>\n<script type=\"application\/ld+json\" class=\"yoast-schema-graph\">{\"@context\":\"https:\/\/schema.org\",\"@graph\":[{\"@type\":\"WebSite\",\"@id\":\"https:\/\/www.noleggiare.it\/it\/#website\",\"url\":\"https:\/\/www.noleggiare.it\/it\/\",\"name\":\"Noleggiare.it\",\"description\":\"Happy rent!\",\"potentialAction\":[{\"@type\":\"SearchAction\",\"target\":{\"@type\":\"EntryPoint\",\"urlTemplate\":\"https:\/\/www.noleggiare.it\/it\/?s={search_term_string}\"},\"query-input\":\"required name=search_term_string\"}],\"inLanguage\":\"es\"},{\"@type\":\"ImageObject\",\"@id\":\"https:\/\/www.noleggiare.it\/it\/fuoco-sostenibilita\/#primaryimage\",\"inLanguage\":\"es\",\"url\":\"https:\/\/www.noleggiare.it\/wp-content\/uploads\/2023\/06\/LEAD-FUOCO.jpg\",\"contentUrl\":\"https:\/\/www.noleggiare.it\/wp-content\/uploads\/2023\/06\/LEAD-FUOCO.jpg\",\"width\":1536,\"height\":768},{\"@type\":\"WebPage\",\"@id\":\"https:\/\/www.noleggiare.it\/it\/fuoco-sostenibilita\/#webpage\",\"url\":\"https:\/\/www.noleggiare.it\/it\/fuoco-sostenibilita\/\",\"name\":\"Noleggiare \\u2764\\ufe0f Planet- fuego - Noleggiare.it\",\"isPartOf\":{\"@id\":\"https:\/\/www.noleggiare.it\/it\/#website\"},\"primaryImageOfPage\":{\"@id\":\"https:\/\/www.noleggiare.it\/it\/fuoco-sostenibilita\/#primaryimage\"},\"datePublished\":\"2023-07-19T12:58:16+00:00\",\"dateModified\":\"2025-03-05T14:53:08+00:00\",\"description\":\"Un viaje hacia la sostenibilidad que mira al futuro. El fuego es un elemento que nos gu\\u00eda en esta aventura. \\u00a1Descubre m\\u00e1s!\",\"breadcrumb\":{\"@id\":\"https:\/\/www.noleggiare.it\/it\/fuoco-sostenibilita\/#breadcrumb\"},\"inLanguage\":\"es\",\"potentialAction\":[{\"@type\":\"ReadAction\",\"target\":[\"https:\/\/www.noleggiare.it\/it\/fuoco-sostenibilita\/\"]}]},{\"@type\":\"BreadcrumbList\",\"@id\":\"https:\/\/www.noleggiare.it\/it\/fuoco-sostenibilita\/#breadcrumb\",\"itemListElement\":[{\"@type\":\"ListItem\",\"position\":1,\"name\":\"Noleggiare \\u2764\\ufe0f Planet- fuego\"}]}]}<\/script>\n<!-- \/ Yoast SEO plugin. -->","yoast_head_json":{"title":"Noleggiare \u2764\ufe0f Planet- fuego - Noleggiare.it","description":"Un viaje hacia la sostenibilidad que mira al futuro. El fuego es un elemento que nos gu\u00eda en esta aventura. \u00a1Descubre m\u00e1s!","robots":{"index":"noindex","follow":"follow"},"og_locale":"es_ES","og_type":"article","og_title":"Noleggiare \u2764\ufe0f Planet- fuego - Noleggiare.it","og_description":"Un viaje hacia la sostenibilidad que mira al futuro. El fuego es un elemento que nos gu\u00eda en esta aventura. \u00a1Descubre m\u00e1s!","og_url":"https:\/\/www.noleggiare.it\/it\/fuoco-sostenibilita\/","og_site_name":"Noleggiare.it","article_modified_time":"2025-03-05T14:53:08+00:00","og_image":[{"url":"https:\/\/www.noleggiare.it\/wp-content\/uploads\/2023\/06\/LEAD-FUOCO-1024x512.jpg"}],"twitter_card":"summary_large_image","twitter_misc":{"Tiempo de lectura":"1 minuto"},"schema":{"@context":"https:\/\/schema.org","@graph":[{"@type":"WebSite","@id":"https:\/\/www.noleggiare.it\/it\/#website","url":"https:\/\/www.noleggiare.it\/it\/","name":"Noleggiare.it","description":"Happy rent!","potentialAction":[{"@type":"SearchAction","target":{"@type":"EntryPoint","urlTemplate":"https:\/\/www.noleggiare.it\/it\/?s={search_term_string}"},"query-input":"required name=search_term_string"}],"inLanguage":"es"},{"@type":"ImageObject","@id":"https:\/\/www.noleggiare.it\/it\/fuoco-sostenibilita\/#primaryimage","inLanguage":"es","url":"https:\/\/www.noleggiare.it\/wp-content\/uploads\/2023\/06\/LEAD-FUOCO.jpg","contentUrl":"https:\/\/www.noleggiare.it\/wp-content\/uploads\/2023\/06\/LEAD-FUOCO.jpg","width":1536,"height":768},{"@type":"WebPage","@id":"https:\/\/www.noleggiare.it\/it\/fuoco-sostenibilita\/#webpage","url":"https:\/\/www.noleggiare.it\/it\/fuoco-sostenibilita\/","name":"Noleggiare \u2764\ufe0f Planet- fuego - Noleggiare.it","isPartOf":{"@id":"https:\/\/www.noleggiare.it\/it\/#website"},"primaryImageOfPage":{"@id":"https:\/\/www.noleggiare.it\/it\/fuoco-sostenibilita\/#primaryimage"},"datePublished":"2023-07-19T12:58:16+00:00","dateModified":"2025-03-05T14:53:08+00:00","description":"Un viaje hacia la sostenibilidad que mira al futuro. El fuego es un elemento que nos gu\u00eda en esta aventura. \u00a1Descubre m\u00e1s!","breadcrumb":{"@id":"https:\/\/www.noleggiare.it\/it\/fuoco-sostenibilita\/#breadcrumb"},"inLanguage":"es","potentialAction":[{"@type":"ReadAction","target":["https:\/\/www.noleggiare.it\/it\/fuoco-sostenibilita\/"]}]},{"@type":"BreadcrumbList","@id":"https:\/\/www.noleggiare.it\/it\/fuoco-sostenibilita\/#breadcrumb","itemListElement":[{"@type":"ListItem","position":1,"name":"Noleggiare \u2764\ufe0f Planet- fuego"}]}]}},"wps_subtitle":"","_links":{"self":[{"href":"https:\/\/www.noleggiare.it\/es\/wp-json\/wp\/v2\/pages\/183873"}],"collection":[{"href":"https:\/\/www.noleggiare.it\/es\/wp-json\/wp\/v2\/pages"}],"about":[{"href":"https:\/\/www.noleggiare.it\/es\/wp-json\/wp\/v2\/types\/page"}],"author":[{"embeddable":true,"href":"https:\/\/www.noleggiare.it\/es\/wp-json\/wp\/v2\/users\/2511"}],"replies":[{"embeddable":true,"href":"https:\/\/www.noleggiare.it\/es\/wp-json\/wp\/v2\/comments?post=183873"}],"version-history":[{"count":20,"href":"https:\/\/www.noleggiare.it\/es\/wp-json\/wp\/v2\/pages\/183873\/revisions"}],"predecessor-version":[{"id":296942,"href":"https:\/\/www.noleggiare.it\/es\/wp-json\/wp\/v2\/pages\/183873\/revisions\/296942"}],"wp:attachment":[{"href":"https:\/\/www.noleggiare.it\/es\/wp-json\/wp\/v2\/media?parent=183873"}],"curies":[{"name":"wp","href":"https:\/\/api.w.org\/{rel}","templated":true}]}}