{"id":35542,"date":"2020-03-26T14:28:48","date_gmt":"2020-03-26T13:28:48","guid":{"rendered":"https:\/\/www.noleggiare.it\/?page_id=35542"},"modified":"2025-11-07T12:50:11","modified_gmt":"2025-11-07T11:50:11","slug":"franquicias","status":"publish","type":"page","link":"https:\/\/www.noleggiare.it\/es\/franquicias\/","title":{"rendered":"Franquicias"},"content":{"rendered":"\t\t<div data-elementor-type=\"wp-post\" data-elementor-id=\"35542\" data-post-id=\"35542\" data-obj-id=\"35542\" class=\"elementor elementor-35542 dce-elementor-post-35542 elementor-501\" data-elementor-settings=\"[]\">\n\t\t\t\t\t\t<div class=\"elementor-inner\">\n\t\t\t\t\t\t\t<div class=\"elementor-section-wrap\">\n\t\t\t\t\t\t\t<section class=\"elementor-section elementor-top-section elementor-element elementor-element-b5276d2 elementor-section-boxed elementor-section-height-default elementor-section-height-default\" data-id=\"b5276d2\" data-element_type=\"section\">\n\t\t\t\t\t\t<div class=\"elementor-container elementor-column-gap-no\">\n\t\t\t\t\t\t\t<div class=\"elementor-row\">\n\t\t\t\t\t<div class=\"elementor-column elementor-col-100 elementor-top-column elementor-element elementor-element-1a8263d\" data-id=\"1a8263d\" data-element_type=\"column\">\n\t\t\t<div class=\"elementor-column-wrap elementor-element-populated\">\n\t\t\t\t\t\t\t<div class=\"elementor-widget-wrap\">\n\t\t\t\t\t\t<div class=\"elementor-element elementor-element-2227357 elementor-widget elementor-widget-spacer\" data-id=\"2227357\" data-element_type=\"widget\" data-widget_type=\"spacer.default\">\n\t\t\t\t<div class=\"elementor-widget-container\">\n\t\t\t\t\t<div class=\"elementor-spacer\">\n\t\t\t<div class=\"elementor-spacer-inner\"><\/div>\n\t\t<\/div>\n\t\t\t\t<\/div>\n\t\t\t\t<\/div>\n\t\t\t\t<div class=\"elementor-element elementor-element-fac84f5 elementor-widget elementor-widget-heading\" data-id=\"fac84f5\" data-element_type=\"widget\" data-widget_type=\"heading.default\">\n\t\t\t\t<div class=\"elementor-widget-container\">\n\t\t\t<h1 class=\"elementor-heading-title elementor-size-default\">Franquicias<\/h1>\t\t<\/div>\n\t\t\t\t<\/div>\n\t\t\t\t<div class=\"elementor-element elementor-element-34d301d elementor-hidden-phone elementor-widget elementor-widget-spacer\" data-id=\"34d301d\" data-element_type=\"widget\" data-widget_type=\"spacer.default\">\n\t\t\t\t<div class=\"elementor-widget-container\">\n\t\t\t\t\t<div class=\"elementor-spacer\">\n\t\t\t<div class=\"elementor-spacer-inner\"><\/div>\n\t\t<\/div>\n\t\t\t\t<\/div>\n\t\t\t\t<\/div>\n\t\t\t\t\t\t<\/div>\n\t\t\t\t\t<\/div>\n\t\t<\/div>\n\t\t\t\t\t\t\t\t<\/div>\n\t\t\t\t\t<\/div>\n\t\t<\/section>\n\t\t\t\t<section class=\"elementor-section elementor-top-section elementor-element elementor-element-8fc51d7 elementor-section-boxed elementor-section-height-default elementor-section-height-default\" data-id=\"8fc51d7\" data-element_type=\"section\">\n\t\t\t\t\t\t<div class=\"elementor-container elementor-column-gap-default\">\n\t\t\t\t\t\t\t<div class=\"elementor-row\">\n\t\t\t\t\t<div class=\"elementor-column elementor-col-100 elementor-top-column elementor-element elementor-element-9307cd9\" data-id=\"9307cd9\" data-element_type=\"column\">\n\t\t\t<div class=\"elementor-column-wrap elementor-element-populated\">\n\t\t\t\t\t\t\t<div class=\"elementor-widget-wrap\">\n\t\t\t\t\t\t<div class=\"elementor-element elementor-element-bff9d6d elementor-widget elementor-widget-html\" data-id=\"bff9d6d\" data-element_type=\"widget\" data-widget_type=\"html.default\">\n\t\t\t\t<div class=\"elementor-widget-container\">\n\t\t\t<table class=\"table\">\n\t<tbody>\n\t\t<tr>\n\t\t<th>Grupo de veh\u00edculos (COCHE)<\/th>\n\t\t<th style=\"text-align:center;\">Descripci\u00f3n<\/th>\n\t\t<th style=\"text-align:center;\">CDW <br>(franquicia por da\u00f1os)*<\/th>\n\t\t<th style=\"text-align:center;\">TLW <br>(franquicia por robo)<\/th>\n\t<\/tr>\n\n\t\t<tr>\n\t\t\t<td>A<\/td>\n\t\t\t<td style=\"text-align:center;\">Citroen C1, Toyota Aygo <i>or smiliar<\/i><\/td>\n\t\t\t<td style=\"text-align:center;\">hasta \u20ac 1.400,00<\/td>\n\t\t\t<td style=\"text-align:center;\">hasta \u20ac 1.600,00<\/td>\n\t\t<\/tr>\n\n\t\t<tr>\n\t\t\t<td>B<\/td>\n\t\t\t<td style=\"text-align:center;\">Fiat Panda, Mahindra KUV100 <i>or smiliar<\/i><\/td>\n\t\t\t<td style=\"text-align:center;\">hasta \u20ac 1.400,00<\/td>\n\t\t\t<td style=\"text-align:center;\">hasta \u20ac 1.600,00<\/td>\n\t\t<\/tr>\n\n\t\t<tr>\n\t\t\t<td>C<\/td>\n\t\t\t<td style=\"text-align:center;\">Ford Fiesta, Peugeot 208<i>or smiliar<\/i><\/td>\n\t\t\t<td style=\"text-align:center;\">hasta \u20ac 1.500,00<\/td>\n\t\t\t<td style=\"text-align:center;\">hasta \u20ac 1.800,00<\/td>\n\t\t<\/tr>\n\n\t\t<tr>\n\t\t\t<td>D<\/td>\n\t\t\t<td style=\"text-align:center;\">Ford Focus, Renault Captur<i>or smiliar<\/i><\/td>\n\t\t\t<td style=\"text-align:center;\">hasta \u20ac 1.800,00<\/td>\n\t\t\t<td style=\"text-align:center;\">hasta \u20ac 2.000,00<\/td>\n\t\t<\/tr>\n\n\t\t<tr>\n\t\t\t<td>E<\/td>\n\t\t\t<td style=\"text-align:center;\">Fiat 500 Cabrio <i>or smiliar<\/i><\/td>\n\t\t\t<td style=\"text-align:center;\">hasta \u20ac 1.500,00<\/td>\n\t\t\t<td style=\"text-align:center;\">hasta \u20ac 1.800,00<\/td>\n\t\t<\/tr>\n\n\t\t<tr>\n\t\t\t<td>F<\/td>\n\t\t\t<td style=\"text-align:center;\">Ford Galaxy, Renault Grand Scenic<i>or similar<\/i><\/td>\n\t\t\t<td style=\"text-align:center;\">hasta \u20ac 2.600,00<\/td>\n\t\t\t<td style=\"text-align:center;\">hasta \u20ac 2.800,00<\/td>\n\t\t<\/tr>\n\n\t\t<tr>\n\t\t\t<td>I<\/td>\n\t\t\t<td style=\"text-align:center;\">BMW Serie 1, BMW Serie 2<i>or smiliar<\/i><\/td>\n\t\t\t<td style=\"text-align:center;\">hasta \u20ac 2.400,00<\/td>\n\t\t\t<td style=\"text-align:center;\">hasta \u20ac 2.600,00<\/td>\n\t\t<\/tr>\n\n\t\t<tr>\n\t\t\t<td>J<\/td>\n\t\t\t<td style=\"text-align:center;\">Ford Kuga, Peugeot 3008<i>or smiliar<\/i><\/td>\n\t\t\t<td style=\"text-align:center;\">hasta \u20ac 2.200,00<\/td>\n\t\t\t<td style=\"text-align:center;\">hasta \u20ac 2.400,00<\/td>\n\t\t<\/tr>\n\n\t\t<tr>\n\t\t\t<td>L<\/td>\n\t\t\t<td style=\"text-align:center;\">Mercedes Classe C SW, Ford Mondeo SW <i>or smiliar<\/i><\/td>\n\t\t\t<td style=\"text-align:center;\">hasta \u20ac 2.400,00<\/td>\n\t\t\t<td style=\"text-align:center;\">hasta \u20ac 2.600,00<\/td>\n\t\t<\/tr>\n\n\t\t<tr>\n\t\t\t<td>M<\/td>\n\t\t\t<td style=\"text-align:center;\">Ford Tourneo, Citroen Spacetourer 9 Pax <i>or smiliar<\/i><\/td>\n\t\t\t<td style=\"text-align:center;\">hasta \u20ac 2.600,00<\/td>\n\t\t\t<td style=\"text-align:center;\">hasta \u20ac 2.800,00<\/td>\n\t\t<\/tr>\n\n\t\t<tr>\n\t\t\t<td>N<\/td>\n\t\t\t<td style=\"text-align:center;\">Alfa Romeo Giulia <i>or smiliar<\/i><\/td>\n\t\t\t<td style=\"text-align:center;\">hasta \u20ac 2.600,00<\/td>\n\t\t\t<td style=\"text-align:center;\">hasta \u20ac 2.800,00<\/td>\n\t\t<\/tr>\n\n\t\t<tr>\n\t\t\t<td>O<\/td>\n\t\t\t<td style=\"text-align:center;\">Cadillac XT4, Mercedes GLA <i>or smiliar<\/i><\/td>\n\t\t\t<td style=\"text-align:center;\">hasta \u20ac 2.800,00<\/td>\n\t\t\t<td style=\"text-align:center;\">hasta \u20ac 3.000,00<\/td>\n\t\t<\/tr>\n\n\t\t<tr>\n\t\t\t<td>P<\/td>\n\t\t\t<td style=\"text-align:center;\">Maserati Ghibli <i>or smiliar<\/i><\/td>\n\t\t\t<td style=\"text-align:center;\">hasta \u20ac 3.000,00<\/td>\n\t\t\t<td style=\"text-align:center;\">hasta \u20ac 3.500,00<\/td>\n\t\t<\/tr>\n\n\t\t<tr>\n\t\t\t<td>S<\/td>\n\t\t\t<td style=\"text-align:center;\">Ford Focus SW, Peugeot 308 SW<i>or smiliar<\/i><\/td>\n\t\t\t<td style=\"text-align:center;\">hasta \u20ac 2.200,00<\/td>\n\t\t\t<td style=\"text-align:center;\">hasta \u20ac 2.400,00<\/td>\n\t\t<\/tr>\n\n\t\t<tr>\n\t\t\t<td>V<\/td>\n\t\t\t<td style=\"text-align:center;\">Piaggio Vespa 125cc, 300cc<i> or smiliar<\/i><\/td>\n\t\t\t<td style=\"text-align:center;\">hasta \u20ac 250,00<\/td>\n\t\t\t<td style=\"text-align:center;\">hasta \u20ac 250,00<\/td>\n\t\t<\/tr>\n\t<\/tbody>\n<\/table>\t\t<\/div>\n\t\t\t\t<\/div>\n\t\t\t\t<div class=\"elementor-element elementor-element-c4836c3 elementor-widget elementor-widget-text-editor\" data-id=\"c4836c3\" data-element_type=\"widget\" data-widget_type=\"text-editor.default\">\n\t\t\t\t<div class=\"elementor-widget-container\">\n\t\t\t\t\t\t\t\t<div class=\"elementor-text-editor elementor-clearfix\">\n\t\t\t\t\t<p><strong>*En el caso de alquileres mensuales o de varios meses, la responsabilidad financiera por da\u00f1os se aplicar\u00e1 por cada incidente individual. Para obtener m\u00e1s informaci\u00f3n, consulte la p\u00e1gina \u00ab<a href=\"https:\/\/www.noleggiare.it\/es\/gestion-de-los-danos\/\">Gesti\u00f3n de da\u00f1os<\/a>\u00bb.<\/strong><\/p>\t\t\t\t\t<\/div>\n\t\t\t\t\t\t<\/div>\n\t\t\t\t<\/div>\n\t\t\t\t<div class=\"elementor-element elementor-element-6427a2e elementor-widget elementor-widget-spacer\" data-id=\"6427a2e\" data-element_type=\"widget\" data-widget_type=\"spacer.default\">\n\t\t\t\t<div class=\"elementor-widget-container\">\n\t\t\t\t\t<div class=\"elementor-spacer\">\n\t\t\t<div class=\"elementor-spacer-inner\"><\/div>\n\t\t<\/div>\n\t\t\t\t<\/div>\n\t\t\t\t<\/div>\n\t\t\t\t<div class=\"elementor-element elementor-element-e093c53 elementor-widget elementor-widget-html\" data-id=\"e093c53\" data-element_type=\"widget\" data-widget_type=\"html.default\">\n\t\t\t\t<div class=\"elementor-widget-container\">\n\t\t\t<table class=\"table\">\n\t<tbody>\n\t\t<tr>\n\t\t<th>Grupo de veh\u00edculos (FURGONETA)<\/th>\n\t\t<th style=\"text-align:center;\">Descripci\u00f3n<\/th>\n\t\t<th style=\"text-align:center;\">CDW <br>(franquicia por da\u00f1os por evento \u00fanico)<\/th>\n\t\t<th style=\"text-align:center;\">TLW <br>(franquicia por robo)<\/th>\n\t<\/tr>\n\n\t\t<tr>\n\t\t\t<td>Z0<\/td>\n\t\t\t<td style=\"text-align:center;\">Van Cargo<\/td>\n\t\t\t<td style=\"text-align:center;\">hasta \u20ac 2.000,00<\/td>\n\t\t\t<td style=\"text-align:center;\">hasta \u20ac 2.000,00<\/td>\n\t\t<\/tr>\n\n\t\t<tr>\n\t\t\t<td>Z1<\/td>\n\t\t\t<td style=\"text-align:center;\">Van Cargo<\/td>\n\t\t\t<td style=\"text-align:center;\">hasta \u20ac 2.000,00<\/td>\n\t\t\t<td style=\"text-align:center;\">hasta \u20ac 2.000,00<\/td>\n\t\t<\/tr>\n\n\t\t<tr>\n\t\t\t<td>Z1A<\/td>\n\t\t\t<td style=\"text-align:center;\">Van Cargo XL\n\t\t\t<td style=\"text-align:center;\">hasta \u20ac 2.000,00<\/td>\n\t\t\t<td style=\"text-align:center;\">hasta \u20ac 2.000,00<\/td>\n\t\t<\/tr>\n\t\t<tr>\n        \t<td>Z2<\/td>\n\t\t\t<td style=\"text-align:center;\">Cargo\n\t\t\t<td style=\"text-align:center;\">hasta \u20ac 2.000,00<\/td>\n\t\t\t<td style=\"text-align:center;\">hasta \u20ac 2.000,00<\/td>\n\t\t<\/tr>\n\t\t<tr>\n            <td>Z2+<\/td>\n\t\t\t<td style=\"text-align:center;\">Cargo full electric\n\t\t\t<td style=\"text-align:center;\">hasta \u20ac 3.500,00<\/td>\n\t\t\t<td style=\"text-align:center;\">hasta \u20ac 3.500,00<\/td>\n\t\t<\/tr>\n\n\t\t<tr>\n\t\t\t<td>Z2TF<\/td>\n\t\t\t<td style=\"text-align:center;\">Cargo Frigo\n\t\t\t<td style=\"text-align:center;\">hasta \u20ac 3.500,00<\/td>\n\t\t\t<td style=\"text-align:center;\">hasta \u20ac 3.500,00<\/td>\n\t\t<\/tr>\n\n\t\t<tr>\n\t\t\t<td>Z2A<\/td>\n\t\t\t<td style=\"text-align:center;\">Passo corto\n\t\t\t<td style=\"text-align:center;\">hasta \u20ac 2.000,00<\/td>\n\t\t\t<td style=\"text-align:center;\">hasta \u20ac 2.000,00<\/td>\n\t\t<\/tr>\n\n\t\t<tr>\n\t\t\t<td>Z3<\/td>\n\t\t\t<td style=\"text-align:center;\">Passo medio<\/td>\n\t\t\t<td style=\"text-align:center;\">hasta \u20ac 2.500,00<\/td>\n\t\t\t<td style=\"text-align:center;\">hasta \u20ac 2.500,00<\/td>\n\t\t<\/tr>\n\n\t\t<tr>\n\t\t\t<td>Z3+<\/td>\n\t\t\t<td style=\"text-align:center;\">Passo Medio full electric<\/td>\n\t\t\t<td style=\"text-align:center;\">hasta \u20ac 3.800,00<\/td>\n\t\t\t<td style=\"text-align:center;\">hasta \u20ac 3.800,00<\/td>\n\t\t<\/tr>\n\t\t\n\t\t<tr>\n\t\t\t<td>Z3A<\/td>\n\t\t\t<td style=\"text-align:center;\">Passo lungo<\/td>\n\t\t\t<td style=\"text-align:center;\">hasta \u20ac 2.500,00<\/td>\n\t\t\t<td style=\"text-align:center;\">hasta \u20ac 2.500,00<\/td>\n\t\t<\/tr>\n\n\t\t<tr>\n\t\t\t<td>Z3TF<\/td>\n\t\t\t<td style=\"text-align:center;\">Passo medio frigo<\/td>\n\t\t\t<td style=\"text-align:center;\">hasta \u20ac 3.800,00<\/td>\n\t\t\t<td style=\"text-align:center;\">hasta \u20ac 3.800,00<\/td>\n\t\t<\/tr>\t\n\t\t\n\t\t<tr>\n\t\t\t<td>Z4CR<\/td>\n\t\t\t<td style=\"text-align:center;\">Autocarro<\/td>\n\t\t\t<td style=\"text-align:center;\">hasta \u20ac 3.800,00<\/td>\n\t\t\t<td style=\"text-align:center;\">hasta \u20ac 3.800,00<\/td>\n\t\t<\/tr>\t\n\t\t\n\t\t<tr>\n\t\t\t<td>Z4C7<\/td>\n\t\t\t<td style=\"text-align:center;\">Autocarro 7 posti<\/td>\n\t\t\t<td style=\"text-align:center;\">hasta \u20ac 3.800,00<\/td>\n\t\t\t<td style=\"text-align:center;\">hasta \u20ac 3.800,00<\/td>\n\t\t<\/tr>\t\n\t\t\n\t\t<tr>\n\t\t\t<td>Z4GV<\/td>\n\t\t\t<td style=\"text-align:center;\">Box 18\/20 m3<\/td>\n\t\t\t<td style=\"text-align:center;\">hasta \u20ac 3.800,00<\/td>\n\t\t\t<td style=\"text-align:center;\">hasta \u20ac 3.800,00<\/td>\n\t\t<\/tr>\t\n\t\t\n\t\t<tr>\n\t\t\t<td>Z4PS<\/td>\n\t\t\t<td style=\"text-align:center;\">Box 18\/20 m3 Pedana S.<\/td>\n\t\t\t<td style=\"text-align:center;\">hasta \u20ac 3.800,00<\/td>\n\t\t\t<td style=\"text-align:center;\">hasta \u20ac 3.800,00<\/td>\n\t\t<\/tr>\t\n\t\t\n\t<\/tbody>\n<\/table>\t\t<\/div>\n\t\t\t\t<\/div>\n\t\t\t\t\t\t<\/div>\n\t\t\t\t\t<\/div>\n\t\t<\/div>\n\t\t\t\t\t\t\t\t<\/div>\n\t\t\t\t\t<\/div>\n\t\t<\/section>\n\t\t\t\t<section class=\"elementor-section elementor-top-section elementor-element elementor-element-a820845 elementor-section-boxed elementor-section-height-default elementor-section-height-default\" data-id=\"a820845\" data-element_type=\"section\">\n\t\t\t\t\t\t<div class=\"elementor-container elementor-column-gap-default\">\n\t\t\t\t\t\t\t<div class=\"elementor-row\">\n\t\t\t\t\t<div class=\"elementor-column elementor-col-100 elementor-top-column elementor-element elementor-element-d209b7f\" data-id=\"d209b7f\" data-element_type=\"column\">\n\t\t\t<div class=\"elementor-column-wrap elementor-element-populated\">\n\t\t\t\t\t\t\t<div class=\"elementor-widget-wrap\">\n\t\t\t\t\t\t<div class=\"elementor-element elementor-element-94fb53d elementor-widget elementor-widget-text-editor\" data-id=\"94fb53d\" data-element_type=\"widget\" data-widget_type=\"text-editor.default\">\n\t\t\t\t<div class=\"elementor-widget-container\">\n\t\t\t\t\t\t\t\t<div class=\"elementor-text-editor elementor-clearfix\">\n\t\t\t\t\t<p>Noleggiare, sin embargo, le permite reducir o eliminar su responsabilidad por da\u00f1os o robo del veh\u00edculo mediante paquetes espec\u00edficos. Consulte nuestro\u00a0<a href=\"https:\/\/www.noleggiare.it\/wp-content\/uploads\/2023\/04\/tariffario_noleggiare.pdf\">Libro de Tarifas<\/a>\u00a0para obtener m\u00e1s informaci\u00f3n.<\/p><p>Puede comprar su paquete en l\u00ednea en nuestro sitio web\u00a0<a href=\"https:\/\/www.noleggiare.it\/es\/\">www.noleggiare.it\/es<\/a>, a trav\u00e9s de la\u00a0<a href=\"https:\/\/www.noleggiare.it\/es\/contactos\/\">Central de Reservas de Alquiler<\/a>\u00a0o directamente en\u00a0<a href=\"https:\/\/www.noleggiare.it\/es\/alquiler-coches-sedes\/\">nuestras estaciones<\/a>\u00a0de alquiler cuando recoja su veh\u00edculo.<\/p>\t\t\t\t\t<\/div>\n\t\t\t\t\t\t<\/div>\n\t\t\t\t<\/div>\n\t\t\t\t\t\t<\/div>\n\t\t\t\t\t<\/div>\n\t\t<\/div>\n\t\t\t\t\t\t\t\t<\/div>\n\t\t\t\t\t<\/div>\n\t\t<\/section>\n\t\t\t\t\t\t<\/div>\n\t\t\t\t\t\t<\/div>\n\t\t\t\t\t<\/div>\n\t\t","protected":false},"excerpt":{"rendered":"<p>Franquicias Grupo de veh\u00edculos (COCHE) Descripci\u00f3n CDW (franquicia por da\u00f1os)* TLW (franquicia por robo) A Citroen C1, Toyota Aygo or smiliar hasta \u20ac 1.400,00 hasta \u20ac 1.600,00 B Fiat Panda, Mahindra KUV100 or smiliar hasta \u20ac 1.400,00 hasta \u20ac 1.600,00 C Ford Fiesta, Peugeot 208or smiliar hasta \u20ac 1.500,00 hasta \u20ac 1.800,00 D Ford Focus, [&#8230;]<\/p>\n<p><a class=\"btn btn-secondary understrap-read-more-link\" href=\"https:\/\/www.noleggiare.it\/es\/franquicias\/\">Leer m\u00e1s&#8230;<\/a><\/p>\n","protected":false},"author":2511,"featured_media":0,"parent":0,"menu_order":0,"comment_status":"closed","ping_status":"closed","template":"elementor_header_footer","meta":[],"acf":[],"yoast_head":"<!-- This site is optimized with the Yoast SEO plugin v17.1 - https:\/\/yoast.com\/wordpress\/plugins\/seo\/ -->\n<title>Franquicias - Noleggiare.it<\/title>\n<meta name=\"robots\" content=\"index, follow, max-snippet:-1, max-image-preview:large, max-video-preview:-1\" \/>\n<link rel=\"canonical\" href=\"https:\/\/www.noleggiare.it\/es\/selbstbeteiligungen\/\" \/>\n<meta property=\"og:locale\" content=\"es_ES\" \/>\n<meta property=\"og:type\" content=\"article\" \/>\n<meta property=\"og:title\" content=\"Franquicias - Noleggiare.it\" \/>\n<meta property=\"og:description\" content=\"Franquicias Grupo de veh\u00edculos (COCHE) Descripci\u00f3n CDW (franquicia por da\u00f1os)* TLW (franquicia por robo) A Citroen C1, Toyota Aygo or smiliar hasta \u20ac 1.400,00 hasta \u20ac 1.600,00 B Fiat Panda, Mahindra KUV100 or smiliar hasta \u20ac 1.400,00 hasta \u20ac 1.600,00 C Ford Fiesta, Peugeot 208or smiliar hasta \u20ac 1.500,00 hasta \u20ac 1.800,00 D Ford Focus, [...]Leer m\u00e1s...\" \/>\n<meta property=\"og:url\" content=\"https:\/\/www.noleggiare.it\/de\/selbstbeteiligungen\/\" \/>\n<meta property=\"og:site_name\" content=\"Noleggiare.it\" \/>\n<meta property=\"article:modified_time\" content=\"2025-11-07T11:50:11+00:00\" \/>\n<meta name=\"twitter:card\" content=\"summary_large_image\" \/>\n<meta name=\"twitter:label1\" content=\"Tiempo de lectura\" \/>\n\t<meta name=\"twitter:data1\" content=\"3 minutos\" \/>\n<script type=\"application\/ld+json\" class=\"yoast-schema-graph\">{\"@context\":\"https:\/\/schema.org\",\"@graph\":[{\"@type\":\"WebSite\",\"@id\":\"https:\/\/www.noleggiare.it\/it\/#website\",\"url\":\"https:\/\/www.noleggiare.it\/it\/\",\"name\":\"Noleggiare.it\",\"description\":\"Happy rent!\",\"potentialAction\":[{\"@type\":\"SearchAction\",\"target\":{\"@type\":\"EntryPoint\",\"urlTemplate\":\"https:\/\/www.noleggiare.it\/it\/?s={search_term_string}\"},\"query-input\":\"required name=search_term_string\"}],\"inLanguage\":\"es\"},{\"@type\":\"WebPage\",\"@id\":\"https:\/\/www.noleggiare.it\/de\/selbstbeteiligungen\/#webpage\",\"url\":\"https:\/\/www.noleggiare.it\/de\/selbstbeteiligungen\/\",\"name\":\"Franquicias - Noleggiare.it\",\"isPartOf\":{\"@id\":\"https:\/\/www.noleggiare.it\/it\/#website\"},\"datePublished\":\"2020-03-26T13:28:48+00:00\",\"dateModified\":\"2025-11-07T11:50:11+00:00\",\"breadcrumb\":{\"@id\":\"https:\/\/www.noleggiare.it\/de\/selbstbeteiligungen\/#breadcrumb\"},\"inLanguage\":\"es\",\"potentialAction\":[{\"@type\":\"ReadAction\",\"target\":[\"https:\/\/www.noleggiare.it\/de\/selbstbeteiligungen\/\"]}]},{\"@type\":\"BreadcrumbList\",\"@id\":\"https:\/\/www.noleggiare.it\/de\/selbstbeteiligungen\/#breadcrumb\",\"itemListElement\":[{\"@type\":\"ListItem\",\"position\":1,\"name\":\"Franquicias\"}]}]}<\/script>\n<!-- \/ Yoast SEO plugin. -->","yoast_head_json":{"title":"Franquicias - Noleggiare.it","robots":{"index":"index","follow":"follow","max-snippet":"max-snippet:-1","max-image-preview":"max-image-preview:large","max-video-preview":"max-video-preview:-1"},"canonical":"https:\/\/www.noleggiare.it\/es\/selbstbeteiligungen\/","og_locale":"es_ES","og_type":"article","og_title":"Franquicias - Noleggiare.it","og_description":"Franquicias Grupo de veh\u00edculos (COCHE) Descripci\u00f3n CDW (franquicia por da\u00f1os)* TLW (franquicia por robo) A Citroen C1, Toyota Aygo or smiliar hasta \u20ac 1.400,00 hasta \u20ac 1.600,00 B Fiat Panda, Mahindra KUV100 or smiliar hasta \u20ac 1.400,00 hasta \u20ac 1.600,00 C Ford Fiesta, Peugeot 208or smiliar hasta \u20ac 1.500,00 hasta \u20ac 1.800,00 D Ford Focus, [...]Leer m\u00e1s...","og_url":"https:\/\/www.noleggiare.it\/de\/selbstbeteiligungen\/","og_site_name":"Noleggiare.it","article_modified_time":"2025-11-07T11:50:11+00:00","twitter_card":"summary_large_image","twitter_misc":{"Tiempo de lectura":"3 minutos"},"schema":{"@context":"https:\/\/schema.org","@graph":[{"@type":"WebSite","@id":"https:\/\/www.noleggiare.it\/it\/#website","url":"https:\/\/www.noleggiare.it\/it\/","name":"Noleggiare.it","description":"Happy rent!","potentialAction":[{"@type":"SearchAction","target":{"@type":"EntryPoint","urlTemplate":"https:\/\/www.noleggiare.it\/it\/?s={search_term_string}"},"query-input":"required name=search_term_string"}],"inLanguage":"es"},{"@type":"WebPage","@id":"https:\/\/www.noleggiare.it\/de\/selbstbeteiligungen\/#webpage","url":"https:\/\/www.noleggiare.it\/de\/selbstbeteiligungen\/","name":"Franquicias - Noleggiare.it","isPartOf":{"@id":"https:\/\/www.noleggiare.it\/it\/#website"},"datePublished":"2020-03-26T13:28:48+00:00","dateModified":"2025-11-07T11:50:11+00:00","breadcrumb":{"@id":"https:\/\/www.noleggiare.it\/de\/selbstbeteiligungen\/#breadcrumb"},"inLanguage":"es","potentialAction":[{"@type":"ReadAction","target":["https:\/\/www.noleggiare.it\/de\/selbstbeteiligungen\/"]}]},{"@type":"BreadcrumbList","@id":"https:\/\/www.noleggiare.it\/de\/selbstbeteiligungen\/#breadcrumb","itemListElement":[{"@type":"ListItem","position":1,"name":"Franquicias"}]}]}},"wps_subtitle":"","_links":{"self":[{"href":"https:\/\/www.noleggiare.it\/es\/wp-json\/wp\/v2\/pages\/35542"}],"collection":[{"href":"https:\/\/www.noleggiare.it\/es\/wp-json\/wp\/v2\/pages"}],"about":[{"href":"https:\/\/www.noleggiare.it\/es\/wp-json\/wp\/v2\/types\/page"}],"author":[{"embeddable":true,"href":"https:\/\/www.noleggiare.it\/es\/wp-json\/wp\/v2\/users\/2511"}],"replies":[{"embeddable":true,"href":"https:\/\/www.noleggiare.it\/es\/wp-json\/wp\/v2\/comments?post=35542"}],"version-history":[{"count":27,"href":"https:\/\/www.noleggiare.it\/es\/wp-json\/wp\/v2\/pages\/35542\/revisions"}],"predecessor-version":[{"id":345456,"href":"https:\/\/www.noleggiare.it\/es\/wp-json\/wp\/v2\/pages\/35542\/revisions\/345456"}],"wp:attachment":[{"href":"https:\/\/www.noleggiare.it\/es\/wp-json\/wp\/v2\/media?parent=35542"}],"curies":[{"name":"wp","href":"https:\/\/api.w.org\/{rel}","templated":true}]}}