{"id":28003,"date":"2019-11-11T12:14:21","date_gmt":"2019-11-11T11:14:21","guid":{"rendered":"https:\/\/www.noleggiare.it\/?page_id=28003"},"modified":"2024-04-16T09:49:32","modified_gmt":"2024-04-16T07:49:32","slug":"informations-sur-les-depots-de-garantie","status":"publish","type":"page","link":"https:\/\/www.noleggiare.it\/fr\/informations-sur-les-depots-de-garantie\/","title":{"rendered":"Informations sur les d\u00e9p\u00f4ts de garantie"},"content":{"rendered":"\t\t<div data-elementor-type=\"wp-post\" data-elementor-id=\"28003\" data-post-id=\"28003\" data-obj-id=\"28003\" class=\"elementor elementor-28003 dce-elementor-post-28003 elementor-494\" data-elementor-settings=\"[]\">\n\t\t\t\t\t\t<div class=\"elementor-inner\">\n\t\t\t\t\t\t\t<div class=\"elementor-section-wrap\">\n\t\t\t\t\t\t\t<section class=\"elementor-section elementor-top-section elementor-element elementor-element-e123c3d elementor-section-stretched elementor-section-boxed elementor-section-height-default elementor-section-height-default\" data-id=\"e123c3d\" data-element_type=\"section\" data-settings=\"{&quot;stretch_section&quot;:&quot;section-stretched&quot;}\">\n\t\t\t\t\t\t<div class=\"elementor-container elementor-column-gap-wider\">\n\t\t\t\t\t\t\t<div class=\"elementor-row\">\n\t\t\t\t\t<div class=\"elementor-column elementor-col-100 elementor-top-column elementor-element elementor-element-7ae51bc\" data-id=\"7ae51bc\" data-element_type=\"column\">\n\t\t\t<div class=\"elementor-column-wrap elementor-element-populated\">\n\t\t\t\t\t\t\t<div class=\"elementor-widget-wrap\">\n\t\t\t\t\t\t<div class=\"elementor-element elementor-element-5a6f309 elementor-widget elementor-widget-text-editor\" data-id=\"5a6f309\" data-element_type=\"widget\" data-widget_type=\"text-editor.default\">\n\t\t\t\t<div class=\"elementor-widget-container\">\n\t\t\t\t\t\t\t\t<div class=\"elementor-text-editor elementor-clearfix\">\n\t\t\t\t\t<p><strong>Informations sur les d\u00e9p\u00f4ts de garantie<\/strong><\/p>\t\t\t\t\t<\/div>\n\t\t\t\t\t\t<\/div>\n\t\t\t\t<\/div>\n\t\t\t\t<div class=\"elementor-element elementor-element-9280038 elementor-widget elementor-widget-text-editor\" data-id=\"9280038\" data-element_type=\"widget\" data-widget_type=\"text-editor.default\">\n\t\t\t\t<div class=\"elementor-widget-container\">\n\t\t\t\t\t\t\t\t<div class=\"elementor-text-editor elementor-clearfix\">\n\t\t\t\t\t<h5><strong>Quelles cartes sont accept\u00e9es comme garantie de la location\u00a0?<\/strong><\/h5><p>Au moment de la location, le titulaire de la r\u00e9servation doit \u00eatre pr\u00e9sent \u00e0 l&rsquo;agence et pr\u00e9senter une carte de cr\u00e9dit ou de d\u00e9bit appartenant aux circuits Visa, MasterCard, American Express et UnionPay, portant le pr\u00e9nom et le nom du titulaire.<\/p><p><strong>Les cartes de d\u00e9bit sont accept\u00e9es pour les cat\u00e9gories de v\u00e9hicule A, B, C, D, E, Z.<\/strong> Pour certains groupes particuliers de v\u00e9hicules sp\u00e9ciaux, il est possible que deux cartes de cr\u00e9dit financi\u00e8res soient requises comme garantie. Pour en savoir plus, consultez la page d\u00e9di\u00e9e de notre site Internet. Aucune carte pr\u00e9pay\u00e9e, de quelque type que ce soit (cartes revolving, cartes Postepay, Visa Electron, V Pay, Pagobancomat, Viabuy ou PayPal) ne peut \u00eatre accept\u00e9e comme garantie, ni les cartes marqu\u00e9es du logo \u00ab Electron \u00bb ou de la mention \u00ab Electron Use Only \u00bb ni les cartes appartenant au circuit \u00ab Maestro \u00bb.\u00a0<\/p><p>La carte doit garantir un montant suffisant pour couvrir la responsabilit\u00e9 du v\u00e9hicule, les \u00e9ventuels frais suppl\u00e9mentaires ou les d\u00e9p\u00f4ts requis comme garantie de la location. La formule de location sp\u00e9ciale \u00ab\u00a0mensuelle\u00a0\/ pluri-mensuelle\u00a0\u00bb est disponible uniquement avec carte de cr\u00e9dit financi\u00e8re comme garantie (autre que carte de d\u00e9bit et carte pr\u00e9pay\u00e9e) pour toutes les cat\u00e9gories de v\u00e9hicule. Il est en outre recommand\u00e9 de bien v\u00e9rifier le code de votre carte avant de vous pr\u00e9senter \u00e0 l&rsquo;agence.<\/p><h5><strong>Quelles cartes sont accept\u00e9es comme garantie de la location\u00a0?<\/strong><\/h5><p>Quand une compagnie <strong>loue une voiture<\/strong>, le d\u00e9p\u00f4t de caution est un passage oblig\u00e9 dans la mesure o\u00f9 elle met dans les mains du client un <strong>bien pr\u00e9cieux<\/strong> et qu&rsquo;elle se doit de <strong>pr\u00e9server<\/strong>.<\/p><p>La caution est une <strong>somme d&rsquo;argent<\/strong> bloqu\u00e9e au titre de <strong>garantie<\/strong> et sert \u00e0 <strong>v\u00e9rifier la validit\u00e9 de la carte de cr\u00e9dit<\/strong> pr\u00e9sent\u00e9e par le client.<\/p><p>La compagnie de location s&rsquo;engage par cons\u00e9quent \u00e0 <strong>restituer la somme<\/strong> apr\u00e8s s&rsquo;\u00eatre assur\u00e9e du bon \u00e9tat du v\u00e9hicule et apr\u00e8s s&rsquo;\u00eatre assur\u00e9e que le conducteur s&rsquo;est bien acquitt\u00e9 de toutes les obligations qui lui incombent.\u00a0<\/p><h5><strong>Restitution de la caution\u00a0: quand et comment\u00a0?<\/strong><\/h5><p>Si rien de particulier n&rsquo;est \u00e0 signaler, le d\u00e9p\u00f4t de caution est int\u00e9gralement restitu\u00e9 dans un d\u00e9lai de <strong>4-5 jours ouvrables<\/strong>. Dans certains cas, lors de certaines p\u00e9riodes de f\u00eate ou lors des pics de locations, les d\u00e9lais peuvent atteindre <strong>10\u00a0jours<\/strong>. Dans le cas o\u00f9 les d\u00e9lais seraient excessivement longs, il est possible de nous contacter \u00e0 la page <a href=\"http:\/\/www.noleggiare.it\/fr\/contacts-2\/\">www.noleggiare.it\/fr\/contacts-2\/<\/a> pour s&rsquo;assurer que le d\u00e9blocage \u00e0 bien \u00e9t\u00e9 effectu\u00e9. Si tel est le cas mais que la somme correspondante n&rsquo;est pas cr\u00e9dit\u00e9e, le client est pri\u00e9 de s&rsquo;adresser \u00e0 sa <strong>banque<\/strong>.<\/p><h5><strong>\u00c0 combien s&rsquo;\u00e9l\u00e8ve le d\u00e9p\u00f4t de caution\u00a0?<\/strong><\/h5><p>La somme bloqu\u00e9e d\u00e9pend de la <strong>cat\u00e9gorie de v\u00e9hicule<\/strong>, aussi aucune somme forfaitaire ou standard valant pour tout type de v\u00e9hicule ne saurait \u00eatre indiqu\u00e9e.<\/p><p>Dans le <strong>tableau<\/strong> ci-apr\u00e8s, figurent toutes les informations relatives aux d\u00e9p\u00f4ts de caution pour chaque cat\u00e9gorie de v\u00e9hicule\u00a0:<\/p>\t\t\t\t\t<\/div>\n\t\t\t\t\t\t<\/div>\n\t\t\t\t<\/div>\n\t\t\t\t<div class=\"elementor-element elementor-element-6333589 elementor-widget elementor-widget-html\" data-id=\"6333589\" data-element_type=\"widget\" data-widget_type=\"html.default\">\n\t\t\t\t<div class=\"elementor-widget-container\">\n\t\t\t<table class=\"table\">\r\n  <tbody><tr>\r\n\t<th>Vehicle\u2019s Category (CAR)<\/th>\r\n\t<th style=\"text-align:center;\">Description<\/th>\r\n\t<th style=\"text-align:center;\">Standard Deposit<\/th>\r\n\t<th style=\"text-align:center;\">Deposit with Gold protection<\/th>\r\n\t<th style=\"text-align:center;\">Deposit with Platinum \/ Premium protection<\/th>\r\n        <th style=\"text-align:center;\">Guarantees accepted<\/th>\r\n  <\/tr>\r\n  \r\n \r\n\r\n\r\n\r\n\r\n\t\t<tr>\r\n\t\t\t<td>A<\/td>\r\n\t\t\t<td style=\"text-align:center;\">Citroen C1, Toyota Aygo <i><br>or similar<\/i><\/td>\r\n\t\t\t<td style=\"text-align:center;\">\u20ac 600,00<\/td>\r\n\t\t\t<td style=\"text-align:center;\">\u20ac 300,00<\/td>\r\n\t\t\t<td style=\"text-align:center;\">\u20ac 100,00<\/td>\r\n\t\t\t<td style=\"text-align:center;\">Credit or debit card<\/td>\r\n\t\t<\/tr>\r\n\r\n\r\n\r\n\r\n\t\t<tr>\r\n\t\t\t<td>B<\/td>\r\n\t\t\t<td style=\"text-align:center;\">Fiat Panda, Mahindra KUV100 <i><br>or similar<\/i><\/td>\r\n\t\t\t<td style=\"text-align:center;\">\u20ac 600,00<\/td>\r\n\t\t\t<td style=\"text-align:center;\">\u20ac 300,00<\/td>\r\n\t\t\t<td style=\"text-align:center;\">\u20ac 100,00<\/td>\r\n\t\t\t<td style=\"text-align:center;\">Credit or debit card<\/td>\r\n\t\t<\/tr>\r\n\r\n\r\n\r\n\r\n\t\t<tr>\r\n\t\t\t<td>C<\/td>\r\n\t\t\t<td style=\"text-align:center;\">Ford Fiesta, Peugeot 208 <i><br>or similar<\/i><\/td>\r\n\t\t\t<td style=\"text-align:center;\">\u20ac 600,00<\/td>\r\n\t\t\t<td style=\"text-align:center;\">\u20ac 300,00<\/td>\r\n\t\t\t<td style=\"text-align:center;\">\u20ac 100,00<\/td>\r\n\t\t\t<td style=\"text-align:center;\">Credit or debit card<\/td>\r\n\t\t<\/tr>\r\n\r\n\r\n\r\n\r\n\t\t<tr>\r\n\t\t\t<td>D<\/td>\r\n\t\t\t<td style=\"text-align:center;\">Ford Focus, Renault Captur <i><br>or similar<\/i><\/td>\r\n\t\t\t<td style=\"text-align:center;\">\u20ac 800,00<\/td>\r\n\t\t\t<td style=\"text-align:center;\">\u20ac 400,00<\/td>\r\n\t\t\t<td style=\"text-align:center;\">\u20ac 100,00<\/td>\r\n\t\t\t<td style=\"text-align:center;\">Credit or debit card<\/td>\r\n\t\t<\/tr>\r\n\r\n\r\n\r\n\r\n\t\t<tr>\r\n\t\t\t<td>E<\/td>\r\n\t\t\t<td style=\"text-align:center;\">Fiat 500 Cabrio <i><br>or similar<\/i><\/td>\r\n\t\t\t<td style=\"text-align:center;\">\u20ac 600,00<\/td>\r\n\t\t\t<td style=\"text-align:center;\">\u20ac 300,00<\/td>\r\n\t\t\t<td style=\"text-align:center;\">\u20ac 100,00<\/td>\r\n\t\t\t<td style=\"text-align:center;\">Credit or debit card<\/td>\r\n\t\t<\/tr>\r\n\r\n\r\n\r\n\t\t<tr>\r\n\t\t\t<td>F<\/td>\r\n\t\t\t<td style=\"text-align:center;\">Ford Galaxy, Renault Grand Scenic <i><br>or similar<\/i><\/td>\r\n\t\t\t<td style=\"text-align:center;\">\u20ac 800,00<\/td>\r\n\t\t\t<td style=\"text-align:center;\">\u20ac 400,00<\/td>\r\n\t\t\t<td style=\"text-align:center;\">\u20ac 100,00<\/td>\r\n\t\t\t<td style=\"text-align:center;\">Credit card<\/td>\r\n\t\t<\/tr>\r\n\r\n\r\n\r\n\t\t<tr>\r\n\t\t\t<td>I<\/td>\r\n\t\t\t<td style=\"text-align:center;\">BMW Serie 1, BMW Serie 2 <i><br>or similar<\/i><\/td>\r\n\t\t\t<td style=\"text-align:center;\">\u20ac 800,00<\/td>\r\n\t\t\t<td style=\"text-align:center;\">\u20ac 400,00<\/td>\r\n\t\t\t<td style=\"text-align:center;\">\u20ac 100,00<\/td>\r\n\t\t\t<td style=\"text-align:center;\">Credit card<\/td>\r\n\t\t<\/tr>\r\n\r\n\r\n\r\n\t\t<tr>\r\n\t\t\t<td>J<\/td>\r\n\t\t\t<td style=\"text-align:center;\">Ford Kuga, Peugeot 3008 <i><br>or similar<\/i><\/td>\r\n\t\t\t<td style=\"text-align:center;\">\u20ac 800,00<\/td>\r\n\t\t\t<td style=\"text-align:center;\">\u20ac 400,00<\/td>\r\n\t\t\t<td style=\"text-align:center;\">\u20ac 100,00<\/td>\r\n\t\t\t<td style=\"text-align:center;\">Credit card<\/td>\r\n\t\t<\/tr>\r\n\r\n\r\n\r\n\r\n\r\n\t\t<tr>\r\n\t\t\t<td>L<\/td>\r\n\t\t\t<td style=\"text-align:center;\">Mercedes Classe C SW, Ford Mondeo SW <i><br>or similar<\/i><\/td>\r\n\t\t\t<td style=\"text-align:center;\">\u20ac 1.800,00<\/td>\r\n\t\t\t<td style=\"text-align:center;\">\u20ac 900,00<\/td>\r\n\t\t\t<td style=\"text-align:center;\">\u20ac 100,00<\/td>\r\n\t\t\t<td style=\"text-align:center;\">Credit card<\/td>\r\n\t\t<\/tr>\r\n\r\n\r\n\r\n\r\n\t\t<tr>\r\n\t\t\t<td>M<\/td>\r\n\t\t\t<td style=\"text-align:center;\">Ford Tourneo, Citroen Spacetourer 9 Pax <i><br>or similar<\/i><\/td>\r\n\t\t\t<td style=\"text-align:center;\">\u20ac 1.000,00<\/td>\r\n\t\t\t<td style=\"text-align:center;\">\u20ac 500,00<\/td>\r\n\t\t\t<td style=\"text-align:center;\">\u20ac 100,00<\/td>\r\n\t\t\t<td style=\"text-align:center;\">Credit card<\/td>\r\n\t\t<\/tr>\r\n\r\n\r\n\r\n\r\n\t\t<tr>\r\n\t\t\t<td>N<\/td>\r\n\t\t\t<td style=\"text-align:center;\">Alfa Romeo Giulia <i><br>or similar<\/i><\/td>\r\n\t\t\t<td style=\"text-align:center;\">\u20ac 1.800,00<\/td>\r\n\t\t\t<td style=\"text-align:center;\">\u20ac 900,00<\/td>\r\n\t\t\t<td style=\"text-align:center;\">\u20ac 100,00<\/td>\r\n\t\t\t<td style=\"text-align:center;\">Credit card<\/td>\r\n\t\t<\/tr>\r\n\r\n\r\n\r\n\r\n\t\t<tr>\r\n\t\t\t<td>O<\/td>\r\n\t\t\t<td style=\"text-align:center;\">Cadillac XT4, Mercedes GLA <i><br>or similar<\/i><\/td>\r\n\t\t\t<td style=\"text-align:center;\">\u20ac 1.800,00<\/td>\r\n\t\t\t<td style=\"text-align:center;\">\u20ac 900,00<\/td>\r\n\t\t\t<td style=\"text-align:center;\">\u20ac 100,00<\/td>\r\n\t\t\t<td style=\"text-align:center;\">Credit card<\/td>\r\n\t\t<\/tr>\r\n\r\n\r\n\r\n\r\n\t\t<tr>\r\n\t\t\t<td>P<\/td>\r\n\t\t\t<td style=\"text-align:center;\">Maserati Ghibli <i><br>or similar<\/i><\/td>\r\n\t\t\t<td style=\"text-align:center;\">\u20ac 2.000,00<\/td>\r\n\t\t\t<td style=\"text-align:center;\"><span style=\"color: #a9a9a9\">Not Avaible<\/span><\/td>\r\n\t\t\t<td style=\"text-align:center; color: #d0d0d0\">Not Avaible<\/td>\r\n\t\t\t<td style=\"text-align:center;\">Two credit cards<\/td>\r\n\t\t<\/tr>\r\n\r\n\r\n\r\n\r\n\r\n\r\n\t\t<tr>\r\n\t\t\t<td>S<\/td>\r\n\t\t\t<td style=\"text-align:center;\">Ford Focus SW, Peugeot 308 SW <i><br>or similar<\/i><\/td>\r\n\t\t\t<td style=\"text-align:center;\">\u20ac 800,00<\/td>\r\n\t\t\t<td style=\"text-align:center;\">\u20ac 400,00<\/td>\r\n\t\t\t<td style=\"text-align:center;\">\u20ac 100,00<\/td>\r\n\t\t\t<td style=\"text-align:center;\">Credit card<\/td>\r\n\t\t<\/tr>\r\n\r\n\r\n\r\n\r\n\t\t<tr>\r\n\t\t\t<td>V<\/td>\r\n\t\t\t<td style=\"text-align:center;\">Piaggio Vespa 125cc, 300cc<i><br>or similar<\/i><\/td>\r\n\t\t\t<td style=\"text-align:center;\">\u20ac 250,00<\/td>\r\n\t\t\t<td style=\"text-align:center; color: #d0d0d0\">Not Avaible<\/td>\r\n\t\t\t<td style=\"text-align:center; color: #d0d0d0\">Not Avaible<\/td>\r\n\t\t\t<td style=\"text-align:center;\">Credit or debit card<\/td>\r\n\t\t<\/tr>\r\n\t<\/tbody>\r\n<\/table>\t\t<\/div>\n\t\t\t\t<\/div>\n\t\t\t\t<div class=\"elementor-element elementor-element-34fa1fb elementor-widget elementor-widget-html\" data-id=\"34fa1fb\" data-element_type=\"widget\" data-widget_type=\"html.default\">\n\t\t\t\t<div class=\"elementor-widget-container\">\n\t\t\t<table class=\"table\">\r\n\t<tbody>\r\n\t\t<tr>\r\n\t\t\t<th>Vehicle's category<\/th>\r\n\t\t\t<th style=\"text-align:center;\">Description<\/th>\t\t\t\r\n\t\t\t<th style=\"text-align:center;\">Standard Deposit<\/th>\r\n\t\t\t<th style=\"text-align:center;\">Deposito with Van  Protection<\/th>\r\n\t\t\t<th style=\"text-align:center;\">Deposito with Super Van Protection<\/th>\r\n\t\t\t<th style=\"text-align:center;\">Deposito with No Problem Protection<\/th>\t\r\n                        <th style=\"text-align:center;\">Guarantees accepted<\/th>\r\n\t\t<\/tr>\r\n\r\n\r\n\r\n\r\n\t\t<tr>\r\n\t\t\t<td>Z<\/td>\r\n\t\t\t<td style=\"text-align:center;\">Van<\/td>\t\t\t\r\n\t\t\t<td style=\"text-align:center;\">\u20ac 1.000,00<\/td>\r\n\t\t\t<td style=\"text-align:center;\">\u20ac 700,00<\/td>\r\n\t\t\t<td style=\"text-align:center;\">\u20ac 500,00<\/td>\r\n\t\t\t<td style=\"text-align:center;\">\u20ac 150,00<\/td>\r\n                        <td style=\"text-align:center;\">Credit or debit card<\/td>\r\n\t\t<\/tr>\r\n\t<\/tbody>\r\n<\/table>\t\t<\/div>\n\t\t\t\t<\/div>\n\t\t\t\t\t\t<\/div>\n\t\t\t\t\t<\/div>\n\t\t<\/div>\n\t\t\t\t\t\t\t\t<\/div>\n\t\t\t\t\t<\/div>\n\t\t<\/section>\n\t\t\t\t\t\t<\/div>\n\t\t\t\t\t\t<\/div>\n\t\t\t\t\t<\/div>\n\t\t","protected":false},"excerpt":{"rendered":"<p>Informations sur les d\u00e9p\u00f4ts de garantie Quelles cartes sont accept\u00e9es comme garantie de la location\u00a0? Au moment de la location, le titulaire de la r\u00e9servation doit \u00eatre pr\u00e9sent \u00e0 l&rsquo;agence et pr\u00e9senter une carte de cr\u00e9dit ou de d\u00e9bit appartenant aux circuits Visa, MasterCard, American Express et UnionPay, portant le pr\u00e9nom et le nom du [&#8230;]<\/p>\n<p><a class=\"btn btn-secondary understrap-read-more-link\" href=\"https:\/\/www.noleggiare.it\/fr\/informations-sur-les-depots-de-garantie\/\">Lire la suite\u2026<\/a><\/p>\n","protected":false},"author":2511,"featured_media":0,"parent":0,"menu_order":0,"comment_status":"closed","ping_status":"closed","template":"","meta":[],"acf":[],"yoast_head":"<!-- This site is optimized with the Yoast SEO plugin v17.1 - https:\/\/yoast.com\/wordpress\/plugins\/seo\/ -->\n<title>Informations sur les d\u00e9p\u00f4ts de garantie - Noleggiare.it<\/title>\n<meta name=\"robots\" content=\"index, follow, max-snippet:-1, max-image-preview:large, max-video-preview:-1\" \/>\n<link rel=\"canonical\" href=\"https:\/\/www.noleggiare.it\/fr\/informazioni-sui-depositi-cauzionali\/\" \/>\n<meta property=\"og:locale\" content=\"fr_FR\" \/>\n<meta property=\"og:type\" content=\"article\" \/>\n<meta property=\"og:title\" content=\"Informations sur les d\u00e9p\u00f4ts de garantie - Noleggiare.it\" \/>\n<meta property=\"og:description\" content=\"Informations sur les d\u00e9p\u00f4ts de garantie Quelles cartes sont accept\u00e9es comme garantie de la location\u00a0? Au moment de la location, le titulaire de la r\u00e9servation doit \u00eatre pr\u00e9sent \u00e0 l&rsquo;agence et pr\u00e9senter une carte de cr\u00e9dit ou de d\u00e9bit appartenant aux circuits Visa, MasterCard, American Express et UnionPay, portant le pr\u00e9nom et le nom du [...]Lire la suite\u2026\" \/>\n<meta property=\"og:url\" content=\"https:\/\/www.noleggiare.it\/it\/informazioni-sui-depositi-cauzionali\/\" \/>\n<meta property=\"og:site_name\" content=\"Noleggiare.it\" \/>\n<meta property=\"article:modified_time\" content=\"2024-04-16T07:49:32+00:00\" \/>\n<meta name=\"twitter:card\" content=\"summary_large_image\" \/>\n<meta name=\"twitter:label1\" content=\"Dur\u00e9e de lecture est.\" \/>\n\t<meta name=\"twitter:data1\" content=\"4 minutes\" \/>\n<script type=\"application\/ld+json\" class=\"yoast-schema-graph\">{\"@context\":\"https:\/\/schema.org\",\"@graph\":[{\"@type\":\"WebSite\",\"@id\":\"https:\/\/www.noleggiare.it\/it\/#website\",\"url\":\"https:\/\/www.noleggiare.it\/it\/\",\"name\":\"Noleggiare.it\",\"description\":\"Happy rent!\",\"potentialAction\":[{\"@type\":\"SearchAction\",\"target\":{\"@type\":\"EntryPoint\",\"urlTemplate\":\"https:\/\/www.noleggiare.it\/it\/?s={search_term_string}\"},\"query-input\":\"required name=search_term_string\"}],\"inLanguage\":\"fr-FR\"},{\"@type\":\"WebPage\",\"@id\":\"https:\/\/www.noleggiare.it\/it\/informazioni-sui-depositi-cauzionali\/#webpage\",\"url\":\"https:\/\/www.noleggiare.it\/it\/informazioni-sui-depositi-cauzionali\/\",\"name\":\"Informations sur les d\\u00e9p\\u00f4ts de garantie - Noleggiare.it\",\"isPartOf\":{\"@id\":\"https:\/\/www.noleggiare.it\/it\/#website\"},\"datePublished\":\"2019-11-11T11:14:21+00:00\",\"dateModified\":\"2024-04-16T07:49:32+00:00\",\"breadcrumb\":{\"@id\":\"https:\/\/www.noleggiare.it\/it\/informazioni-sui-depositi-cauzionali\/#breadcrumb\"},\"inLanguage\":\"fr-FR\",\"potentialAction\":[{\"@type\":\"ReadAction\",\"target\":[\"https:\/\/www.noleggiare.it\/it\/informazioni-sui-depositi-cauzionali\/\"]}]},{\"@type\":\"BreadcrumbList\",\"@id\":\"https:\/\/www.noleggiare.it\/it\/informazioni-sui-depositi-cauzionali\/#breadcrumb\",\"itemListElement\":[{\"@type\":\"ListItem\",\"position\":1,\"name\":\"Informations sur les d\\u00e9p\\u00f4ts de garantie\"}]}]}<\/script>\n<!-- \/ Yoast SEO plugin. -->","yoast_head_json":{"title":"Informations sur les d\u00e9p\u00f4ts de garantie - Noleggiare.it","robots":{"index":"index","follow":"follow","max-snippet":"max-snippet:-1","max-image-preview":"max-image-preview:large","max-video-preview":"max-video-preview:-1"},"canonical":"https:\/\/www.noleggiare.it\/fr\/informazioni-sui-depositi-cauzionali\/","og_locale":"fr_FR","og_type":"article","og_title":"Informations sur les d\u00e9p\u00f4ts de garantie - Noleggiare.it","og_description":"Informations sur les d\u00e9p\u00f4ts de garantie Quelles cartes sont accept\u00e9es comme garantie de la location\u00a0? Au moment de la location, le titulaire de la r\u00e9servation doit \u00eatre pr\u00e9sent \u00e0 l&rsquo;agence et pr\u00e9senter une carte de cr\u00e9dit ou de d\u00e9bit appartenant aux circuits Visa, MasterCard, American Express et UnionPay, portant le pr\u00e9nom et le nom du [...]Lire la suite\u2026","og_url":"https:\/\/www.noleggiare.it\/it\/informazioni-sui-depositi-cauzionali\/","og_site_name":"Noleggiare.it","article_modified_time":"2024-04-16T07:49:32+00:00","twitter_card":"summary_large_image","twitter_misc":{"Dur\u00e9e de lecture est.":"4 minutes"},"schema":{"@context":"https:\/\/schema.org","@graph":[{"@type":"WebSite","@id":"https:\/\/www.noleggiare.it\/it\/#website","url":"https:\/\/www.noleggiare.it\/it\/","name":"Noleggiare.it","description":"Happy rent!","potentialAction":[{"@type":"SearchAction","target":{"@type":"EntryPoint","urlTemplate":"https:\/\/www.noleggiare.it\/it\/?s={search_term_string}"},"query-input":"required name=search_term_string"}],"inLanguage":"fr-FR"},{"@type":"WebPage","@id":"https:\/\/www.noleggiare.it\/it\/informazioni-sui-depositi-cauzionali\/#webpage","url":"https:\/\/www.noleggiare.it\/it\/informazioni-sui-depositi-cauzionali\/","name":"Informations sur les d\u00e9p\u00f4ts de garantie - Noleggiare.it","isPartOf":{"@id":"https:\/\/www.noleggiare.it\/it\/#website"},"datePublished":"2019-11-11T11:14:21+00:00","dateModified":"2024-04-16T07:49:32+00:00","breadcrumb":{"@id":"https:\/\/www.noleggiare.it\/it\/informazioni-sui-depositi-cauzionali\/#breadcrumb"},"inLanguage":"fr-FR","potentialAction":[{"@type":"ReadAction","target":["https:\/\/www.noleggiare.it\/it\/informazioni-sui-depositi-cauzionali\/"]}]},{"@type":"BreadcrumbList","@id":"https:\/\/www.noleggiare.it\/it\/informazioni-sui-depositi-cauzionali\/#breadcrumb","itemListElement":[{"@type":"ListItem","position":1,"name":"Informations sur les d\u00e9p\u00f4ts de garantie"}]}]}},"wps_subtitle":"","_links":{"self":[{"href":"https:\/\/www.noleggiare.it\/fr\/wp-json\/wp\/v2\/pages\/28003"}],"collection":[{"href":"https:\/\/www.noleggiare.it\/fr\/wp-json\/wp\/v2\/pages"}],"about":[{"href":"https:\/\/www.noleggiare.it\/fr\/wp-json\/wp\/v2\/types\/page"}],"author":[{"embeddable":true,"href":"https:\/\/www.noleggiare.it\/fr\/wp-json\/wp\/v2\/users\/2511"}],"replies":[{"embeddable":true,"href":"https:\/\/www.noleggiare.it\/fr\/wp-json\/wp\/v2\/comments?post=28003"}],"version-history":[{"count":47,"href":"https:\/\/www.noleggiare.it\/fr\/wp-json\/wp\/v2\/pages\/28003\/revisions"}],"predecessor-version":[{"id":233127,"href":"https:\/\/www.noleggiare.it\/fr\/wp-json\/wp\/v2\/pages\/28003\/revisions\/233127"}],"wp:attachment":[{"href":"https:\/\/www.noleggiare.it\/fr\/wp-json\/wp\/v2\/media?parent=28003"}],"curies":[{"name":"wp","href":"https:\/\/api.w.org\/{rel}","templated":true}]}}