{"id":15361,"date":"2019-02-22T16:14:07","date_gmt":"2019-02-22T15:14:07","guid":{"rendered":"https:\/\/www.noleggiare.it\/?page_id=15361"},"modified":"2019-02-22T16:31:47","modified_gmt":"2019-02-22T15:31:47","slug":"privacy-team","status":"publish","type":"page","link":"https:\/\/www.noleggiare.it\/it\/privacy-team\/","title":{"rendered":"Privacy Team"},"content":{"rendered":"\t\t<div data-elementor-type=\"wp-post\" data-elementor-id=\"15361\" data-post-id=\"15361\" data-obj-id=\"15361\" class=\"elementor elementor-15361 dce-elementor-post-15361 elementor-bc-flex-widget\" data-elementor-settings=\"[]\">\n\t\t\t\t\t\t<div class=\"elementor-inner\">\n\t\t\t\t\t\t\t<div class=\"elementor-section-wrap\">\n\t\t\t\t\t\t\t<section class=\"elementor-section elementor-top-section elementor-element elementor-element-7d172f7 elementor-section-boxed elementor-section-height-default elementor-section-height-default\" data-id=\"7d172f7\" data-element_type=\"section\">\n\t\t\t\t\t\t<div class=\"elementor-container elementor-column-gap-no\">\n\t\t\t\t\t\t\t<div class=\"elementor-row\">\n\t\t\t\t\t<div class=\"elementor-column elementor-col-100 elementor-top-column elementor-element elementor-element-7370386\" data-id=\"7370386\" data-element_type=\"column\">\n\t\t\t<div class=\"elementor-column-wrap elementor-element-populated\">\n\t\t\t\t\t\t\t<div class=\"elementor-widget-wrap\">\n\t\t\t\t\t\t<div class=\"elementor-element elementor-element-6fdde0b elementor-widget elementor-widget-spacer\" data-id=\"6fdde0b\" data-element_type=\"widget\" data-widget_type=\"spacer.default\">\n\t\t\t\t<div class=\"elementor-widget-container\">\n\t\t\t\t\t<div class=\"elementor-spacer\">\n\t\t\t<div class=\"elementor-spacer-inner\"><\/div>\n\t\t<\/div>\n\t\t\t\t<\/div>\n\t\t\t\t<\/div>\n\t\t\t\t<div class=\"elementor-element elementor-element-d68fa48 elementor-widget elementor-widget-heading\" data-id=\"d68fa48\" data-element_type=\"widget\" data-widget_type=\"heading.default\">\n\t\t\t\t<div class=\"elementor-widget-container\">\n\t\t\t<h1 class=\"elementor-heading-title elementor-size-default\">INFORMATIVA PRIVACY PER I CANDIDATI<br>ai sensi dell\u2019art.12 e 13 del Regolamento UE 2016\/679 del Parlamento Europeo e del Consiglio del 27 aprile 2016<\/h1>\t\t<\/div>\n\t\t\t\t<\/div>\n\t\t\t\t<div class=\"elementor-element elementor-element-e815f94 elementor-hidden-phone elementor-widget elementor-widget-spacer\" data-id=\"e815f94\" data-element_type=\"widget\" data-widget_type=\"spacer.default\">\n\t\t\t\t<div class=\"elementor-widget-container\">\n\t\t\t\t\t<div class=\"elementor-spacer\">\n\t\t\t<div class=\"elementor-spacer-inner\"><\/div>\n\t\t<\/div>\n\t\t\t\t<\/div>\n\t\t\t\t<\/div>\n\t\t\t\t\t\t<\/div>\n\t\t\t\t\t<\/div>\n\t\t<\/div>\n\t\t\t\t\t\t\t\t<\/div>\n\t\t\t\t\t<\/div>\n\t\t<\/section>\n\t\t\t\t<section class=\"elementor-section elementor-top-section elementor-element elementor-element-e8ce99d elementor-section-boxed elementor-section-height-default elementor-section-height-default\" data-id=\"e8ce99d\" data-element_type=\"section\">\n\t\t\t\t\t\t<div class=\"elementor-container elementor-column-gap-default\">\n\t\t\t\t\t\t\t<div class=\"elementor-row\">\n\t\t\t\t\t<div class=\"elementor-column elementor-col-100 elementor-top-column elementor-element elementor-element-560adc5\" data-id=\"560adc5\" data-element_type=\"column\">\n\t\t\t<div class=\"elementor-column-wrap elementor-element-populated\">\n\t\t\t\t\t\t\t<div class=\"elementor-widget-wrap\">\n\t\t\t\t\t\t<div class=\"elementor-element elementor-element-ca0f42e elementor-widget elementor-widget-text-editor\" data-id=\"ca0f42e\" data-element_type=\"widget\" data-widget_type=\"text-editor.default\">\n\t\t\t\t<div class=\"elementor-widget-container\">\n\t\t\t\t\t\t\t\t<div class=\"elementor-text-editor elementor-clearfix\">\n\t\t\t\t\t<p>I dati personali da Lei volontariamente forniti per la formalizzazione della candidatura con invio curriculum ed il conferimento dei dati personali, anche sensibili, al fine di un&#8217;eventuale selezione saranno oggetto di trattamento, sia mediante utilizzo di procedure cartacee che informatiche.<br \/>Al fine di selezionare figure professionali, <strong>NOLEGGIARE S.r.l.<\/strong> chiede all&#8217;interessato di fornire ogni dato utile a verificare la idoneit\u00e0 a ricoprire posizioni lavorative all&#8217;interno della societ\u00e0.<br \/><strong>NOLEGGIARE S.r.l.<\/strong> si impegna a far uso delle informazioni ricevute, nel rispetto del quadro normativo vigente ed, in particolar modo, nel rispetto delle disposizioni poste a tutela della riservatezza dei dati personali. A tale riguardo, in aderenza a quanto previsto dalla normativa vigente, l&#8217;Azienda invita a prendere visione di quanto qui di seguito precisato.<\/p>\t\t\t\t\t<\/div>\n\t\t\t\t\t\t<\/div>\n\t\t\t\t<\/div>\n\t\t\t\t<div class=\"elementor-element elementor-element-033daed elementor-widget elementor-widget-text-editor\" data-id=\"033daed\" data-element_type=\"widget\" data-widget_type=\"text-editor.default\">\n\t\t\t\t<div class=\"elementor-widget-container\">\n\t\t\t\t\t\t\t\t<div class=\"elementor-text-editor elementor-clearfix\">\n\t\t\t\t\t<p>FINALIT\u00c0 DEL TRATTAMENTO<\/p>\t\t\t\t\t<\/div>\n\t\t\t\t\t\t<\/div>\n\t\t\t\t<\/div>\n\t\t\t\t<div class=\"elementor-element elementor-element-ac688be elementor-widget elementor-widget-text-editor\" data-id=\"ac688be\" data-element_type=\"widget\" data-widget_type=\"text-editor.default\">\n\t\t\t\t<div class=\"elementor-widget-container\">\n\t\t\t\t\t\t\t\t<div class=\"elementor-text-editor elementor-clearfix\">\n\t\t\t\t\tLa informiamo che i suoi dati verranno trattati con le seguenti finalit\u00e0:\nreclutamento del personale, esecuzione di un eventuale e successivo rapporto contrattuale, adempimenti formativi.\nL\u2019azienda difatti potr\u00e0 venire a conoscenza di dati identificativi e personali utili a verificare se il suo profilo sia in linea con le esigenze dell\u2019azienda.\t\t\t\t\t<\/div>\n\t\t\t\t\t\t<\/div>\n\t\t\t\t<\/div>\n\t\t\t\t<div class=\"elementor-element elementor-element-1f4d547 elementor-widget elementor-widget-text-editor\" data-id=\"1f4d547\" data-element_type=\"widget\" data-widget_type=\"text-editor.default\">\n\t\t\t\t<div class=\"elementor-widget-container\">\n\t\t\t\t\t\t\t\t<div class=\"elementor-text-editor elementor-clearfix\">\n\t\t\t\t\tDATI SENSIBILI\t\t\t\t\t<\/div>\n\t\t\t\t\t\t<\/div>\n\t\t\t\t<\/div>\n\t\t\t\t<div class=\"elementor-element elementor-element-d307e56 elementor-widget elementor-widget-text-editor\" data-id=\"d307e56\" data-element_type=\"widget\" data-widget_type=\"text-editor.default\">\n\t\t\t\t<div class=\"elementor-widget-container\">\n\t\t\t\t\t\t\t\t<div class=\"elementor-text-editor elementor-clearfix\">\n\t\t\t\t\tLe informazioni fornite attraverso il curriculum vitae contengano oltre che dati di natura personale, anche quelli di natura sensibile, ovvero dati che rivelino natura razziale ed etnica, convinzioni religiose, filosofiche od economiche, opinioni politiche, adesione a partiti, sindacati, associazioni di carattere religioso, filosofico, politico o sindacale, nonch\u00e9 dati idonei a rivelare lo stato di salute e la vita sessuale. Tali dati non saranno diffusi.\t\t\t\t\t<\/div>\n\t\t\t\t\t\t<\/div>\n\t\t\t\t<\/div>\n\t\t\t\t<div class=\"elementor-element elementor-element-cb347e2 elementor-widget elementor-widget-text-editor\" data-id=\"cb347e2\" data-element_type=\"widget\" data-widget_type=\"text-editor.default\">\n\t\t\t\t<div class=\"elementor-widget-container\">\n\t\t\t\t\t\t\t\t<div class=\"elementor-text-editor elementor-clearfix\">\n\t\t\t\t\tNATURA DEL CONFERIMENTO\t\t\t\t\t<\/div>\n\t\t\t\t\t\t<\/div>\n\t\t\t\t<\/div>\n\t\t\t\t<div class=\"elementor-element elementor-element-8b07a4b elementor-widget elementor-widget-text-editor\" data-id=\"8b07a4b\" data-element_type=\"widget\" data-widget_type=\"text-editor.default\">\n\t\t\t\t<div class=\"elementor-widget-container\">\n\t\t\t\t\t\t\t\t<div class=\"elementor-text-editor elementor-clearfix\">\n\t\t\t\t\tIl conferimento dei dati \u00e8 necessario per la gestione delle procedure di selezione del personale; la loro mancata indicazione comporter\u00e0 l\u2019impossibilit\u00e0 di adempiere alle finalit\u00e0 sopraindicate, nonch\u00e9 di trattenere in azienda il curriculum per essere contattati in futuro per altre opportunit\u00e0 lavorative.\t\t\t\t\t<\/div>\n\t\t\t\t\t\t<\/div>\n\t\t\t\t<\/div>\n\t\t\t\t<div class=\"elementor-element elementor-element-47ff453 elementor-widget elementor-widget-text-editor\" data-id=\"47ff453\" data-element_type=\"widget\" data-widget_type=\"text-editor.default\">\n\t\t\t\t<div class=\"elementor-widget-container\">\n\t\t\t\t\t\t\t\t<div class=\"elementor-text-editor elementor-clearfix\">\n\t\t\t\t\tMODALIT\u00c0 DI TRATTAMENTO E CONSERVAZIONE\t\t\t\t\t<\/div>\n\t\t\t\t\t\t<\/div>\n\t\t\t\t<\/div>\n\t\t\t\t<div class=\"elementor-element elementor-element-0e1c7da elementor-widget elementor-widget-text-editor\" data-id=\"0e1c7da\" data-element_type=\"widget\" data-widget_type=\"text-editor.default\">\n\t\t\t\t<div class=\"elementor-widget-container\">\n\t\t\t\t\t\t\t\t<div class=\"elementor-text-editor elementor-clearfix\">\n\t\t\t\t\tIl trattamento sar\u00e0 svolto in forma automatizzata e\/o manuale, con modalit\u00e0 e strumenti volti a garantire la massima sicurezza e riservatezza, ad opera di soggetti di ci\u00f2 debitamente designati e\/o autorizzati. I dati saranno conservati per un periodo non superiore agli scopi per i quali i dati sono stati raccolti e successivamente trattati, ovvero non oltre l\u2019annualit\u00e0.\nI suoi dati verranno archiviati in database sicuri sui nostri server, o sui server di nostri fornitori di fiducia che agiscono in qualit\u00e0 di responsabili del trattamento.\t\t\t\t\t<\/div>\n\t\t\t\t\t\t<\/div>\n\t\t\t\t<\/div>\n\t\t\t\t<div class=\"elementor-element elementor-element-ce3e0bd elementor-widget elementor-widget-text-editor\" data-id=\"ce3e0bd\" data-element_type=\"widget\" data-widget_type=\"text-editor.default\">\n\t\t\t\t<div class=\"elementor-widget-container\">\n\t\t\t\t\t\t\t\t<div class=\"elementor-text-editor elementor-clearfix\">\n\t\t\t\t\tAMBITO DI COMUNICAZIONE E DIFFUSIONE\t\t\t\t\t<\/div>\n\t\t\t\t\t\t<\/div>\n\t\t\t\t<\/div>\n\t\t\t\t<div class=\"elementor-element elementor-element-df051ce elementor-widget elementor-widget-text-editor\" data-id=\"df051ce\" data-element_type=\"widget\" data-widget_type=\"text-editor.default\">\n\t\t\t\t<div class=\"elementor-widget-container\">\n\t\t\t\t\t\t\t\t<div class=\"elementor-text-editor elementor-clearfix\">\n\t\t\t\t\tI Suoi dati, oggetto del trattamento, non saranno diffusi; esclusivamente in caso di instaurazione di un&#8217;eventuale rapporto contrattuale, potranno essere trattati e comunicati ad incaricati della nostra societ\u00e0 appartenenti all&#8217;area gestione e selezione del personale, enti pubblici o societ\u00e0 di natura privata per l&#8217;adempimento degli obblighi di Legge.\t\t\t\t\t<\/div>\n\t\t\t\t\t\t<\/div>\n\t\t\t\t<\/div>\n\t\t\t\t<div class=\"elementor-element elementor-element-1d97735 elementor-widget elementor-widget-text-editor\" data-id=\"1d97735\" data-element_type=\"widget\" data-widget_type=\"text-editor.default\">\n\t\t\t\t<div class=\"elementor-widget-container\">\n\t\t\t\t\t\t\t\t<div class=\"elementor-text-editor elementor-clearfix\">\n\t\t\t\t\tDIRITTI DEGLI INTERESSATI\t\t\t\t\t<\/div>\n\t\t\t\t\t\t<\/div>\n\t\t\t\t<\/div>\n\t\t\t\t<div class=\"elementor-element elementor-element-0ee5b61 elementor-widget elementor-widget-text-editor\" data-id=\"0ee5b61\" data-element_type=\"widget\" data-widget_type=\"text-editor.default\">\n\t\t\t\t<div class=\"elementor-widget-container\">\n\t\t\t\t\t\t\t\t<div class=\"elementor-text-editor elementor-clearfix\">\n\t\t\t\t\t<p>In adempimento alla normativa vigente, in qualunque momento il candidato pu\u00f2 richiedere:<\/p><ul><li>La conferma dell&#8217;esistenza o meno dei vostri dati personali;<\/li><li>Conoscere il contenuto e l&#8217;origine, le finalit\u00e0 e le modalit\u00e0 di trattamento;<\/li><li>La logica applicata in caso di trattamento effettuato con l\u2019ausilio di strumenti elettronici;<\/li><li>Gli estremi identificativi del titolare, dei responsabili e dei soggetti o delle categorie di soggetti ai quali i vostri dati personali possono essere comunicati.<\/li><\/ul><p>Inoltre, \u00e8 vostro diritto ottenere:<\/p><ul><li>L\u2019accesso, la copia, la rettificazione, l&#8217;integrazione, la portabilit\u00e0 dei dati;<\/li><li>La cancellazione (diritto all\u2019oblio), la trasformazione in forma anonima o il blocco dei vostri dati trattati in violazione di legge;<\/li><li>L\u2019opposizione in ogni caso, per motivi legittimi, al trattamento dei dati pertinente allo scopo della raccolta.<\/li><\/ul><p>L\u2019interessato pu\u00f2 proporre reclamo al Garante qualora ritenga che il trattamento dei propri dati avvenga contro le disposizioni vigenti in materia. Altres\u00ec, ha diritto ai sensi dell\u2019art. 34 del Regolamento UE 2016\/679 che gli sia comunicata la violazione dei dati fornite, allorch\u00e9 sia grave per i propri diritti e libert\u00e0. L\u2019Interessato potr\u00e0 far valere i propri diritti come espressi dall\u2019art. 15 all\u2019art. 22 del Regolamento UE 2016\/689, rivolgendosi al \u201cTitolare del trattamento\u201d:<\/p><p><strong>NOLEGGIARE S.R.L.<br \/><\/strong><em>Sede Legale:<\/em> Via Alcide de Gasperi, 14\/1 \u2013 38123 Trento (TN)<br \/><em>Sede Amministrativa ed operativa:<\/em> Via Evangelista Torricelli, 6 &#8211; 37121 Verona<br \/><em>Telefono:<\/em> +39 0376847116<br \/><em>E-mail:<\/em> <u><a href=\"mailto:privacy@noleggiare.it\">privacy@noleggiare.it<\/a><\/u><\/p>\t\t\t\t\t<\/div>\n\t\t\t\t\t\t<\/div>\n\t\t\t\t<\/div>\n\t\t\t\t<div class=\"elementor-element elementor-element-619279b elementor-widget elementor-widget-spacer\" data-id=\"619279b\" data-element_type=\"widget\" data-widget_type=\"spacer.default\">\n\t\t\t\t<div class=\"elementor-widget-container\">\n\t\t\t\t\t<div class=\"elementor-spacer\">\n\t\t\t<div class=\"elementor-spacer-inner\"><\/div>\n\t\t<\/div>\n\t\t\t\t<\/div>\n\t\t\t\t<\/div>\n\t\t\t\t\t\t<\/div>\n\t\t\t\t\t<\/div>\n\t\t<\/div>\n\t\t\t\t\t\t\t\t<\/div>\n\t\t\t\t\t<\/div>\n\t\t<\/section>\n\t\t\t\t\t\t<\/div>\n\t\t\t\t\t\t<\/div>\n\t\t\t\t\t<\/div>\n\t\t","protected":false},"excerpt":{"rendered":"<p>INFORMATIVA PRIVACY PER I CANDIDATIai sensi dell\u2019art.12 e 13 del Regolamento UE 2016\/679 del Parlamento Europeo e del Consiglio del 27 aprile 2016 I dati personali da Lei volontariamente forniti per la formalizzazione della candidatura con invio curriculum ed il conferimento dei dati personali, anche sensibili, al fine di un&#8217;eventuale selezione saranno oggetto di trattamento, [&#8230;]<\/p>\n<p><a class=\"btn btn-secondary understrap-read-more-link\" href=\"https:\/\/www.noleggiare.it\/it\/privacy-team\/\">Leggi di pi\u00f9&#8230;<\/a><\/p>\n","protected":false},"author":4,"featured_media":0,"parent":0,"menu_order":0,"comment_status":"closed","ping_status":"closed","template":"elementor_header_footer","meta":[],"acf":[],"yoast_head":"<!-- This site is optimized with the Yoast SEO plugin v17.1 - https:\/\/yoast.com\/wordpress\/plugins\/seo\/ -->\n<title>Privacy Team - Noleggiare.it<\/title>\n<meta name=\"robots\" content=\"index, follow, max-snippet:-1, max-image-preview:large, max-video-preview:-1\" \/>\n<link rel=\"canonical\" href=\"https:\/\/www.noleggiare.it\/it\/privacy-team\/\" \/>\n<meta property=\"og:locale\" content=\"it_IT\" \/>\n<meta property=\"og:type\" content=\"article\" \/>\n<meta property=\"og:title\" content=\"Privacy Team - Noleggiare.it\" \/>\n<meta property=\"og:description\" content=\"INFORMATIVA PRIVACY PER I CANDIDATIai sensi dell\u2019art.12 e 13 del Regolamento UE 2016\/679 del Parlamento Europeo e del Consiglio del 27 aprile 2016 I dati personali da Lei volontariamente forniti per la formalizzazione della candidatura con invio curriculum ed il conferimento dei dati personali, anche sensibili, al fine di un&#8217;eventuale selezione saranno oggetto di trattamento, [...]Leggi di pi\u00f9...\" \/>\n<meta property=\"og:url\" content=\"https:\/\/www.noleggiare.it\/it\/privacy-team\/\" \/>\n<meta property=\"og:site_name\" content=\"Noleggiare.it\" \/>\n<meta property=\"article:modified_time\" content=\"2019-02-22T15:31:47+00:00\" \/>\n<meta name=\"twitter:card\" content=\"summary_large_image\" \/>\n<meta name=\"twitter:label1\" content=\"Tempo di lettura stimato\" \/>\n\t<meta name=\"twitter:data1\" content=\"3 minuti\" \/>\n<script type=\"application\/ld+json\" class=\"yoast-schema-graph\">{\"@context\":\"https:\/\/schema.org\",\"@graph\":[{\"@type\":\"WebSite\",\"@id\":\"https:\/\/www.noleggiare.it\/it\/#website\",\"url\":\"https:\/\/www.noleggiare.it\/it\/\",\"name\":\"Noleggiare.it\",\"description\":\"Happy rent!\",\"potentialAction\":[{\"@type\":\"SearchAction\",\"target\":{\"@type\":\"EntryPoint\",\"urlTemplate\":\"https:\/\/www.noleggiare.it\/it\/?s={search_term_string}\"},\"query-input\":\"required name=search_term_string\"}],\"inLanguage\":\"it-IT\"},{\"@type\":\"WebPage\",\"@id\":\"https:\/\/www.noleggiare.it\/it\/privacy-team\/#webpage\",\"url\":\"https:\/\/www.noleggiare.it\/it\/privacy-team\/\",\"name\":\"Privacy Team - Noleggiare.it\",\"isPartOf\":{\"@id\":\"https:\/\/www.noleggiare.it\/it\/#website\"},\"datePublished\":\"2019-02-22T15:14:07+00:00\",\"dateModified\":\"2019-02-22T15:31:47+00:00\",\"breadcrumb\":{\"@id\":\"https:\/\/www.noleggiare.it\/it\/privacy-team\/#breadcrumb\"},\"inLanguage\":\"it-IT\",\"potentialAction\":[{\"@type\":\"ReadAction\",\"target\":[\"https:\/\/www.noleggiare.it\/it\/privacy-team\/\"]}]},{\"@type\":\"BreadcrumbList\",\"@id\":\"https:\/\/www.noleggiare.it\/it\/privacy-team\/#breadcrumb\",\"itemListElement\":[{\"@type\":\"ListItem\",\"position\":1,\"name\":\"Privacy Team\"}]}]}<\/script>\n<!-- \/ Yoast SEO plugin. -->","yoast_head_json":{"title":"Privacy Team - Noleggiare.it","robots":{"index":"index","follow":"follow","max-snippet":"max-snippet:-1","max-image-preview":"max-image-preview:large","max-video-preview":"max-video-preview:-1"},"canonical":"https:\/\/www.noleggiare.it\/it\/privacy-team\/","og_locale":"it_IT","og_type":"article","og_title":"Privacy Team - Noleggiare.it","og_description":"INFORMATIVA PRIVACY PER I CANDIDATIai sensi dell\u2019art.12 e 13 del Regolamento UE 2016\/679 del Parlamento Europeo e del Consiglio del 27 aprile 2016 I dati personali da Lei volontariamente forniti per la formalizzazione della candidatura con invio curriculum ed il conferimento dei dati personali, anche sensibili, al fine di un&#8217;eventuale selezione saranno oggetto di trattamento, [...]Leggi di pi\u00f9...","og_url":"https:\/\/www.noleggiare.it\/it\/privacy-team\/","og_site_name":"Noleggiare.it","article_modified_time":"2019-02-22T15:31:47+00:00","twitter_card":"summary_large_image","twitter_misc":{"Tempo di lettura stimato":"3 minuti"},"schema":{"@context":"https:\/\/schema.org","@graph":[{"@type":"WebSite","@id":"https:\/\/www.noleggiare.it\/it\/#website","url":"https:\/\/www.noleggiare.it\/it\/","name":"Noleggiare.it","description":"Happy rent!","potentialAction":[{"@type":"SearchAction","target":{"@type":"EntryPoint","urlTemplate":"https:\/\/www.noleggiare.it\/it\/?s={search_term_string}"},"query-input":"required name=search_term_string"}],"inLanguage":"it-IT"},{"@type":"WebPage","@id":"https:\/\/www.noleggiare.it\/it\/privacy-team\/#webpage","url":"https:\/\/www.noleggiare.it\/it\/privacy-team\/","name":"Privacy Team - Noleggiare.it","isPartOf":{"@id":"https:\/\/www.noleggiare.it\/it\/#website"},"datePublished":"2019-02-22T15:14:07+00:00","dateModified":"2019-02-22T15:31:47+00:00","breadcrumb":{"@id":"https:\/\/www.noleggiare.it\/it\/privacy-team\/#breadcrumb"},"inLanguage":"it-IT","potentialAction":[{"@type":"ReadAction","target":["https:\/\/www.noleggiare.it\/it\/privacy-team\/"]}]},{"@type":"BreadcrumbList","@id":"https:\/\/www.noleggiare.it\/it\/privacy-team\/#breadcrumb","itemListElement":[{"@type":"ListItem","position":1,"name":"Privacy Team"}]}]}},"wps_subtitle":"","_links":{"self":[{"href":"https:\/\/www.noleggiare.it\/it\/wp-json\/wp\/v2\/pages\/15361"}],"collection":[{"href":"https:\/\/www.noleggiare.it\/it\/wp-json\/wp\/v2\/pages"}],"about":[{"href":"https:\/\/www.noleggiare.it\/it\/wp-json\/wp\/v2\/types\/page"}],"author":[{"embeddable":true,"href":"https:\/\/www.noleggiare.it\/it\/wp-json\/wp\/v2\/users\/4"}],"replies":[{"embeddable":true,"href":"https:\/\/www.noleggiare.it\/it\/wp-json\/wp\/v2\/comments?post=15361"}],"version-history":[{"count":3,"href":"https:\/\/www.noleggiare.it\/it\/wp-json\/wp\/v2\/pages\/15361\/revisions"}],"predecessor-version":[{"id":15367,"href":"https:\/\/www.noleggiare.it\/it\/wp-json\/wp\/v2\/pages\/15361\/revisions\/15367"}],"wp:attachment":[{"href":"https:\/\/www.noleggiare.it\/it\/wp-json\/wp\/v2\/media?parent=15361"}],"curies":[{"name":"wp","href":"https:\/\/api.w.org\/{rel}","templated":true}]}}