{"id":170271,"date":"2023-05-30T14:10:56","date_gmt":"2023-05-30T12:10:56","guid":{"rendered":"https:\/\/www.noleggiare.it\/?page_id=170271"},"modified":"2025-03-05T15:53:24","modified_gmt":"2025-03-05T14:53:24","slug":"fuoco-sostenibilita","status":"publish","type":"page","link":"https:\/\/www.noleggiare.it\/it\/fuoco-sostenibilita\/","title":{"rendered":"Noleggiare \u2764\ufe0f Planet- fuoco"},"content":{"rendered":"\t\t<div data-elementor-type=\"wp-post\" data-elementor-id=\"170271\" data-post-id=\"170271\" data-obj-id=\"170271\" class=\"elementor elementor-170271 dce-elementor-post-170271\" data-elementor-settings=\"[]\">\n\t\t\t\t\t\t<div class=\"elementor-inner\">\n\t\t\t\t\t\t\t<div class=\"elementor-section-wrap\">\n\t\t\t\t\t\t\t<section class=\"elementor-section elementor-top-section elementor-element elementor-element-5ad5ad2 elementor-section-boxed elementor-section-height-default elementor-section-height-default\" data-id=\"5ad5ad2\" data-element_type=\"section\">\n\t\t\t\t\t\t<div class=\"elementor-container elementor-column-gap-default\">\n\t\t\t\t\t\t\t<div class=\"elementor-row\">\n\t\t\t\t\t<div class=\"elementor-column elementor-col-100 elementor-top-column elementor-element elementor-element-0ce9619\" data-id=\"0ce9619\" data-element_type=\"column\">\n\t\t\t<div class=\"elementor-column-wrap elementor-element-populated\">\n\t\t\t\t\t\t\t<div class=\"elementor-widget-wrap\">\n\t\t\t\t\t\t<div class=\"elementor-element elementor-element-c7add2b elementor-widget elementor-widget-text-editor\" data-id=\"c7add2b\" data-element_type=\"widget\" data-widget_type=\"text-editor.default\">\n\t\t\t\t<div class=\"elementor-widget-container\">\n\t\t\t\t\t\t\t\t<div class=\"elementor-text-editor elementor-clearfix\">\n\t\t\t\t\t<h4 style=\"text-align: center;\"><strong>Una fiamma di speranza, per un futuro pi\u00f9 luminoso<\/strong><\/h4>\t\t\t\t\t<\/div>\n\t\t\t\t\t\t<\/div>\n\t\t\t\t<\/div>\n\t\t\t\t<div class=\"elementor-element elementor-element-3e24e46 dce_masking-none elementor-widget elementor-widget-image\" data-id=\"3e24e46\" data-element_type=\"widget\" data-widget_type=\"image.default\">\n\t\t\t\t<div class=\"elementor-widget-container\">\n\t\t\t\t\t\t\t\t<div class=\"elementor-image\">\n\t\t\t\t\t\t\t\t\t\t\t\t<img width=\"640\" height=\"320\" src=\"https:\/\/www.noleggiare.it\/wp-content\/uploads\/2023\/06\/LEAD-FUOCO-1024x512.jpg\" class=\"attachment-large size-large\" alt=\"\" loading=\"lazy\" srcset=\"https:\/\/www.noleggiare.it\/wp-content\/uploads\/2023\/06\/LEAD-FUOCO-1024x512.jpg 1024w, https:\/\/www.noleggiare.it\/wp-content\/uploads\/2023\/06\/LEAD-FUOCO-300x150.jpg 300w, https:\/\/www.noleggiare.it\/wp-content\/uploads\/2023\/06\/LEAD-FUOCO-768x384.jpg 768w, https:\/\/www.noleggiare.it\/wp-content\/uploads\/2023\/06\/LEAD-FUOCO.jpg 1536w\" sizes=\"(max-width: 640px) 100vw, 640px\" \/>\t\t\t\t\t\t\t\t\t\t\t\t\t\t<\/div>\n\t\t\t\t\t\t<\/div>\n\t\t\t\t<\/div>\n\t\t\t\t\t\t<\/div>\n\t\t\t\t\t<\/div>\n\t\t<\/div>\n\t\t\t\t\t\t\t\t<\/div>\n\t\t\t\t\t<\/div>\n\t\t<\/section>\n\t\t\t\t<section class=\"elementor-section elementor-top-section elementor-element elementor-element-829a04c elementor-section-boxed elementor-section-height-default elementor-section-height-default\" data-id=\"829a04c\" data-element_type=\"section\">\n\t\t\t\t\t\t<div class=\"elementor-container elementor-column-gap-default\">\n\t\t\t\t\t\t\t<div class=\"elementor-row\">\n\t\t\t\t\t<div class=\"elementor-column elementor-col-100 elementor-top-column elementor-element elementor-element-1126d55\" data-id=\"1126d55\" data-element_type=\"column\">\n\t\t\t<div class=\"elementor-column-wrap elementor-element-populated\">\n\t\t\t\t\t\t\t<div class=\"elementor-widget-wrap\">\n\t\t\t\t\t\t<div class=\"elementor-element elementor-element-e0472fc elementor-widget elementor-widget-text-editor\" data-id=\"e0472fc\" data-element_type=\"widget\" data-widget_type=\"text-editor.default\">\n\t\t\t\t<div class=\"elementor-widget-container\">\n\t\t\t\t\t\t\t\t<div class=\"elementor-text-editor elementor-clearfix\">\n\t\t\t\t\t<p style=\"text-align: center;\"><span style=\"font-weight: 400;\">Siamo circondati da infinite possibilit\u00e0 per fare la differenza. Dalla scelta coraggiosa di abbracciare fonti di energia rinnovabile, come quella solare, all&#8217;impegno nella prevenzione degli incendi per proteggere il cuore verde del nostro pianeta.<\/span><\/p><p style=\"text-align: center;\"><span style=\"font-weight: 400;\">Quale scintilla brilla dentro di te? Condividi con noi le tue idee \ud83d\udd25<\/span><\/p>\t\t\t\t\t<\/div>\n\t\t\t\t\t\t<\/div>\n\t\t\t\t<\/div>\n\t\t\t\t<div class=\"elementor-element elementor-element-37cb7d5 elementor-widget elementor-widget-text-editor\" data-id=\"37cb7d5\" data-element_type=\"widget\" data-widget_type=\"text-editor.default\">\n\t\t\t\t<div class=\"elementor-widget-container\">\n\t\t\t\t\t\t\t\t<div class=\"elementor-text-editor elementor-clearfix\">\n\t\t\t\t\t\t\t\t\t\t<\/div>\n\t\t\t\t\t\t<\/div>\n\t\t\t\t<\/div>\n\t\t\t\t<div class=\"elementor-element elementor-element-00d74d4 elementor-button-align-stretch elementor-widget elementor-widget-form\" data-id=\"00d74d4\" data-element_type=\"widget\" data-settings=\"{&quot;button_width&quot;:&quot;25&quot;,&quot;step_next_label&quot;:&quot;Successivo&quot;,&quot;step_previous_label&quot;:&quot;Precedente&quot;,&quot;step_type&quot;:&quot;number_text&quot;,&quot;step_icon_shape&quot;:&quot;circle&quot;}\" data-widget_type=\"form.default\">\n\t\t\t\t<div class=\"elementor-widget-container\">\n\t\t\t\t\t<form class=\"elementor-form\" method=\"post\" name=\"form_crm_maratona_roma\">\n\t\t\t<input type=\"hidden\" name=\"post_id\" value=\"170271\"\/>\n\t\t\t<input type=\"hidden\" name=\"form_id\" value=\"00d74d4\"\/>\n\t\t\t<input type=\"hidden\" name=\"referer_title\" value=\"Noleggiare.it\" \/>\n\n\t\t\t\n\t\t\t<div class=\"elementor-form-fields-wrapper elementor-labels-above\">\n\t\t\t\t\t\t\t\t<div class=\"elementor-field-type-text elementor-field-group elementor-column elementor-field-group-first_name elementor-col-50 elementor-field-required elementor-mark-required\">\n\t\t\t\t\t<label for=\"form-field-first_name\" class=\"elementor-field-label\">Nome<\/label><input size=\"1\" type=\"text\" name=\"form_fields[first_name]\" id=\"form-field-first_name\" class=\"elementor-field elementor-size-sm  elementor-field-textual\" placeholder=\"Nome\" required=\"required\" aria-required=\"true\">\t\t\t\t<\/div>\n\t\t\t\t\t\t\t\t<div class=\"elementor-field-type-text elementor-field-group elementor-column elementor-field-group-last_name elementor-col-50\">\n\t\t\t\t\t<label for=\"form-field-last_name\" class=\"elementor-field-label\">Cognome<\/label><input size=\"1\" type=\"text\" name=\"form_fields[last_name]\" id=\"form-field-last_name\" class=\"elementor-field elementor-size-sm  elementor-field-textual\" placeholder=\"Cognome\">\t\t\t\t<\/div>\n\t\t\t\t\t\t\t\t<div class=\"elementor-field-type-tel elementor-field-group elementor-column elementor-field-group-phone_mobile elementor-col-50\">\n\t\t\t\t\t<label for=\"form-field-phone_mobile\" class=\"elementor-field-label\">Cellulare<\/label><input size=\"1\" type=\"tel\" name=\"form_fields[phone_mobile]\" id=\"form-field-phone_mobile\" class=\"elementor-field elementor-size-sm  elementor-field-textual\" placeholder=\"Cellulare\" pattern=\"[0-9()#&amp;+*-=.]+\" title=\"Sono accettati solo numeri e caratteri telefonici (#, -, *, ecc.).\">\t\t\t\t<\/div>\n\t\t\t\t\t\t\t\t<div class=\"elementor-field-type-email elementor-field-group elementor-column elementor-field-group-email1 elementor-col-50 elementor-field-required elementor-mark-required\">\n\t\t\t\t\t<label for=\"form-field-email1\" class=\"elementor-field-label\">Email<\/label><input size=\"1\" type=\"email\" name=\"form_fields[email1]\" id=\"form-field-email1\" class=\"elementor-field elementor-size-sm  elementor-field-textual\" placeholder=\"Email\" required=\"required\" aria-required=\"true\">\t\t\t\t<\/div>\n\t\t\t\t\t\t\t\t<div class=\"elementor-field-type-text elementor-field-group elementor-column elementor-field-group-primary_address_city elementor-col-100\">\n\t\t\t\t\t<label for=\"form-field-primary_address_city\" class=\"elementor-field-label\">Citt\u00e0<\/label><input size=\"1\" type=\"text\" name=\"form_fields[primary_address_city]\" id=\"form-field-primary_address_city\" class=\"elementor-field elementor-size-sm  elementor-field-textual\" placeholder=\"Citt\u00e0\">\t\t\t\t<\/div>\n\t\t\t\t\t\t\t\t<div class=\"elementor-field-type-textarea elementor-field-group elementor-column elementor-field-group-description elementor-col-100 elementor-field-required elementor-mark-required\">\n\t\t\t\t\t<label for=\"form-field-description\" class=\"elementor-field-label\">Messaggio<\/label><textarea class=\"elementor-field-textual elementor-field  elementor-size-sm\" name=\"form_fields[description]\" id=\"form-field-description\" rows=\"2\" placeholder=\"Scrivi qui le tue idee\" required=\"required\" aria-required=\"true\"><\/textarea>\t\t\t\t<\/div>\n\t\t\t\t\t\t\t\t<div class=\"elementor-field-type-html elementor-field-group elementor-column elementor-field-group-accetto_condizioni_privacy_c elementor-col-100\">\n\t\t\t\t\t<div class=\"text-dark\">Cliccando su invia dichiari di aver preso visione dell\u2019<a href=\"https:\/\/www.noleggiare.it\/it\/privacy-e-sicurezza\/\">informativa privacy<\/a> per questa finalit\u00e0.<\/div>\t\t\t\t<\/div>\n\t\t\t\t\t\t\t\t<div class=\"elementor-field-type-recaptcha elementor-field-group elementor-column elementor-field-group-d59014e elementor-col-100\">\n\t\t\t\t\t<div class=\"elementor-field\" id=\"form-field-d59014e\"><div class=\"elementor-g-recaptcha\" data-sitekey=\"6LeCHmUUAAAAANuMFO3sQbQe3kF1ZpU3Goe8HKdU\" data-type=\"v2_checkbox\" data-theme=\"light\" data-size=\"normal\"><\/div><\/div>\t\t\t\t<\/div>\n\t\t\t\t\t\t\t\t<div class=\"elementor-field-type-hidden elementor-field-group elementor-column elementor-field-group-campaign_id elementor-col-100\">\n\t\t\t\t\t<input size=\"1\" type=\"hidden\" name=\"form_fields[campaign_id]\" id=\"form-field-campaign_id\" class=\"elementor-field elementor-size-sm  elementor-field-textual\" value=\"2caaeabc-c69b-11e6-b0ca-02f4b90d6d5f\">\t\t\t\t<\/div>\n\t\t\t\t\t\t\t\t<div class=\"elementor-field-type-hidden elementor-field-group elementor-column elementor-field-group-assigned_user_id elementor-col-100\">\n\t\t\t\t\t<input size=\"1\" type=\"hidden\" name=\"form_fields[assigned_user_id]\" id=\"form-field-assigned_user_id\" class=\"elementor-field elementor-size-sm  elementor-field-textual\" value=\"b096d1fb-1607-cada-5080-640a07622926\">\t\t\t\t<\/div>\n\t\t\t\t\t\t\t\t<div class=\"elementor-field-type-hidden elementor-field-group elementor-column elementor-field-group-lead_source elementor-col-100\">\n\t\t\t\t\t<input size=\"1\" type=\"hidden\" name=\"form_fields[lead_source]\" id=\"form-field-lead_source\" class=\"elementor-field elementor-size-sm  elementor-field-textual\" value=\"Sito web\">\t\t\t\t<\/div>\n\t\t\t\t\t\t\t\t<div class=\"elementor-field-type-hidden elementor-field-group elementor-column elementor-field-group-titolo_campagna_c elementor-col-100\">\n\t\t\t\t\t<input size=\"1\" type=\"hidden\" name=\"form_fields[titolo_campagna_c]\" id=\"form-field-titolo_campagna_c\" class=\"elementor-field elementor-size-sm  elementor-field-textual\" value=\"Mapp_promo_Fuoco_sostenibilit\u00e0\">\t\t\t\t<\/div>\n\t\t\t\t\t\t\t\t<div class=\"elementor-field-group elementor-column elementor-field-type-submit elementor-col-25 e-form__buttons\">\n\t\t\t\t\t<button type=\"submit\" class=\"elementor-button elementor-size-sm\">\n\t\t\t\t\t\t<span >\n\t\t\t\t\t\t\t\t\t\t\t\t\t\t\t<span class=\" elementor-button-icon\">\n\t\t\t\t\t\t\t\t\t\t\t\t\t\t\t\t\t\t\t\t\t\t\t\t\t\t<\/span>\n\t\t\t\t\t\t\t\t\t\t\t\t\t\t\t\t\t\t\t\t\t\t<span class=\"elementor-button-text\">Invia<\/span>\n\t\t\t\t\t\t\t\t\t\t\t\t\t<\/span>\n\t\t\t\t\t<\/button>\n\t\t\t\t<\/div>\n\t\t\t<\/div>\n\t\t<\/form>\n\t\t\t\t<\/div>\n\t\t\t\t<\/div>\n\t\t\t\t<div class=\"elementor-element elementor-element-1b263d9 elementor-widget elementor-widget-spacer\" data-id=\"1b263d9\" data-element_type=\"widget\" data-widget_type=\"spacer.default\">\n\t\t\t\t<div class=\"elementor-widget-container\">\n\t\t\t\t\t<div class=\"elementor-spacer\">\n\t\t\t<div class=\"elementor-spacer-inner\"><\/div>\n\t\t<\/div>\n\t\t\t\t<\/div>\n\t\t\t\t<\/div>\n\t\t\t\t\t\t<\/div>\n\t\t\t\t\t<\/div>\n\t\t<\/div>\n\t\t\t\t\t\t\t\t<\/div>\n\t\t\t\t\t<\/div>\n\t\t<\/section>\n\t\t\t\t\t\t<\/div>\n\t\t\t\t\t\t<\/div>\n\t\t\t\t\t<\/div>\n\t\t","protected":false},"excerpt":{"rendered":"<p>Una fiamma di speranza, per un futuro pi\u00f9 luminoso Siamo circondati da infinite possibilit\u00e0 per fare la differenza. Dalla scelta coraggiosa di abbracciare fonti di energia rinnovabile, come quella solare, all&#8217;impegno nella prevenzione degli incendi per proteggere il cuore verde del nostro pianeta. Quale scintilla brilla dentro di te? Condividi con noi le tue idee [&#8230;]<\/p>\n<p><a class=\"btn btn-secondary understrap-read-more-link\" href=\"https:\/\/www.noleggiare.it\/it\/fuoco-sostenibilita\/\">Leggi di pi\u00f9&#8230;<\/a><\/p>\n","protected":false},"author":2511,"featured_media":0,"parent":0,"menu_order":0,"comment_status":"closed","ping_status":"closed","template":"","meta":[],"acf":[],"yoast_head":"<!-- This site is optimized with the Yoast SEO plugin v17.1 - https:\/\/yoast.com\/wordpress\/plugins\/seo\/ -->\n<title>Noleggiare \u2764\ufe0f Planet- fuoco - Noleggiare.it<\/title>\n<meta name=\"description\" content=\"Un viaggio verso la sostenibilit\u00e0 che guarda verso il futuro. Il fuoco \u00e8 un elemento che ci guida in questa avventura. Scopri di pi\u00f9!\" \/>\n<meta name=\"robots\" content=\"noindex, follow\" \/>\n<meta property=\"og:locale\" content=\"it_IT\" \/>\n<meta property=\"og:type\" content=\"article\" \/>\n<meta property=\"og:title\" content=\"Noleggiare \u2764\ufe0f Planet- fuoco - Noleggiare.it\" \/>\n<meta property=\"og:description\" content=\"Un viaggio verso la sostenibilit\u00e0 che guarda verso il futuro. Il fuoco \u00e8 un elemento che ci guida in questa avventura. Scopri di pi\u00f9!\" \/>\n<meta property=\"og:url\" content=\"https:\/\/www.noleggiare.it\/it\/fuoco-sostenibilita\/\" \/>\n<meta property=\"og:site_name\" content=\"Noleggiare.it\" \/>\n<meta property=\"article:modified_time\" content=\"2025-03-05T14:53:24+00:00\" \/>\n<meta property=\"og:image\" content=\"https:\/\/www.noleggiare.it\/wp-content\/uploads\/2023\/06\/LEAD-FUOCO-1024x512.jpg\" \/>\n<meta name=\"twitter:card\" content=\"summary_large_image\" \/>\n<meta name=\"twitter:label1\" content=\"Tempo di lettura stimato\" \/>\n\t<meta name=\"twitter:data1\" content=\"1 minuto\" \/>\n<script type=\"application\/ld+json\" class=\"yoast-schema-graph\">{\"@context\":\"https:\/\/schema.org\",\"@graph\":[{\"@type\":\"WebSite\",\"@id\":\"https:\/\/www.noleggiare.it\/it\/#website\",\"url\":\"https:\/\/www.noleggiare.it\/it\/\",\"name\":\"Noleggiare.it\",\"description\":\"Happy rent!\",\"potentialAction\":[{\"@type\":\"SearchAction\",\"target\":{\"@type\":\"EntryPoint\",\"urlTemplate\":\"https:\/\/www.noleggiare.it\/it\/?s={search_term_string}\"},\"query-input\":\"required name=search_term_string\"}],\"inLanguage\":\"it-IT\"},{\"@type\":\"ImageObject\",\"@id\":\"https:\/\/www.noleggiare.it\/it\/fuoco-sostenibilita\/#primaryimage\",\"inLanguage\":\"it-IT\",\"url\":\"https:\/\/www.noleggiare.it\/wp-content\/uploads\/2023\/06\/LEAD-FUOCO.jpg\",\"contentUrl\":\"https:\/\/www.noleggiare.it\/wp-content\/uploads\/2023\/06\/LEAD-FUOCO.jpg\",\"width\":1536,\"height\":768},{\"@type\":\"WebPage\",\"@id\":\"https:\/\/www.noleggiare.it\/it\/fuoco-sostenibilita\/#webpage\",\"url\":\"https:\/\/www.noleggiare.it\/it\/fuoco-sostenibilita\/\",\"name\":\"Noleggiare \\u2764\\ufe0f Planet- fuoco - Noleggiare.it\",\"isPartOf\":{\"@id\":\"https:\/\/www.noleggiare.it\/it\/#website\"},\"primaryImageOfPage\":{\"@id\":\"https:\/\/www.noleggiare.it\/it\/fuoco-sostenibilita\/#primaryimage\"},\"datePublished\":\"2023-05-30T12:10:56+00:00\",\"dateModified\":\"2025-03-05T14:53:24+00:00\",\"description\":\"Un viaggio verso la sostenibilit\\u00e0 che guarda verso il futuro. Il fuoco \\u00e8 un elemento che ci guida in questa avventura. Scopri di pi\\u00f9!\",\"breadcrumb\":{\"@id\":\"https:\/\/www.noleggiare.it\/it\/fuoco-sostenibilita\/#breadcrumb\"},\"inLanguage\":\"it-IT\",\"potentialAction\":[{\"@type\":\"ReadAction\",\"target\":[\"https:\/\/www.noleggiare.it\/it\/fuoco-sostenibilita\/\"]}]},{\"@type\":\"BreadcrumbList\",\"@id\":\"https:\/\/www.noleggiare.it\/it\/fuoco-sostenibilita\/#breadcrumb\",\"itemListElement\":[{\"@type\":\"ListItem\",\"position\":1,\"name\":\"Noleggiare \\u2764\\ufe0f Planet- fuoco\"}]}]}<\/script>\n<!-- \/ Yoast SEO plugin. -->","yoast_head_json":{"title":"Noleggiare \u2764\ufe0f Planet- fuoco - Noleggiare.it","description":"Un viaggio verso la sostenibilit\u00e0 che guarda verso il futuro. Il fuoco \u00e8 un elemento che ci guida in questa avventura. Scopri di pi\u00f9!","robots":{"index":"noindex","follow":"follow"},"og_locale":"it_IT","og_type":"article","og_title":"Noleggiare \u2764\ufe0f Planet- fuoco - Noleggiare.it","og_description":"Un viaggio verso la sostenibilit\u00e0 che guarda verso il futuro. Il fuoco \u00e8 un elemento che ci guida in questa avventura. Scopri di pi\u00f9!","og_url":"https:\/\/www.noleggiare.it\/it\/fuoco-sostenibilita\/","og_site_name":"Noleggiare.it","article_modified_time":"2025-03-05T14:53:24+00:00","og_image":[{"url":"https:\/\/www.noleggiare.it\/wp-content\/uploads\/2023\/06\/LEAD-FUOCO-1024x512.jpg"}],"twitter_card":"summary_large_image","twitter_misc":{"Tempo di lettura stimato":"1 minuto"},"schema":{"@context":"https:\/\/schema.org","@graph":[{"@type":"WebSite","@id":"https:\/\/www.noleggiare.it\/it\/#website","url":"https:\/\/www.noleggiare.it\/it\/","name":"Noleggiare.it","description":"Happy rent!","potentialAction":[{"@type":"SearchAction","target":{"@type":"EntryPoint","urlTemplate":"https:\/\/www.noleggiare.it\/it\/?s={search_term_string}"},"query-input":"required name=search_term_string"}],"inLanguage":"it-IT"},{"@type":"ImageObject","@id":"https:\/\/www.noleggiare.it\/it\/fuoco-sostenibilita\/#primaryimage","inLanguage":"it-IT","url":"https:\/\/www.noleggiare.it\/wp-content\/uploads\/2023\/06\/LEAD-FUOCO.jpg","contentUrl":"https:\/\/www.noleggiare.it\/wp-content\/uploads\/2023\/06\/LEAD-FUOCO.jpg","width":1536,"height":768},{"@type":"WebPage","@id":"https:\/\/www.noleggiare.it\/it\/fuoco-sostenibilita\/#webpage","url":"https:\/\/www.noleggiare.it\/it\/fuoco-sostenibilita\/","name":"Noleggiare \u2764\ufe0f Planet- fuoco - Noleggiare.it","isPartOf":{"@id":"https:\/\/www.noleggiare.it\/it\/#website"},"primaryImageOfPage":{"@id":"https:\/\/www.noleggiare.it\/it\/fuoco-sostenibilita\/#primaryimage"},"datePublished":"2023-05-30T12:10:56+00:00","dateModified":"2025-03-05T14:53:24+00:00","description":"Un viaggio verso la sostenibilit\u00e0 che guarda verso il futuro. Il fuoco \u00e8 un elemento che ci guida in questa avventura. Scopri di pi\u00f9!","breadcrumb":{"@id":"https:\/\/www.noleggiare.it\/it\/fuoco-sostenibilita\/#breadcrumb"},"inLanguage":"it-IT","potentialAction":[{"@type":"ReadAction","target":["https:\/\/www.noleggiare.it\/it\/fuoco-sostenibilita\/"]}]},{"@type":"BreadcrumbList","@id":"https:\/\/www.noleggiare.it\/it\/fuoco-sostenibilita\/#breadcrumb","itemListElement":[{"@type":"ListItem","position":1,"name":"Noleggiare \u2764\ufe0f Planet- fuoco"}]}]}},"wps_subtitle":"","_links":{"self":[{"href":"https:\/\/www.noleggiare.it\/it\/wp-json\/wp\/v2\/pages\/170271"}],"collection":[{"href":"https:\/\/www.noleggiare.it\/it\/wp-json\/wp\/v2\/pages"}],"about":[{"href":"https:\/\/www.noleggiare.it\/it\/wp-json\/wp\/v2\/types\/page"}],"author":[{"embeddable":true,"href":"https:\/\/www.noleggiare.it\/it\/wp-json\/wp\/v2\/users\/2511"}],"replies":[{"embeddable":true,"href":"https:\/\/www.noleggiare.it\/it\/wp-json\/wp\/v2\/comments?post=170271"}],"version-history":[{"count":46,"href":"https:\/\/www.noleggiare.it\/it\/wp-json\/wp\/v2\/pages\/170271\/revisions"}],"predecessor-version":[{"id":296946,"href":"https:\/\/www.noleggiare.it\/it\/wp-json\/wp\/v2\/pages\/170271\/revisions\/296946"}],"wp:attachment":[{"href":"https:\/\/www.noleggiare.it\/it\/wp-json\/wp\/v2\/media?parent=170271"}],"curies":[{"name":"wp","href":"https:\/\/api.w.org\/{rel}","templated":true}]}}