{"id":501,"date":"2018-06-26T13:11:06","date_gmt":"2018-06-26T11:11:06","guid":{"rendered":"http:\/\/noleggiaredev.proteinic.com\/noleggiare.it\/?page_id=501"},"modified":"2025-10-21T13:20:34","modified_gmt":"2025-10-21T11:20:34","slug":"franchigie","status":"publish","type":"page","link":"https:\/\/www.noleggiare.it\/it\/franchigie\/","title":{"rendered":"Franchigie"},"content":{"rendered":"\t\t<div data-elementor-type=\"wp-post\" data-elementor-id=\"501\" data-post-id=\"501\" data-obj-id=\"501\" class=\"elementor elementor-501 dce-elementor-post-501\" data-elementor-settings=\"[]\">\n\t\t\t\t\t\t<div class=\"elementor-inner\">\n\t\t\t\t\t\t\t<div class=\"elementor-section-wrap\">\n\t\t\t\t\t\t\t<section class=\"elementor-section elementor-top-section elementor-element elementor-element-b5276d2 elementor-section-boxed elementor-section-height-default elementor-section-height-default\" data-id=\"b5276d2\" data-element_type=\"section\">\n\t\t\t\t\t\t<div class=\"elementor-container elementor-column-gap-no\">\n\t\t\t\t\t\t\t<div class=\"elementor-row\">\n\t\t\t\t\t<div class=\"elementor-column elementor-col-100 elementor-top-column elementor-element elementor-element-1a8263d\" data-id=\"1a8263d\" data-element_type=\"column\">\n\t\t\t<div class=\"elementor-column-wrap elementor-element-populated\">\n\t\t\t\t\t\t\t<div class=\"elementor-widget-wrap\">\n\t\t\t\t\t\t<div class=\"elementor-element elementor-element-2227357 elementor-widget elementor-widget-spacer\" data-id=\"2227357\" data-element_type=\"widget\" data-widget_type=\"spacer.default\">\n\t\t\t\t<div class=\"elementor-widget-container\">\n\t\t\t\t\t<div class=\"elementor-spacer\">\n\t\t\t<div class=\"elementor-spacer-inner\"><\/div>\n\t\t<\/div>\n\t\t\t\t<\/div>\n\t\t\t\t<\/div>\n\t\t\t\t<div class=\"elementor-element elementor-element-fac84f5 elementor-widget elementor-widget-heading\" data-id=\"fac84f5\" data-element_type=\"widget\" data-widget_type=\"heading.default\">\n\t\t\t\t<div class=\"elementor-widget-container\">\n\t\t\t<h1 class=\"elementor-heading-title elementor-size-default\">Responsabilit\u00e0 economiche<\/h1>\t\t<\/div>\n\t\t\t\t<\/div>\n\t\t\t\t<div class=\"elementor-element elementor-element-9bd6fae elementor-widget elementor-widget-text-editor\" data-id=\"9bd6fae\" data-element_type=\"widget\" data-widget_type=\"text-editor.default\">\n\t\t\t\t<div class=\"elementor-widget-container\">\n\t\t\t\t\t\t\t\t<div class=\"elementor-text-editor elementor-clearfix\">\n\t\t\t\t\t<p>Tutti i nostri veicoli sono coperti da copertura R.C.A. a norma delle vigenti leggi, la quale garantisce la copertura della Responsabilit\u00e0 Civile nei confronti di terzi. La tariffa di noleggio include il servizio di riduzione convenzionale della responsabilit\u00e0 danni (CDW) e furto (TLW).<\/p><p>Il servizio CDW riguarda eventuali danni riscontrati a fine noleggio. L\u2019eventuale addebito di tali danni, a titolo di penalit\u00e0, \u00e8 calcolato rispettando un importo massimo (detto anche Responsabilit\u00e0 Danni) che varia in funzione della categoria di veicolo noleggiata.<\/p><p>Il servizio TLW riguarda l\u2019eventuale furto del veicolo durante il noleggio. L\u2019eventuale addebito per furto, a titolo di penalit\u00e0, \u00e8 allo stesso modo calcolato tenendo conto di un importo fisso (detto anche Responsabilit\u00e0 Furto) che varia in funzione della categoria di veicolo noleggiata.<\/p>\t\t\t\t\t<\/div>\n\t\t\t\t\t\t<\/div>\n\t\t\t\t<\/div>\n\t\t\t\t<div class=\"elementor-element elementor-element-34d301d elementor-hidden-phone elementor-widget elementor-widget-spacer\" data-id=\"34d301d\" data-element_type=\"widget\" data-widget_type=\"spacer.default\">\n\t\t\t\t<div class=\"elementor-widget-container\">\n\t\t\t\t\t<div class=\"elementor-spacer\">\n\t\t\t<div class=\"elementor-spacer-inner\"><\/div>\n\t\t<\/div>\n\t\t\t\t<\/div>\n\t\t\t\t<\/div>\n\t\t\t\t\t\t<\/div>\n\t\t\t\t\t<\/div>\n\t\t<\/div>\n\t\t\t\t\t\t\t\t<\/div>\n\t\t\t\t\t<\/div>\n\t\t<\/section>\n\t\t\t\t<section class=\"elementor-section elementor-top-section elementor-element elementor-element-8fc51d7 elementor-section-boxed elementor-section-height-default elementor-section-height-default\" data-id=\"8fc51d7\" data-element_type=\"section\">\n\t\t\t\t\t\t<div class=\"elementor-container elementor-column-gap-default\">\n\t\t\t\t\t\t\t<div class=\"elementor-row\">\n\t\t\t\t\t<div class=\"elementor-column elementor-col-100 elementor-top-column elementor-element elementor-element-9307cd9\" data-id=\"9307cd9\" data-element_type=\"column\">\n\t\t\t<div class=\"elementor-column-wrap elementor-element-populated\">\n\t\t\t\t\t\t\t<div class=\"elementor-widget-wrap\">\n\t\t\t\t\t\t<div class=\"elementor-element elementor-element-bff9d6d elementor-widget elementor-widget-html\" data-id=\"bff9d6d\" data-element_type=\"widget\" data-widget_type=\"html.default\">\n\t\t\t\t<div class=\"elementor-widget-container\">\n\t\t\t<table class=\"table\">\n\t<tbody>\n\t\t<tr>\n\t\t\t<th>Gruppo di veicoli (AUTO)<\/th>\n\t\t\t<th style=\"text-align:center;\">Descrizione<\/th>\n\t\t\t<th style=\"text-align:center;\">(Responsabilit\u00e0 Danni)*<\/th>\n\t\t\t<th style=\"text-align:center;\">(Responsabilit\u00e0 Furto)<\/th>\n\t\t<\/tr>\n\n\t\t<tr>\n\t\t\t<td>A<\/td>\n\t\t\t<td style=\"text-align:center;\">Citroen C1, Toyota Aygo <i>o modello simile<\/i><\/td>\n\t\t\t<td style=\"text-align:center;\">fino a \u20ac 1.400,00<\/td>\n\t\t\t<td style=\"text-align:center;\">fino a \u20ac 1.600,00<\/td>\n\t\t<\/tr>\n\n\t\t<tr>\n\t\t\t<td>B<\/td>\n\t\t\t<td style=\"text-align:center;\">Fiat Panda, Mahindra KUV100 <i>o modello simile<\/i><\/td>\n\t\t\t<td style=\"text-align:center;\">fino a \u20ac 1.400,00<\/td>\n\t\t\t<td style=\"text-align:center;\">fino a \u20ac 1.600,00<\/td>\n\t\t<\/tr>\n\n\t\t<tr>\n\t\t\t<td>C<\/td>\n\t\t\t<td style=\"text-align:center;\">Ford Fiesta, Peugeot 208<i>o modello simile<\/i><\/td>\n\t\t\t<td style=\"text-align:center;\">fino a \u20ac 1.500,00<\/td>\n\t\t\t<td style=\"text-align:center;\">fino a \u20ac 1.800,00<\/td>\n\t\t<\/tr>\n\n\t\t<tr>\n\t\t\t<td>D<\/td>\n\t\t\t<td style=\"text-align:center;\">Ford Focus, Renault Captur<i>o modello simile<\/i><\/td>\n\t\t\t<td style=\"text-align:center;\">fino a \u20ac 1.800,00<\/td>\n\t\t\t<td style=\"text-align:center;\">fino a \u20ac 2.000,00<\/td>\n\t\t<\/tr>\n\n\t\t<tr>\n\t\t\t<td>E<\/td>\n\t\t\t<td style=\"text-align:center;\">Fiat 500 Cabrio <i>o modello simile<\/i><\/td>\n\t\t\t<td style=\"text-align:center;\">fino a \u20ac 1.500,00<\/td>\n\t\t\t<td style=\"text-align:center;\">fino a \u20ac 1.800,00<\/td>\n\t\t<\/tr>\n\n\t\t<tr>\n\t\t\t<td>F<\/td>\n\t\t\t<td style=\"text-align:center;\">Ford Galaxy, Renault Grand Scenic<i>or similar<\/i><\/td>\n\t\t\t<td style=\"text-align:center;\">fino a \u20ac 2.600,00<\/td>\n\t\t\t<td style=\"text-align:center;\">fino a \u20ac 2.800,00<\/td>\n\t\t<\/tr>\n\n\t\t<tr>\n\t\t\t<td>I<\/td>\n\t\t\t<td style=\"text-align:center;\">BMW Serie 1, BMW Serie 2<i>o modello simile<\/i><\/td>\n\t\t\t<td style=\"text-align:center;\">fino a \u20ac 2.400,00<\/td>\n\t\t\t<td style=\"text-align:center;\">fino a \u20ac 2.600,00<\/td>\n\t\t<\/tr>\n\n\t\t<tr>\n\t\t\t<td>J<\/td>\n\t\t\t<td style=\"text-align:center;\">Ford Kuga, Peugeot 3008<i>o modello simile<\/i><\/td>\n\t\t\t<td style=\"text-align:center;\">fino a \u20ac 2.200,00<\/td>\n\t\t\t<td style=\"text-align:center;\">fino a \u20ac 2.400,00<\/td>\n\t\t<\/tr>\n\n\t\t<tr>\n\t\t\t<td>L<\/td>\n\t\t\t<td style=\"text-align:center;\">Mercedes Classe C SW, Ford Mondeo SW <i>o modello simile<\/i><\/td>\n\t\t\t<td style=\"text-align:center;\">fino a \u20ac 2.400,00<\/td>\n\t\t\t<td style=\"text-align:center;\">fino a \u20ac 2.600,00<\/td>\n\t\t<\/tr>\n\n\t\t<tr>\n\t\t\t<td>M<\/td>\n\t\t\t<td style=\"text-align:center;\">Ford Tourneo, Citroen Spacetourer 9 Pax <i>o modello simile<\/i><\/td>\n\t\t\t<td style=\"text-align:center;\">fino a \u20ac 2.600,00<\/td>\n\t\t\t<td style=\"text-align:center;\">fino a \u20ac 2.800,00<\/td>\n\t\t<\/tr>\n\n\t\t<tr>\n\t\t\t<td>N<\/td>\n\t\t\t<td style=\"text-align:center;\">Alfa Romeo Giulia  <i>o modello simile<\/i><\/td>\n\t\t\t<td style=\"text-align:center;\">fino a \u20ac 2.600,00<\/td>\n\t\t\t<td style=\"text-align:center;\">fino a \u20ac 2.800,00<\/td>\n\t\t<\/tr>\n\n\t\t<tr>\n\t\t\t<td>O<\/td>\n\t\t\t<td style=\"text-align:center;\">Cadillac XT4, Mercedes GLA <i>o modello simile<\/i><\/td>\n\t\t\t<td style=\"text-align:center;\">fino a \u20ac 2.800,00<\/td>\n\t\t\t<td style=\"text-align:center;\">fino a \u20ac 3.000,00<\/td>\n\t\t<\/tr>\n\t\t\n\t\t<tr>\n\t\t\t<td>P<\/td>\n\t\t\t<td style=\"text-align:center;\">Maserati Ghibli <i>o modello simile<\/i><\/td>\n\t\t\t<td style=\"text-align:center;\">fino a \u20ac 3.000,00<\/td>\n\t\t\t<td style=\"text-align:center;\">fino a \u20ac 3.500,00<\/td>\n\t\t<\/tr>\n\n\t\t<tr>\n\t\t\t<td>S<\/td>\n\t\t\t<td style=\"text-align:center;\">Ford Focus SW, Peugeot 308 SW<i>o modello simile<\/i><\/td>\n\t\t\t<td style=\"text-align:center;\">fino a \u20ac 2.200,00<\/td>\n\t\t\t<td style=\"text-align:center;\">fino a \u20ac 2.400,00<\/td>\n\t\t<\/tr>\n\t\t<tr>\n\t\t\t<td>V<\/td>\n\t\t\t<td style=\"text-align:center;\">Piaggio Vespa 125cc, 300cc<i> o modello simile<\/i><\/td>\n\t\t\t<td style=\"text-align:center;\">fino a \u20ac 250,00<\/td>\n\t\t\t<td style=\"text-align:center;\">fino a \u20ac 250,00<\/td>\n\t\t<\/tr>\t\t\n\t\t\n\t<\/tbody>\n<\/table>\t\t<\/div>\n\t\t\t\t<\/div>\n\t\t\t\t<div class=\"elementor-element elementor-element-2ee3396 elementor-widget elementor-widget-text-editor\" data-id=\"2ee3396\" data-element_type=\"widget\" data-widget_type=\"text-editor.default\">\n\t\t\t\t<div class=\"elementor-widget-container\">\n\t\t\t\t\t\t\t\t<div class=\"elementor-text-editor elementor-clearfix\">\n\t\t\t\t\t<p><strong>*In caso di Noleggio Mensile\/Plurimensile, la responsabilit\u00e0 economica danni sar\u00e0 applicata per singolo evento, per maggiori dettagli consulta la Pagina &#8220;<u><a href=\"https:\/\/www.noleggiare.it\/it\/gestione-danni\/\" target=\"_blank\" rel=\"noopener\" data-saferedirecturl=\"https:\/\/www.google.com\/url?q=https:\/\/www.noleggiare.it\/it\/gestione-danni\/&amp;source=gmail&amp;ust=1761129915437000&amp;usg=AOvVaw2HwyiW6N_Z-Fpljen52TGy\">Gestione Danni<\/a><\/u>&#8220;<\/strong><\/p>\t\t\t\t\t<\/div>\n\t\t\t\t\t\t<\/div>\n\t\t\t\t<\/div>\n\t\t\t\t<div class=\"elementor-element elementor-element-f9cdad2 elementor-hidden-phone elementor-widget elementor-widget-spacer\" data-id=\"f9cdad2\" data-element_type=\"widget\" data-widget_type=\"spacer.default\">\n\t\t\t\t<div class=\"elementor-widget-container\">\n\t\t\t\t\t<div class=\"elementor-spacer\">\n\t\t\t<div class=\"elementor-spacer-inner\"><\/div>\n\t\t<\/div>\n\t\t\t\t<\/div>\n\t\t\t\t<\/div>\n\t\t\t\t<div class=\"elementor-element elementor-element-b2f68ee elementor-widget elementor-widget-html\" data-id=\"b2f68ee\" data-element_type=\"widget\" data-widget_type=\"html.default\">\n\t\t\t\t<div class=\"elementor-widget-container\">\n\t\t\t<table class=\"table\">\n\t<tbody>\n\t\t<tr>\n\t\t\t<th>Gruppo di veicoli (FURGONI)<\/th>\n\t\t\t<th style=\"text-align:center;\">Descrizione<\/th>\n\t\t\t<th style=\"text-align:center;\">(Responsabilit\u00e0 Danni)<\/br> per singolo evento<\/th>\n\t\t\t<th style=\"text-align:center;\">(Responsabilit\u00e0 Furto)<\/th>\n\t\t<\/tr>\n\t\t<tr>\n\t\t\t<td>Z0<\/td>\n\t\t\t<td style=\"text-align:center;\">Van Cargo<\/td>\n\t\t\t<td style=\"text-align:center;\">fino a \u20ac 2.000,00<\/td>\n\t\t\t<td style=\"text-align:center;\">fino a \u20ac 2.000,00<\/td>\n\t\t<\/tr>\n\n\t\t<tr>\n\t\t\t<td>Z1<\/td>\n\t\t\t<td style=\"text-align:center;\">Van Cargo<\/td>\n\t\t\t<td style=\"text-align:center;\">fino a \u20ac 2.000,00<\/td>\n\t\t\t<td style=\"text-align:center;\">fino a \u20ac 2.000,00<\/td>\n\t\t<\/tr>\n\n\t\t<tr>\n\t\t\t<td>Z1A<\/td>\n\t\t\t<td style=\"text-align:center;\">Van Cargo XL\n\t\t\t<td style=\"text-align:center;\">fino a \u20ac 2.000,00<\/td>\n\t\t\t<td style=\"text-align:center;\">fino a \u20ac 2.000,00<\/td>\n\t\t<\/tr>\n\t\t<tr>\n        \t<td>Z2<\/td>\n\t\t\t<td style=\"text-align:center;\">Cargo\n\t\t\t<td style=\"text-align:center;\">fino a \u20ac 2.000,00<\/td>\n\t\t\t<td style=\"text-align:center;\">fino a \u20ac 2.000,00<\/td>\n\t\t<\/tr>\n\t\t<tr>\n            <td>Z2+<\/td>\n\t\t\t<td style=\"text-align:center;\">Cargo full electric\n\t\t\t<td style=\"text-align:center;\">fino a \u20ac 3.500,00<\/td>\n\t\t\t<td style=\"text-align:center;\">fino a \u20ac 3.500,00<\/td>\n\t\t<\/tr>\n\n\t\t<tr>\n\t\t\t<td>Z2TF<\/td>\n\t\t\t<td style=\"text-align:center;\">Cargo Frigo\n\t\t\t<td style=\"text-align:center;\">fino a \u20ac 3.500,00<\/td>\n\t\t\t<td style=\"text-align:center;\">fino a \u20ac 3.500,00<\/td>\n\t\t<\/tr>\n\n\t\t<tr>\n\t\t\t<td>Z2A<\/td>\n\t\t\t<td style=\"text-align:center;\">Passo corto\n\t\t\t<td style=\"text-align:center;\">fino a \u20ac 2.000,00<\/td>\n\t\t\t<td style=\"text-align:center;\">fino a \u20ac 2.000,00<\/td>\n\t\t<\/tr>\n\n\t\t<tr>\n\t\t\t<td>Z3<\/td>\n\t\t\t<td style=\"text-align:center;\">Passo medio<\/td>\n\t\t\t<td style=\"text-align:center;\">fino a \u20ac 2.500,00<\/td>\n\t\t\t<td style=\"text-align:center;\">fino a \u20ac 2.500,00<\/td>\n\t\t<\/tr>\n\n\t\t<tr>\n\t\t\t<td>Z3+<\/td>\n\t\t\t<td style=\"text-align:center;\">Passo Medio full electric<\/td>\n\t\t\t<td style=\"text-align:center;\">fino a \u20ac 3.800,00<\/td>\n\t\t\t<td style=\"text-align:center;\">fino a \u20ac 3.800,00<\/td>\n\t\t<\/tr>\n\t\t\n\t\t<tr>\n\t\t\t<td>Z3A<\/td>\n\t\t\t<td style=\"text-align:center;\">Passo lungo<\/td>\n\t\t\t<td style=\"text-align:center;\">fino a \u20ac 2.500,00<\/td>\n\t\t\t<td style=\"text-align:center;\">fino a \u20ac 2.500,00<\/td>\n\t\t<\/tr>\n\n\t\t<tr>\n\t\t\t<td>Z3TF<\/td>\n\t\t\t<td style=\"text-align:center;\">Passo medio frigo<\/td>\n\t\t\t<td style=\"text-align:center;\">fino a \u20ac 3.800,00<\/td>\n\t\t\t<td style=\"text-align:center;\">fino a \u20ac 3.800,00<\/td>\n\t\t<\/tr>\t\n\t\t\n\t\t<tr>\n\t\t\t<td>Z4CR<\/td>\n\t\t\t<td style=\"text-align:center;\">Autocarro<\/td>\n\t\t\t<td style=\"text-align:center;\">fino a \u20ac 3.800,00<\/td>\n\t\t\t<td style=\"text-align:center;\">fino a \u20ac 3.800,00<\/td>\n\t\t<\/tr>\t\n\t\t\n\t\t<tr>\n\t\t\t<td>Z4C7<\/td>\n\t\t\t<td style=\"text-align:center;\">Autocarro 7 posti<\/td>\n\t\t\t<td style=\"text-align:center;\">fino a \u20ac 3.800,00<\/td>\n\t\t\t<td style=\"text-align:center;\">fino a \u20ac 3.800,00<\/td>\n\t\t<\/tr>\t\n\t\t\n\t\t<tr>\n\t\t\t<td>Z4GV<\/td>\n\t\t\t<td style=\"text-align:center;\">Box 18\/20 m3<\/td>\n\t\t\t<td style=\"text-align:center;\">fino a \u20ac 3.800,00<\/td>\n\t\t\t<td style=\"text-align:center;\">fino a \u20ac 3.800,00<\/td>\n\t\t<\/tr>\t\n\t\t\n\t\t<tr>\n\t\t\t<td>Z4PS<\/td>\n\t\t\t<td style=\"text-align:center;\">Box 18\/20 m3 Pedana S.<\/td>\n\t\t\t<td style=\"text-align:center;\">fino a \u20ac 3.800,00<\/td>\n\t\t\t<td style=\"text-align:center;\">fino a \u20ac 3.800,00<\/td>\n\t\t<\/tr>\t\n\t\t\n\t<\/tbody>\n<\/table>\t\t<\/div>\n\t\t\t\t<\/div>\n\t\t\t\t<div class=\"elementor-element elementor-element-13a8baf elementor-widget elementor-widget-text-editor\" data-id=\"13a8baf\" data-element_type=\"widget\" data-widget_type=\"text-editor.default\">\n\t\t\t\t<div class=\"elementor-widget-container\">\n\t\t\t\t\t\t\t\t<div class=\"elementor-text-editor elementor-clearfix\">\n\t\t\t\t\t<p><span style=\"color: #000000; font-family: arial, sans-serif;\">Noleggiare ti consente tuttavia di ridurre o eliminare le tue responsabilit\u00e0 per danneggiamento o furto del veicolo mediante specifici pacchetti. Consulta il nostro\u00a0<a target=\"_blank\" href=\"https:\/\/www.noleggiare.it\/wp-content\/uploads\/2023\/04\/tariffario_noleggiare.pdf\" rel=\"noopener\" data-saferedirecturl=\"https:\/\/www.google.com\/url?q=https:\/\/www.noleggiare.it\/wp-content\/uploads\/2023\/04\/tariffario_noleggiare.pdf&amp;source=gmail&amp;ust=1701440480299000&amp;usg=AOvVaw2nhnm0WjSY4-Mqxa8bDh6A\"><u>Tariffario<\/u><\/a>\u00a0per saperne di pi\u00f9.<\/span><\/p><p><span style=\"color: #000000; font-family: arial, sans-serif;\">Puoi acquistare il tuo pacchetto online sul nostro sito Web\u00a0<a target=\"_blank\" href=\"http:\/\/www.noleggiare.it\/\" rel=\"noopener\" data-saferedirecturl=\"https:\/\/www.google.com\/url?q=http:\/\/www.noleggiare.it\/&amp;source=gmail&amp;ust=1701440480299000&amp;usg=AOvVaw06VhBnUj_mUkWEfFsDjsaB\">www.noleggiare.it<\/a>, mediante il\u00a0<a target=\"_blank\" href=\"https:\/\/www.noleggiare.it\/it\/contatti\/\" rel=\"noopener\" data-saferedirecturl=\"https:\/\/www.google.com\/url?q=https:\/\/www.noleggiare.it\/it\/contatti\/&amp;source=gmail&amp;ust=1701440480299000&amp;usg=AOvVaw1mJjEuMyp29hNwTiWfJqvV\"><u>Centro Prenotazioni Noleggiare<\/u><\/a>\u00a0oppure direttamente nelle\u00a0<a target=\"_blank\" href=\"https:\/\/www.noleggiare.it\/it\/noleggio-auto\/sedi\/\" rel=\"noopener\" data-saferedirecturl=\"https:\/\/www.google.com\/url?q=https:\/\/www.noleggiare.it\/it\/noleggio-auto\/sedi\/&amp;source=gmail&amp;ust=1701440480299000&amp;usg=AOvVaw0O3t4zDHErKckUql1-TvBV\"><u>nostre stazioni di noleggio<\/u><\/a>\u00a0al momento del ritiro del veicolo.<\/span><\/p>\t\t\t\t\t<\/div>\n\t\t\t\t\t\t<\/div>\n\t\t\t\t<\/div>\n\t\t\t\t\t\t<\/div>\n\t\t\t\t\t<\/div>\n\t\t<\/div>\n\t\t\t\t\t\t\t\t<\/div>\n\t\t\t\t\t<\/div>\n\t\t<\/section>\n\t\t\t\t\t\t<\/div>\n\t\t\t\t\t\t<\/div>\n\t\t\t\t\t<\/div>\n\t\t","protected":false},"excerpt":{"rendered":"<p>Responsabilit\u00e0 economiche Tutti i nostri veicoli sono coperti da copertura R.C.A. a norma delle vigenti leggi, la quale garantisce la copertura della Responsabilit\u00e0 Civile nei confronti di terzi. La tariffa di noleggio include il servizio di riduzione convenzionale della responsabilit\u00e0 danni (CDW) e furto (TLW). Il servizio CDW riguarda eventuali danni riscontrati a fine noleggio. [&#8230;]<\/p>\n<p><a class=\"btn btn-secondary understrap-read-more-link\" href=\"https:\/\/www.noleggiare.it\/it\/franchigie\/\">Leggi di pi\u00f9&#8230;<\/a><\/p>\n","protected":false},"author":1,"featured_media":0,"parent":0,"menu_order":0,"comment_status":"closed","ping_status":"closed","template":"elementor_header_footer","meta":[],"acf":[],"yoast_head":"<!-- This site is optimized with the Yoast SEO plugin v17.1 - https:\/\/yoast.com\/wordpress\/plugins\/seo\/ -->\n<title>Franchigie - Noleggiare.it<\/title>\n<meta name=\"robots\" content=\"index, follow, max-snippet:-1, max-image-preview:large, max-video-preview:-1\" \/>\n<link rel=\"canonical\" href=\"https:\/\/www.noleggiare.it\/it\/franchigie\/\" \/>\n<meta property=\"og:locale\" content=\"it_IT\" \/>\n<meta property=\"og:type\" content=\"article\" \/>\n<meta property=\"og:title\" content=\"Franchigie - Noleggiare.it\" \/>\n<meta property=\"og:description\" content=\"Responsabilit\u00e0 economiche Tutti i nostri veicoli sono coperti da copertura R.C.A. a norma delle vigenti leggi, la quale garantisce la copertura della Responsabilit\u00e0 Civile nei confronti di terzi. La tariffa di noleggio include il servizio di riduzione convenzionale della responsabilit\u00e0 danni (CDW) e furto (TLW). Il servizio CDW riguarda eventuali danni riscontrati a fine noleggio. [...]Leggi di pi\u00f9...\" \/>\n<meta property=\"og:url\" content=\"https:\/\/www.noleggiare.it\/it\/franchigie\/\" \/>\n<meta property=\"og:site_name\" content=\"Noleggiare.it\" \/>\n<meta property=\"article:modified_time\" content=\"2025-10-21T11:20:34+00:00\" \/>\n<meta name=\"twitter:card\" content=\"summary_large_image\" \/>\n<meta name=\"twitter:label1\" content=\"Tempo di lettura stimato\" \/>\n\t<meta name=\"twitter:data1\" content=\"3 minuti\" \/>\n<script type=\"application\/ld+json\" class=\"yoast-schema-graph\">{\"@context\":\"https:\/\/schema.org\",\"@graph\":[{\"@type\":\"WebSite\",\"@id\":\"https:\/\/www.noleggiare.it\/it\/#website\",\"url\":\"https:\/\/www.noleggiare.it\/it\/\",\"name\":\"Noleggiare.it\",\"description\":\"Happy rent!\",\"potentialAction\":[{\"@type\":\"SearchAction\",\"target\":{\"@type\":\"EntryPoint\",\"urlTemplate\":\"https:\/\/www.noleggiare.it\/it\/?s={search_term_string}\"},\"query-input\":\"required name=search_term_string\"}],\"inLanguage\":\"it-IT\"},{\"@type\":\"WebPage\",\"@id\":\"https:\/\/www.noleggiare.it\/it\/franchigie\/#webpage\",\"url\":\"https:\/\/www.noleggiare.it\/it\/franchigie\/\",\"name\":\"Franchigie - Noleggiare.it\",\"isPartOf\":{\"@id\":\"https:\/\/www.noleggiare.it\/it\/#website\"},\"datePublished\":\"2018-06-26T11:11:06+00:00\",\"dateModified\":\"2025-10-21T11:20:34+00:00\",\"breadcrumb\":{\"@id\":\"https:\/\/www.noleggiare.it\/it\/franchigie\/#breadcrumb\"},\"inLanguage\":\"it-IT\",\"potentialAction\":[{\"@type\":\"ReadAction\",\"target\":[\"https:\/\/www.noleggiare.it\/it\/franchigie\/\"]}]},{\"@type\":\"BreadcrumbList\",\"@id\":\"https:\/\/www.noleggiare.it\/it\/franchigie\/#breadcrumb\",\"itemListElement\":[{\"@type\":\"ListItem\",\"position\":1,\"name\":\"Franchigie\"}]}]}<\/script>\n<!-- \/ Yoast SEO plugin. -->","yoast_head_json":{"title":"Franchigie - Noleggiare.it","robots":{"index":"index","follow":"follow","max-snippet":"max-snippet:-1","max-image-preview":"max-image-preview:large","max-video-preview":"max-video-preview:-1"},"canonical":"https:\/\/www.noleggiare.it\/it\/franchigie\/","og_locale":"it_IT","og_type":"article","og_title":"Franchigie - Noleggiare.it","og_description":"Responsabilit\u00e0 economiche Tutti i nostri veicoli sono coperti da copertura R.C.A. a norma delle vigenti leggi, la quale garantisce la copertura della Responsabilit\u00e0 Civile nei confronti di terzi. La tariffa di noleggio include il servizio di riduzione convenzionale della responsabilit\u00e0 danni (CDW) e furto (TLW). Il servizio CDW riguarda eventuali danni riscontrati a fine noleggio. [...]Leggi di pi\u00f9...","og_url":"https:\/\/www.noleggiare.it\/it\/franchigie\/","og_site_name":"Noleggiare.it","article_modified_time":"2025-10-21T11:20:34+00:00","twitter_card":"summary_large_image","twitter_misc":{"Tempo di lettura stimato":"3 minuti"},"schema":{"@context":"https:\/\/schema.org","@graph":[{"@type":"WebSite","@id":"https:\/\/www.noleggiare.it\/it\/#website","url":"https:\/\/www.noleggiare.it\/it\/","name":"Noleggiare.it","description":"Happy rent!","potentialAction":[{"@type":"SearchAction","target":{"@type":"EntryPoint","urlTemplate":"https:\/\/www.noleggiare.it\/it\/?s={search_term_string}"},"query-input":"required name=search_term_string"}],"inLanguage":"it-IT"},{"@type":"WebPage","@id":"https:\/\/www.noleggiare.it\/it\/franchigie\/#webpage","url":"https:\/\/www.noleggiare.it\/it\/franchigie\/","name":"Franchigie - Noleggiare.it","isPartOf":{"@id":"https:\/\/www.noleggiare.it\/it\/#website"},"datePublished":"2018-06-26T11:11:06+00:00","dateModified":"2025-10-21T11:20:34+00:00","breadcrumb":{"@id":"https:\/\/www.noleggiare.it\/it\/franchigie\/#breadcrumb"},"inLanguage":"it-IT","potentialAction":[{"@type":"ReadAction","target":["https:\/\/www.noleggiare.it\/it\/franchigie\/"]}]},{"@type":"BreadcrumbList","@id":"https:\/\/www.noleggiare.it\/it\/franchigie\/#breadcrumb","itemListElement":[{"@type":"ListItem","position":1,"name":"Franchigie"}]}]}},"wps_subtitle":"","_links":{"self":[{"href":"https:\/\/www.noleggiare.it\/it\/wp-json\/wp\/v2\/pages\/501"}],"collection":[{"href":"https:\/\/www.noleggiare.it\/it\/wp-json\/wp\/v2\/pages"}],"about":[{"href":"https:\/\/www.noleggiare.it\/it\/wp-json\/wp\/v2\/types\/page"}],"author":[{"embeddable":true,"href":"https:\/\/www.noleggiare.it\/it\/wp-json\/wp\/v2\/users\/1"}],"replies":[{"embeddable":true,"href":"https:\/\/www.noleggiare.it\/it\/wp-json\/wp\/v2\/comments?post=501"}],"version-history":[{"count":96,"href":"https:\/\/www.noleggiare.it\/it\/wp-json\/wp\/v2\/pages\/501\/revisions"}],"predecessor-version":[{"id":342616,"href":"https:\/\/www.noleggiare.it\/it\/wp-json\/wp\/v2\/pages\/501\/revisions\/342616"}],"wp:attachment":[{"href":"https:\/\/www.noleggiare.it\/it\/wp-json\/wp\/v2\/media?parent=501"}],"curies":[{"name":"wp","href":"https:\/\/api.w.org\/{rel}","templated":true}]}}