{"id":52,"date":"2018-05-16T12:41:16","date_gmt":"2018-05-16T10:41:16","guid":{"rendered":"http:\/\/noleggiaredev.proteinic.com\/noleggiare.it\/?page_id=52"},"modified":"2026-04-29T12:48:33","modified_gmt":"2026-04-29T10:48:33","slug":"auto-nuove","status":"publish","type":"page","link":"https:\/\/www.noleggiare.it\/it\/noleggio-lungo-termine\/auto-nuove\/","title":{"rendered":"Noleggio Lungo Termine"},"content":{"rendered":"\t\t<div data-elementor-type=\"wp-post\" data-elementor-id=\"52\" data-post-id=\"52\" data-obj-id=\"52\" class=\"elementor elementor-52 dce-elementor-post-52\" data-elementor-settings=\"[]\">\n\t\t\t\t\t\t<div class=\"elementor-inner\">\n\t\t\t\t\t\t\t<div class=\"elementor-section-wrap\">\n\t\t\t\t\t\t\t<section class=\"elementor-section elementor-top-section elementor-element elementor-element-39ac1a9 elementor-section-stretched elementor-section-full_width nlt-slider elementor-hidden-tablet elementor-hidden-phone elementor-section-height-default elementor-section-height-default\" data-id=\"39ac1a9\" data-element_type=\"section\" data-settings=\"{&quot;stretch_section&quot;:&quot;section-stretched&quot;}\">\n\t\t\t\t\t\t<div class=\"elementor-container elementor-column-gap-default\">\n\t\t\t\t\t\t\t<div class=\"elementor-row\">\n\t\t\t\t\t<div class=\"elementor-column elementor-col-100 elementor-top-column elementor-element elementor-element-3015a9b\" data-id=\"3015a9b\" data-element_type=\"column\">\n\t\t\t<div class=\"elementor-column-wrap elementor-element-populated\">\n\t\t\t\t\t\t\t<div class=\"elementor-widget-wrap\">\n\t\t\t\t\t\t<section class=\"elementor-section elementor-inner-section elementor-element elementor-element-4eadc98 elementor-section-full_width elementor-section-height-default elementor-section-height-default\" data-id=\"4eadc98\" data-element_type=\"section\">\n\t\t\t\t\t\t<div class=\"elementor-container elementor-column-gap-default\">\n\t\t\t\t\t\t\t<div class=\"elementor-row\">\n\t\t\t\t\t<div class=\"elementor-column elementor-col-50 elementor-inner-column elementor-element elementor-element-c30e5e8\" data-id=\"c30e5e8\" data-element_type=\"column\">\n\t\t\t<div class=\"elementor-column-wrap elementor-element-populated\">\n\t\t\t\t\t\t\t<div class=\"elementor-widget-wrap\">\n\t\t\t\t\t\t<div class=\"elementor-element elementor-element-c18131f elementor-widget elementor-widget-heading\" data-id=\"c18131f\" data-element_type=\"widget\" data-widget_type=\"heading.default\">\n\t\t\t\t<div class=\"elementor-widget-container\">\n\t\t\t<h2 class=\"elementor-heading-title elementor-size-default\">Noleggio a lungo termine<\/h2>\t\t<\/div>\n\t\t\t\t<\/div>\n\t\t\t\t<div class=\"elementor-element elementor-element-c8d0cec elementor-widget elementor-widget-text-editor\" data-id=\"c8d0cec\" data-element_type=\"widget\" data-widget_type=\"text-editor.default\">\n\t\t\t\t<div class=\"elementor-widget-container\">\n\t\t\t\t\t\t\t\t<div class=\"elementor-text-editor elementor-clearfix\">\n\t\t\t\t\tScopri le nostre migliori promozioni per il <strong>noleggio a lungo termine<\/strong> dedicato a privati, aziende e professionisti con Partita IVA. Tra i vantaggi di questa formula di autonoleggio la gestione semplice della flotta aziendale<b>,<\/b>\u00a0i costi sempre sotto controllo, i vantaggi fiscali, la consulenza a 360\u00b0 e la mobilit\u00e0 flessibile e continua.\nTrova l&#8217;<b>auto a noleggio <\/b>o il <strong>veicolo commerciale<\/strong> pi\u00f9 adatto alle tue esigenze, con o senza anticipo e personalizza l&#8217;offerta su misura per te.\t\t\t\t\t<\/div>\n\t\t\t\t\t\t<\/div>\n\t\t\t\t<\/div>\n\t\t\t\t\t\t<\/div>\n\t\t\t\t\t<\/div>\n\t\t<\/div>\n\t\t\t\t<div class=\"elementor-column elementor-col-50 elementor-inner-column elementor-element elementor-element-9280135\" data-id=\"9280135\" data-element_type=\"column\">\n\t\t\t<div class=\"elementor-column-wrap elementor-element-populated\">\n\t\t\t\t\t\t\t<div class=\"elementor-widget-wrap\">\n\t\t\t\t\t\t<div class=\"elementor-element elementor-element-4cd9afb elementor--h-position-left elementor--v-position-middle elementor-pagination-position-inside elementor-widget elementor-widget-slides\" data-id=\"4cd9afb\" data-element_type=\"widget\" data-settings=\"{&quot;autoplay_speed&quot;:4000,&quot;navigation&quot;:&quot;dots&quot;,&quot;autoplay&quot;:&quot;yes&quot;,&quot;pause_on_interaction&quot;:&quot;yes&quot;,&quot;infinite&quot;:&quot;yes&quot;,&quot;transition&quot;:&quot;slide&quot;,&quot;transition_speed&quot;:500}\" data-widget_type=\"slides.default\">\n\t\t\t\t<div class=\"elementor-widget-container\">\n\t\t\t\t\t<div class=\"elementor-swiper\">\n\t\t\t<div class=\"elementor-slides-wrapper elementor-main-swiper swiper-container\" dir=\"ltr\" data-animation=\"fadeInUp\">\n\t\t\t\t<div class=\"swiper-wrapper elementor-slides\">\n\t\t\t\t\t<div class=\"elementor-repeater-item-a3511d8 swiper-slide\"><div class=\"swiper-slide-bg\"><\/div><a class=\"swiper-slide-inner\" href=\"https:\/\/www.noleggiare.it\/it\/offerta-noleggio-lungo-termine-fiat-grande-panda\/\"><div class=\"swiper-slide-contents\"><div class=\"elementor-slide-heading\">FIAT GRANDE PANDA<\/div><div class=\"elementor-slide-description\">Un modello che reinterpreta la tradizionale <\/br>idea di utilitaria trasformandola<\/br> in un moderno B-SUV compatto.<\/div><div  class=\"elementor-button elementor-slide-button elementor-size-sm\">Blocca l'offerta<\/div><\/div><\/a><\/div><div class=\"elementor-repeater-item-a5987a4 swiper-slide\"><div class=\"swiper-slide-bg\"><\/div><a class=\"swiper-slide-inner\" href=\"https:\/\/www.noleggiare.it\/it\/offerta-noleggio-lungo-termine-jaecoo-7\/\"><div class=\"swiper-slide-contents\"><div class=\"elementor-slide-heading\">JAECOO 7<\/div><div class=\"elementor-slide-description\">Un SUV dall\u2019aspetto moderno <\/br>e riconoscibile, che porta a bordo <\/br>tutto ci\u00f2 che la tecnologia moderna<\/br> pu\u00f2 offrire.<\/div><div  class=\"elementor-button elementor-slide-button elementor-size-sm\">Richiedi un preventivo<\/div><\/div><\/a><\/div><div class=\"elementor-repeater-item-ff3a3b3 swiper-slide\"><div class=\"swiper-slide-bg\"><\/div><a class=\"swiper-slide-inner\" href=\"https:\/\/www.noleggiare.it\/it\/noleggio-aziende-pmi-senza-anticipo\/\"><div class=\"swiper-slide-contents\"><div class=\"elementor-slide-heading\">PER PMI<\/div><div class=\"elementor-slide-description\">Tutto incluso, costi certi e <\/br>nessuna sorpresa.<\/div><div  class=\"elementor-button elementor-slide-button elementor-size-sm\">Richiedi una consulenza<\/div><\/div><\/a><\/div><div class=\"elementor-repeater-item-ca99904 swiper-slide\"><div class=\"swiper-slide-bg\"><\/div><a class=\"swiper-slide-inner\" href=\"https:\/\/www.noleggiare.it\/it\/noleggio-lungo-termine-fiat-ducato-anticipo-zero\/\"><div class=\"swiper-slide-contents\"><div class=\"elementor-slide-heading\">FIAT DUCATO<\/div><div class=\"elementor-slide-description\">La soluzione che accompagna <\/br>la crescita della tua impresa.<\/div><div  class=\"elementor-button elementor-slide-button elementor-size-sm\">Richiedi subito<\/div><\/div><\/a><\/div><div class=\"elementor-repeater-item-c8893c4 swiper-slide\"><div class=\"swiper-slide-bg\"><\/div><a class=\"swiper-slide-inner\" href=\"https:\/\/www.noleggiare.it\/it\/noleggio-lungo-termine-veicoli-plug-in\/\"><div class=\"swiper-slide-contents\"><div class=\"elementor-slide-heading\">VEICOLI PLUG-IN<\/div><div class=\"elementor-slide-description\">La mobilit\u00e0 sostenibile che fa <\/br>la differenza.<\/div><div  class=\"elementor-button elementor-slide-button elementor-size-sm\">Risparmia ora<\/div><\/div><\/a><\/div><div class=\"elementor-repeater-item-5d96426 swiper-slide\"><div class=\"swiper-slide-bg\"><\/div><a class=\"swiper-slide-inner\" href=\"https:\/\/www.noleggiare.it\/it\/noleggio-lungo-termine-nuova-renault-clio\/\"><div class=\"swiper-slide-contents\"><div class=\"elementor-slide-heading\">NUOVA CLIO<\/div><div class=\"elementor-slide-description\">Ideale per privati, professionisti e PMI.<\/div><div  class=\"elementor-button elementor-slide-button elementor-size-sm\">Approfitta dell'offerta<\/div><\/div><\/a><\/div><div class=\"elementor-repeater-item-30b0ef2 swiper-slide\"><div class=\"swiper-slide-bg\"><\/div><a class=\"swiper-slide-inner\" href=\"https:\/\/www.noleggiare.it\/it\/noleggio-lungo-termine-veicoli-commerciali-senza-anticipo\/\"><div class=\"swiper-slide-contents\"><div class=\"elementor-slide-heading\">VEICOLI<\/br> COMMERCIALI<\/div><div class=\"elementor-slide-description\">Su misura per aziende e professionisti.<\/div><div  class=\"elementor-button elementor-slide-button elementor-size-sm\">Scopri i modelli<\/div><\/div><\/a><\/div><div class=\"elementor-repeater-item-67ee33c swiper-slide\"><div class=\"swiper-slide-bg\"><\/div><a class=\"swiper-slide-inner\" href=\"https:\/\/www.noleggiare.it\/it\/noleggio-lungo-termine-tutto-incluso\/\"><div class=\"swiper-slide-contents\"><div class=\"elementor-slide-heading\">TROVA<\/br> LA TUA OCCASIONE<\/div><div class=\"elementor-slide-description\">Per chi cerca una mobilit\u00e0 senza pensieri.<\/div><div  class=\"elementor-button elementor-slide-button elementor-size-sm\">Scopri i modelli<\/div><\/div><\/a><\/div>\t\t\t\t<\/div>\n\t\t\t\t\t\t\t\t\t\t\t\t\t\t\t<div class=\"swiper-pagination\"><\/div>\n\t\t\t\t\t\t\t\t\t\t\t\t\t\t\t\t\t<\/div>\n\t\t<\/div>\n\t\t\t\t<\/div>\n\t\t\t\t<\/div>\n\t\t\t\t\t\t<\/div>\n\t\t\t\t\t<\/div>\n\t\t<\/div>\n\t\t\t\t\t\t\t\t<\/div>\n\t\t\t\t\t<\/div>\n\t\t<\/section>\n\t\t\t\t\t\t<\/div>\n\t\t\t\t\t<\/div>\n\t\t<\/div>\n\t\t\t\t\t\t\t\t<\/div>\n\t\t\t\t\t<\/div>\n\t\t<\/section>\n\t\t\t\t<section class=\"elementor-section elementor-top-section elementor-element elementor-element-156e114 elementor-section-stretched elementor-section-full_width nlt-slider elementor-hidden-desktop elementor-section-height-default elementor-section-height-default\" data-id=\"156e114\" data-element_type=\"section\" data-settings=\"{&quot;stretch_section&quot;:&quot;section-stretched&quot;}\">\n\t\t\t\t\t\t<div class=\"elementor-container elementor-column-gap-default\">\n\t\t\t\t\t\t\t<div class=\"elementor-row\">\n\t\t\t\t\t<div class=\"elementor-column elementor-col-100 elementor-top-column elementor-element elementor-element-4a7c8e0\" data-id=\"4a7c8e0\" data-element_type=\"column\">\n\t\t\t<div class=\"elementor-column-wrap elementor-element-populated\">\n\t\t\t\t\t\t\t<div class=\"elementor-widget-wrap\">\n\t\t\t\t\t\t<section class=\"elementor-section elementor-inner-section elementor-element elementor-element-7e2404d elementor-section-full_width elementor-section-height-default elementor-section-height-default\" data-id=\"7e2404d\" data-element_type=\"section\">\n\t\t\t\t\t\t<div class=\"elementor-container elementor-column-gap-default\">\n\t\t\t\t\t\t\t<div class=\"elementor-row\">\n\t\t\t\t\t<div class=\"elementor-column elementor-col-50 elementor-inner-column elementor-element elementor-element-7b1c6ed\" data-id=\"7b1c6ed\" data-element_type=\"column\">\n\t\t\t<div class=\"elementor-column-wrap elementor-element-populated\">\n\t\t\t\t\t\t\t<div class=\"elementor-widget-wrap\">\n\t\t\t\t\t\t<div class=\"elementor-element elementor-element-848551b elementor-widget elementor-widget-heading\" data-id=\"848551b\" data-element_type=\"widget\" data-widget_type=\"heading.default\">\n\t\t\t\t<div class=\"elementor-widget-container\">\n\t\t\t<h2 class=\"elementor-heading-title elementor-size-default\">Noleggio a lungo termine <\/h2>\t\t<\/div>\n\t\t\t\t<\/div>\n\t\t\t\t<div class=\"elementor-element elementor-element-4b1fae3 elementor-widget elementor-widget-text-editor\" data-id=\"4b1fae3\" data-element_type=\"widget\" data-widget_type=\"text-editor.default\">\n\t\t\t\t<div class=\"elementor-widget-container\">\n\t\t\t\t\t\t\t\t<div class=\"elementor-text-editor elementor-clearfix\">\n\t\t\t\t\t<p>Scopri le migliori offerte di <strong>noleggio a lungo termine<\/strong> per privati, aziende, professionisti e possessori di partita iva. Noleggiare \u00e8 trasparenza nei costi, nelle rate, qualit\u00e0 e affidabilit\u00e0 italiana e assistenza h24.\u00a0\u00a0<\/p><p><br \/><strong>Trova l&#8217;auto o il veicolo commerciale<\/strong> pi\u00f9 adatto alle tue esigenze, con o senza anticipo e non perdere le promozioni.\u00a0<\/p>\t\t\t\t\t<\/div>\n\t\t\t\t\t\t<\/div>\n\t\t\t\t<\/div>\n\t\t\t\t<div class=\"elementor-element elementor-element-76e3a0e elementor-mobile-align-center elementor-widget elementor-widget-button\" data-id=\"76e3a0e\" data-element_type=\"widget\" data-widget_type=\"button.default\">\n\t\t\t\t<div class=\"elementor-widget-container\">\n\t\t\t\t\t<div class=\"elementor-button-wrapper\">\n\t\t\t<a href=\"https:\/\/www.noleggiare.it\/it\/noleggio-lungo-termine\/promozioni-lungo-termine\/\" class=\"elementor-button-link elementor-button elementor-size-sm\" role=\"button\">\n\t\t\t\t\t\t<span class=\"elementor-button-content-wrapper\">\n\t\t\t\t\t\t<span class=\"elementor-button-text\"><b>Scopri le offerte del mese <\/b><\/span>\n\t\t<\/span>\n\t\t\t\t\t<\/a>\n\t\t<\/div>\n\t\t\t\t<\/div>\n\t\t\t\t<\/div>\n\t\t\t\t\t\t<\/div>\n\t\t\t\t\t<\/div>\n\t\t<\/div>\n\t\t\t\t<div class=\"elementor-column elementor-col-50 elementor-inner-column elementor-element elementor-element-dc8d801\" data-id=\"dc8d801\" data-element_type=\"column\">\n\t\t\t<div class=\"elementor-column-wrap\">\n\t\t\t\t\t\t\t<div class=\"elementor-widget-wrap\">\n\t\t\t\t\t\t\t\t<\/div>\n\t\t\t\t\t<\/div>\n\t\t<\/div>\n\t\t\t\t\t\t\t\t<\/div>\n\t\t\t\t\t<\/div>\n\t\t<\/section>\n\t\t\t\t\t\t<\/div>\n\t\t\t\t\t<\/div>\n\t\t<\/div>\n\t\t\t\t\t\t\t\t<\/div>\n\t\t\t\t\t<\/div>\n\t\t<\/section>\n\t\t\t\t\t\t<\/div>\n\t\t\t\t\t\t<\/div>\n\t\t\t\t\t<\/div>\n\t\t","protected":false},"excerpt":{"rendered":"<p>Noleggio a lungo termine Scopri le nostre migliori promozioni per il noleggio a lungo termine dedicato a privati, aziende e professionisti con Partita IVA. Tra i vantaggi di questa formula di autonoleggio la gestione semplice della flotta aziendale,\u00a0i costi sempre sotto controllo, i vantaggi fiscali, la consulenza a 360\u00b0 e la mobilit\u00e0 flessibile e continua. [&#8230;]<\/p>\n<p><a class=\"btn btn-secondary understrap-read-more-link\" href=\"https:\/\/www.noleggiare.it\/it\/noleggio-lungo-termine\/auto-nuove\/\">Leggi di pi\u00f9&#8230;<\/a><\/p>\n","protected":false},"author":1,"featured_media":0,"parent":11,"menu_order":0,"comment_status":"closed","ping_status":"closed","template":"page_nlt.php","meta":[],"acf":[],"yoast_head":"<!-- This site is optimized with the Yoast SEO plugin v17.1 - https:\/\/yoast.com\/wordpress\/plugins\/seo\/ -->\n<title>Noleggio Lungo Termine - Noleggiare.it<\/title>\n<meta name=\"description\" content=\"Noleggio lungo termine - Trova la tua auto a tra le nostre offerte. Scegli la formula che ti permette di pianificare i costi in anticipo.\" \/>\n<meta name=\"robots\" content=\"index, follow, max-snippet:-1, max-image-preview:large, max-video-preview:-1\" \/>\n<link rel=\"canonical\" href=\"https:\/\/www.noleggiare.it\/it\/noleggio-lungo-termine\/auto-nuove\/\" \/>\n<meta property=\"og:locale\" content=\"it_IT\" \/>\n<meta property=\"og:type\" content=\"article\" \/>\n<meta property=\"og:title\" content=\"Noleggio Lungo Termine - Noleggiare.it\" \/>\n<meta property=\"og:description\" content=\"Noleggio lungo termine - Trova la tua auto a tra le nostre offerte. Scegli la formula che ti permette di pianificare i costi in anticipo.\" \/>\n<meta property=\"og:url\" content=\"https:\/\/www.noleggiare.it\/it\/noleggio-lungo-termine\/auto-nuove\/\" \/>\n<meta property=\"og:site_name\" content=\"Noleggiare.it\" \/>\n<meta property=\"article:modified_time\" content=\"2026-04-29T10:48:33+00:00\" \/>\n<meta name=\"twitter:card\" content=\"summary_large_image\" \/>\n<meta name=\"twitter:label1\" content=\"Tempo di lettura stimato\" \/>\n\t<meta name=\"twitter:data1\" content=\"3 minuti\" \/>\n<script type=\"application\/ld+json\" class=\"yoast-schema-graph\">{\"@context\":\"https:\/\/schema.org\",\"@graph\":[{\"@type\":\"WebSite\",\"@id\":\"https:\/\/www.noleggiare.it\/it\/#website\",\"url\":\"https:\/\/www.noleggiare.it\/it\/\",\"name\":\"Noleggiare.it\",\"description\":\"Happy rent!\",\"potentialAction\":[{\"@type\":\"SearchAction\",\"target\":{\"@type\":\"EntryPoint\",\"urlTemplate\":\"https:\/\/www.noleggiare.it\/it\/?s={search_term_string}\"},\"query-input\":\"required name=search_term_string\"}],\"inLanguage\":\"it-IT\"},{\"@type\":\"WebPage\",\"@id\":\"https:\/\/www.noleggiare.it\/it\/noleggio-lungo-termine\/auto-nuove\/#webpage\",\"url\":\"https:\/\/www.noleggiare.it\/it\/noleggio-lungo-termine\/auto-nuove\/\",\"name\":\"Noleggio Lungo Termine - Noleggiare.it\",\"isPartOf\":{\"@id\":\"https:\/\/www.noleggiare.it\/it\/#website\"},\"datePublished\":\"2018-05-16T10:41:16+00:00\",\"dateModified\":\"2026-04-29T10:48:33+00:00\",\"description\":\"Noleggio lungo termine - Trova la tua auto a tra le nostre offerte. Scegli la formula che ti permette di pianificare i costi in anticipo.\",\"breadcrumb\":{\"@id\":\"https:\/\/www.noleggiare.it\/it\/noleggio-lungo-termine\/auto-nuove\/#breadcrumb\"},\"inLanguage\":\"it-IT\",\"potentialAction\":[{\"@type\":\"ReadAction\",\"target\":[\"https:\/\/www.noleggiare.it\/it\/noleggio-lungo-termine\/auto-nuove\/\"]}]},{\"@type\":\"BreadcrumbList\",\"@id\":\"https:\/\/www.noleggiare.it\/it\/noleggio-lungo-termine\/auto-nuove\/#breadcrumb\",\"itemListElement\":[{\"@type\":\"ListItem\",\"position\":1,\"name\":\"Noleggio lungo termine\",\"item\":\"https:\/\/www.noleggiare.it\/it\/noleggio-lungo-termine\/\"},{\"@type\":\"ListItem\",\"position\":2,\"name\":\"Noleggio Lungo Termine\"}]}]}<\/script>\n<!-- \/ Yoast SEO plugin. -->","yoast_head_json":{"title":"Noleggio Lungo Termine - Noleggiare.it","description":"Noleggio lungo termine - Trova la tua auto a tra le nostre offerte. Scegli la formula che ti permette di pianificare i costi in anticipo.","robots":{"index":"index","follow":"follow","max-snippet":"max-snippet:-1","max-image-preview":"max-image-preview:large","max-video-preview":"max-video-preview:-1"},"canonical":"https:\/\/www.noleggiare.it\/it\/noleggio-lungo-termine\/auto-nuove\/","og_locale":"it_IT","og_type":"article","og_title":"Noleggio Lungo Termine - Noleggiare.it","og_description":"Noleggio lungo termine - Trova la tua auto a tra le nostre offerte. Scegli la formula che ti permette di pianificare i costi in anticipo.","og_url":"https:\/\/www.noleggiare.it\/it\/noleggio-lungo-termine\/auto-nuove\/","og_site_name":"Noleggiare.it","article_modified_time":"2026-04-29T10:48:33+00:00","twitter_card":"summary_large_image","twitter_misc":{"Tempo di lettura stimato":"3 minuti"},"schema":{"@context":"https:\/\/schema.org","@graph":[{"@type":"WebSite","@id":"https:\/\/www.noleggiare.it\/it\/#website","url":"https:\/\/www.noleggiare.it\/it\/","name":"Noleggiare.it","description":"Happy rent!","potentialAction":[{"@type":"SearchAction","target":{"@type":"EntryPoint","urlTemplate":"https:\/\/www.noleggiare.it\/it\/?s={search_term_string}"},"query-input":"required name=search_term_string"}],"inLanguage":"it-IT"},{"@type":"WebPage","@id":"https:\/\/www.noleggiare.it\/it\/noleggio-lungo-termine\/auto-nuove\/#webpage","url":"https:\/\/www.noleggiare.it\/it\/noleggio-lungo-termine\/auto-nuove\/","name":"Noleggio Lungo Termine - Noleggiare.it","isPartOf":{"@id":"https:\/\/www.noleggiare.it\/it\/#website"},"datePublished":"2018-05-16T10:41:16+00:00","dateModified":"2026-04-29T10:48:33+00:00","description":"Noleggio lungo termine - Trova la tua auto a tra le nostre offerte. Scegli la formula che ti permette di pianificare i costi in anticipo.","breadcrumb":{"@id":"https:\/\/www.noleggiare.it\/it\/noleggio-lungo-termine\/auto-nuove\/#breadcrumb"},"inLanguage":"it-IT","potentialAction":[{"@type":"ReadAction","target":["https:\/\/www.noleggiare.it\/it\/noleggio-lungo-termine\/auto-nuove\/"]}]},{"@type":"BreadcrumbList","@id":"https:\/\/www.noleggiare.it\/it\/noleggio-lungo-termine\/auto-nuove\/#breadcrumb","itemListElement":[{"@type":"ListItem","position":1,"name":"Noleggio lungo termine","item":"https:\/\/www.noleggiare.it\/it\/noleggio-lungo-termine\/"},{"@type":"ListItem","position":2,"name":"Noleggio Lungo Termine"}]}]}},"wps_subtitle":"Scopri le nostre offerte di noleggio a lungo termine con o senza anticipo","_links":{"self":[{"href":"https:\/\/www.noleggiare.it\/it\/wp-json\/wp\/v2\/pages\/52"}],"collection":[{"href":"https:\/\/www.noleggiare.it\/it\/wp-json\/wp\/v2\/pages"}],"about":[{"href":"https:\/\/www.noleggiare.it\/it\/wp-json\/wp\/v2\/types\/page"}],"author":[{"embeddable":true,"href":"https:\/\/www.noleggiare.it\/it\/wp-json\/wp\/v2\/users\/1"}],"replies":[{"embeddable":true,"href":"https:\/\/www.noleggiare.it\/it\/wp-json\/wp\/v2\/comments?post=52"}],"version-history":[{"count":1710,"href":"https:\/\/www.noleggiare.it\/it\/wp-json\/wp\/v2\/pages\/52\/revisions"}],"predecessor-version":[{"id":374333,"href":"https:\/\/www.noleggiare.it\/it\/wp-json\/wp\/v2\/pages\/52\/revisions\/374333"}],"up":[{"embeddable":true,"href":"https:\/\/www.noleggiare.it\/it\/wp-json\/wp\/v2\/pages\/11"}],"wp:attachment":[{"href":"https:\/\/www.noleggiare.it\/it\/wp-json\/wp\/v2\/media?parent=52"}],"curies":[{"name":"wp","href":"https:\/\/api.w.org\/{rel}","templated":true}]}}