{"id":87945,"date":"2021-09-20T17:27:55","date_gmt":"2021-09-20T15:27:55","guid":{"rendered":"https:\/\/www.noleggiare.it\/?page_id=87945"},"modified":"2024-01-05T11:52:20","modified_gmt":"2024-01-05T10:52:20","slug":"sconto-best-western","status":"publish","type":"page","link":"https:\/\/www.noleggiare.it\/it\/sconto-best-western\/","title":{"rendered":"Sconto Best Western"},"content":{"rendered":"\t\t<div data-elementor-type=\"wp-post\" data-elementor-id=\"87945\" data-post-id=\"87945\" data-obj-id=\"87945\" class=\"elementor elementor-87945 dce-elementor-post-87945\" data-elementor-settings=\"[]\">\n\t\t\t\t\t\t<div class=\"elementor-inner\">\n\t\t\t\t\t\t\t<div class=\"elementor-section-wrap\">\n\t\t\t\t\t\t\t<section class=\"elementor-section elementor-top-section elementor-element elementor-element-4902d1a elementor-section-stretched elementor-section-full_width elementor-hidden-tablet elementor-hidden-phone elementor-section-height-default elementor-section-height-default\" data-id=\"4902d1a\" data-element_type=\"section\" data-settings=\"{&quot;stretch_section&quot;:&quot;section-stretched&quot;,&quot;background_background&quot;:&quot;classic&quot;}\">\n\t\t\t\t\t\t<div class=\"elementor-container elementor-column-gap-default\">\n\t\t\t\t\t\t\t<div class=\"elementor-row\">\n\t\t\t\t\t<div class=\"elementor-column elementor-col-100 elementor-top-column elementor-element elementor-element-a70c8ab\" data-id=\"a70c8ab\" data-element_type=\"column\">\n\t\t\t<div class=\"elementor-column-wrap elementor-element-populated\">\n\t\t\t\t\t\t\t<div class=\"elementor-widget-wrap\">\n\t\t\t\t\t\t<div class=\"elementor-element elementor-element-13cae7f dce_masking-none elementor-widget elementor-widget-image\" data-id=\"13cae7f\" data-element_type=\"widget\" data-widget_type=\"image.default\">\n\t\t\t\t<div class=\"elementor-widget-container\">\n\t\t\t\t\t\t\t\t<div class=\"elementor-image\">\n\t\t\t\t\t\t\t\t\t\t\t\t<img width=\"1920\" height=\"699\" src=\"https:\/\/www.noleggiare.it\/wp-content\/uploads\/2021\/09\/noleggiare_BestWestern-header-1.jpg\" class=\"attachment-full size-full\" alt=\"\" loading=\"lazy\" srcset=\"https:\/\/www.noleggiare.it\/wp-content\/uploads\/2021\/09\/noleggiare_BestWestern-header-1.jpg 1920w, https:\/\/www.noleggiare.it\/wp-content\/uploads\/2021\/09\/noleggiare_BestWestern-header-1-300x109.jpg 300w, https:\/\/www.noleggiare.it\/wp-content\/uploads\/2021\/09\/noleggiare_BestWestern-header-1-1024x373.jpg 1024w, https:\/\/www.noleggiare.it\/wp-content\/uploads\/2021\/09\/noleggiare_BestWestern-header-1-768x280.jpg 768w, https:\/\/www.noleggiare.it\/wp-content\/uploads\/2021\/09\/noleggiare_BestWestern-header-1-1536x559.jpg 1536w\" sizes=\"(max-width: 1920px) 100vw, 1920px\" \/>\t\t\t\t\t\t\t\t\t\t\t\t\t\t<\/div>\n\t\t\t\t\t\t<\/div>\n\t\t\t\t<\/div>\n\t\t\t\t\t\t<\/div>\n\t\t\t\t\t<\/div>\n\t\t<\/div>\n\t\t\t\t\t\t\t\t<\/div>\n\t\t\t\t\t<\/div>\n\t\t<\/section>\n\t\t\t\t<section class=\"elementor-section elementor-top-section elementor-element elementor-element-12cf677 elementor-section-stretched elementor-section-full_width elementor-hidden-desktop elementor-section-height-default elementor-section-height-default\" data-id=\"12cf677\" data-element_type=\"section\" data-settings=\"{&quot;stretch_section&quot;:&quot;section-stretched&quot;,&quot;background_background&quot;:&quot;classic&quot;}\">\n\t\t\t\t\t\t<div class=\"elementor-container elementor-column-gap-default\">\n\t\t\t\t\t\t\t<div class=\"elementor-row\">\n\t\t\t\t\t<div class=\"elementor-column elementor-col-100 elementor-top-column elementor-element elementor-element-1689faf\" data-id=\"1689faf\" data-element_type=\"column\">\n\t\t\t<div class=\"elementor-column-wrap elementor-element-populated\">\n\t\t\t\t\t\t\t<div class=\"elementor-widget-wrap\">\n\t\t\t\t\t\t<div class=\"elementor-element elementor-element-51e2a0a dce_masking-none elementor-widget elementor-widget-image\" data-id=\"51e2a0a\" data-element_type=\"widget\" data-widget_type=\"image.default\">\n\t\t\t\t<div class=\"elementor-widget-container\">\n\t\t\t\t\t\t\t\t<div class=\"elementor-image\">\n\t\t\t\t\t\t\t\t\t\t\t\t<img width=\"1080\" height=\"900\" src=\"https:\/\/www.noleggiare.it\/wp-content\/uploads\/2021\/09\/noleggiare_BestWestern-header-mobile-1.jpg\" class=\"attachment-full size-full\" alt=\"\" loading=\"lazy\" srcset=\"https:\/\/www.noleggiare.it\/wp-content\/uploads\/2021\/09\/noleggiare_BestWestern-header-mobile-1.jpg 1080w, https:\/\/www.noleggiare.it\/wp-content\/uploads\/2021\/09\/noleggiare_BestWestern-header-mobile-1-300x250.jpg 300w, https:\/\/www.noleggiare.it\/wp-content\/uploads\/2021\/09\/noleggiare_BestWestern-header-mobile-1-1024x853.jpg 1024w, https:\/\/www.noleggiare.it\/wp-content\/uploads\/2021\/09\/noleggiare_BestWestern-header-mobile-1-768x640.jpg 768w\" sizes=\"(max-width: 1080px) 100vw, 1080px\" \/>\t\t\t\t\t\t\t\t\t\t\t\t\t\t<\/div>\n\t\t\t\t\t\t<\/div>\n\t\t\t\t<\/div>\n\t\t\t\t\t\t<\/div>\n\t\t\t\t\t<\/div>\n\t\t<\/div>\n\t\t\t\t\t\t\t\t<\/div>\n\t\t\t\t\t<\/div>\n\t\t<\/section>\n\t\t\t\t<section class=\"elementor-section elementor-top-section elementor-element elementor-element-858485d elementor-section-stretched elementor-section-full_width elementor-section-height-default elementor-section-height-default\" data-id=\"858485d\" data-element_type=\"section\" data-settings=\"{&quot;stretch_section&quot;:&quot;section-stretched&quot;,&quot;background_background&quot;:&quot;classic&quot;}\">\n\t\t\t\t\t\t<div class=\"elementor-container elementor-column-gap-default\">\n\t\t\t\t\t\t\t<div class=\"elementor-row\">\n\t\t\t\t\t<div class=\"elementor-column elementor-col-100 elementor-top-column elementor-element elementor-element-1b32cb2\" data-id=\"1b32cb2\" data-element_type=\"column\">\n\t\t\t<div class=\"elementor-column-wrap elementor-element-populated\">\n\t\t\t\t\t\t\t<div class=\"elementor-widget-wrap\">\n\t\t\t\t\t\t<div class=\"elementor-element elementor-element-98edde0 elementor-widget elementor-widget-heading\" data-id=\"98edde0\" data-element_type=\"widget\" data-widget_type=\"heading.default\">\n\t\t\t\t<div class=\"elementor-widget-container\">\n\t\t\t<h1 class=\"elementor-heading-title elementor-size-default\"><strong><strong>Best Western\u00ae Hotels & Resorts<\/strong><\/strong> \u00e8 il pi\u00f9 grande Gruppo Alberghiero al mondo e in Italia conta 170 strutture, in oltre 100 localit\u00e0 tra le principali citt\u00e0 turistiche e culturali.<\/h1>\t\t<\/div>\n\t\t\t\t<\/div>\n\t\t\t\t<div class=\"elementor-element elementor-element-630a16d elementor-widget elementor-widget-heading\" data-id=\"630a16d\" data-element_type=\"widget\" data-widget_type=\"heading.default\">\n\t\t\t\t<div class=\"elementor-widget-container\">\n\t\t\t<h1 class=\"elementor-heading-title elementor-size-default\">Gli Hotel Best Western si distinguono per standard di qualit\u00e0 internazionali e un\u2019ospitalit\u00e0 nell\u2019autentica tradizione italiana.<\/h1>\t\t<\/div>\n\t\t\t\t<\/div>\n\t\t\t\t\t\t<\/div>\n\t\t\t\t\t<\/div>\n\t\t<\/div>\n\t\t\t\t\t\t\t\t<\/div>\n\t\t\t\t\t<\/div>\n\t\t<\/section>\n\t\t\t\t<section class=\"elementor-section elementor-top-section elementor-element elementor-element-0aa11d5 elementor-section-full_width elementor-section-stretched elementor-section-height-default elementor-section-height-default\" data-id=\"0aa11d5\" data-element_type=\"section\" data-settings=\"{&quot;stretch_section&quot;:&quot;section-stretched&quot;,&quot;background_background&quot;:&quot;classic&quot;}\">\n\t\t\t\t\t\t<div class=\"elementor-container elementor-column-gap-default\">\n\t\t\t\t\t\t\t<div class=\"elementor-row\">\n\t\t\t\t\t<div class=\"elementor-column elementor-col-100 elementor-top-column elementor-element elementor-element-5af6a39\" data-id=\"5af6a39\" data-element_type=\"column\">\n\t\t\t<div class=\"elementor-column-wrap elementor-element-populated\">\n\t\t\t\t\t\t\t<div class=\"elementor-widget-wrap\">\n\t\t\t\t\t\t<div class=\"elementor-element elementor-element-8c59c44 elementor-arrows-position-outside elementor-widget elementor-widget-image-carousel\" data-id=\"8c59c44\" data-element_type=\"widget\" data-settings=\"{&quot;slides_to_show&quot;:&quot;2&quot;,&quot;navigation&quot;:&quot;arrows&quot;,&quot;autoplay&quot;:&quot;yes&quot;,&quot;pause_on_hover&quot;:&quot;yes&quot;,&quot;pause_on_interaction&quot;:&quot;yes&quot;,&quot;autoplay_speed&quot;:5000,&quot;infinite&quot;:&quot;yes&quot;,&quot;speed&quot;:500}\" data-widget_type=\"image-carousel.default\">\n\t\t\t\t<div class=\"elementor-widget-container\">\n\t\t\t\t\t<div class=\"elementor-image-carousel-wrapper swiper-container\" dir=\"ltr\">\n\t\t\t<div class=\"elementor-image-carousel swiper-wrapper\">\n\t\t\t\t<div class=\"swiper-slide\"><figure class=\"swiper-slide-inner\"><img class=\"swiper-slide-image\" src=\"https:\/\/www.noleggiare.it\/wp-content\/uploads\/2021\/09\/1-3-768x456.jpg\" alt=\"1\" \/><\/figure><\/div><div class=\"swiper-slide\"><figure class=\"swiper-slide-inner\"><img class=\"swiper-slide-image\" src=\"https:\/\/www.noleggiare.it\/wp-content\/uploads\/2021\/09\/2-5-768x456.jpg\" alt=\"2\" \/><\/figure><\/div><div class=\"swiper-slide\"><figure class=\"swiper-slide-inner\"><img class=\"swiper-slide-image\" src=\"https:\/\/www.noleggiare.it\/wp-content\/uploads\/2021\/09\/3-2-768x456.jpg\" alt=\"3\" \/><\/figure><\/div><div class=\"swiper-slide\"><figure class=\"swiper-slide-inner\"><img class=\"swiper-slide-image\" src=\"https:\/\/www.noleggiare.it\/wp-content\/uploads\/2021\/09\/4-3-768x456.jpg\" alt=\"4\" \/><\/figure><\/div><div class=\"swiper-slide\"><figure class=\"swiper-slide-inner\"><img class=\"swiper-slide-image\" src=\"https:\/\/www.noleggiare.it\/wp-content\/uploads\/2021\/09\/5-3-768x456.jpg\" alt=\"5\" \/><\/figure><\/div><div class=\"swiper-slide\"><figure class=\"swiper-slide-inner\"><img class=\"swiper-slide-image\" src=\"https:\/\/www.noleggiare.it\/wp-content\/uploads\/2021\/09\/7-768x456.jpg\" alt=\"7\" \/><\/figure><\/div>\t\t\t<\/div>\n\t\t\t\t\t\t\t\t\t\t\t\t\t\t\t\t<div class=\"elementor-swiper-button elementor-swiper-button-prev\">\n\t\t\t\t\t\t<i class=\"eicon-chevron-left\" aria-hidden=\"true\"><\/i>\n\t\t\t\t\t\t<span class=\"elementor-screen-only\">Precedente<\/span>\n\t\t\t\t\t<\/div>\n\t\t\t\t\t<div class=\"elementor-swiper-button elementor-swiper-button-next\">\n\t\t\t\t\t\t<i class=\"eicon-chevron-right\" aria-hidden=\"true\"><\/i>\n\t\t\t\t\t\t<span class=\"elementor-screen-only\">Successivo<\/span>\n\t\t\t\t\t<\/div>\n\t\t\t\t\t\t\t\t\t<\/div>\n\t\t\t\t<\/div>\n\t\t\t\t<\/div>\n\t\t\t\t\t\t<\/div>\n\t\t\t\t\t<\/div>\n\t\t<\/div>\n\t\t\t\t\t\t\t\t<\/div>\n\t\t\t\t\t<\/div>\n\t\t<\/section>\n\t\t\t\t<section class=\"elementor-section elementor-top-section elementor-element elementor-element-1f66a8c elementor-section-stretched elementor-section-full_width elementor-section-height-default elementor-section-height-default\" data-id=\"1f66a8c\" data-element_type=\"section\" data-settings=\"{&quot;stretch_section&quot;:&quot;section-stretched&quot;,&quot;background_background&quot;:&quot;classic&quot;}\">\n\t\t\t\t\t\t<div class=\"elementor-container elementor-column-gap-default\">\n\t\t\t\t\t\t\t<div class=\"elementor-row\">\n\t\t\t\t\t<div class=\"elementor-column elementor-col-100 elementor-top-column elementor-element elementor-element-8eeb0fd\" data-id=\"8eeb0fd\" data-element_type=\"column\">\n\t\t\t<div class=\"elementor-column-wrap elementor-element-populated\">\n\t\t\t\t\t\t\t<div class=\"elementor-widget-wrap\">\n\t\t\t\t\t\t<div class=\"elementor-element elementor-element-e442eb2 elementor-widget elementor-widget-text-editor\" data-id=\"e442eb2\" data-element_type=\"widget\" data-widget_type=\"text-editor.default\">\n\t\t\t\t<div class=\"elementor-widget-container\">\n\t\t\t\t\t\t\t\t<div class=\"elementor-text-editor elementor-clearfix\">\n\t\t\t\t\t<p>Ai clienti Noleggiare offrono il <strong><span style=\"color: #e1007a;\">10% di sconto<\/span><\/strong> per soggiorni con colazione compresa, in tutti i 170 Hotel Best Western in Italia.<\/p>\t\t\t\t\t<\/div>\n\t\t\t\t\t\t<\/div>\n\t\t\t\t<\/div>\n\t\t\t\t<div class=\"elementor-element elementor-element-22633da elementor-widget elementor-widget-text-editor\" data-id=\"22633da\" data-element_type=\"widget\" data-widget_type=\"text-editor.default\">\n\t\t\t\t<div class=\"elementor-widget-container\">\n\t\t\t\t\t\t\t\t<div class=\"elementor-text-editor elementor-clearfix\">\n\t\t\t\t\t<p>Prenota subito il tuo soggiorno sul sito <a href=\"https:\/\/www.bestwestern.it\/hotel\/it.aspx\">bestwestern.it<\/a>, inserendo il codice sconto <strong>01813710<\/strong> nel campo <strong>\u201cCodice promozionale&#8221; del menu &#8220;Ricerca Avanzata\u201d<\/strong> e selezionando poi la Tariffa Riservata Partner. In alternativa, puoi contattare il Numero Verde <strong>800 177850<\/strong> comunicando all\u2019operatore il codice sconto.<\/p>\t\t\t\t\t<\/div>\n\t\t\t\t\t\t<\/div>\n\t\t\t\t<\/div>\n\t\t\t\t<div class=\"elementor-element elementor-element-315d031 elementor-widget-divider--separator-type-pattern elementor-widget-divider--view-line elementor-widget elementor-widget-divider\" data-id=\"315d031\" data-element_type=\"widget\" data-widget_type=\"divider.default\">\n\t\t\t\t<div class=\"elementor-widget-container\">\n\t\t\t\t\t<div class=\"elementor-divider\" style=\"--divider-pattern-url: url(&quot;data:image\/svg+xml,%3Csvg xmlns=&#039;http:\/\/www.w3.org\/2000\/svg&#039; preserveAspectRatio=&#039;none&#039; overflow=&#039;visible&#039; height=&#039;100%&#039; viewBox=&#039;0 0 24 24&#039; fill=&#039;none&#039; stroke=&#039;black&#039; stroke-width=&#039;1&#039; stroke-linecap=&#039;square&#039; stroke-miterlimit=&#039;10&#039;%3E%3Cpath d=&#039;M0,21c3.3,0,8.3-0.9,15.7-7.1c6.6-5.4,4.4-9.3,2.4-10.3c-3.4-1.8-7.7,1.3-7.3,8.8C11.2,20,17.1,21,24,21&#039;\/%3E%3C\/svg%3E&quot;);\">\n\t\t\t<span class=\"elementor-divider-separator\">\n\t\t\t\t\t\t<\/span>\n\t\t<\/div>\n\t\t\t\t<\/div>\n\t\t\t\t<\/div>\n\t\t\t\t\t\t<\/div>\n\t\t\t\t\t<\/div>\n\t\t<\/div>\n\t\t\t\t\t\t\t\t<\/div>\n\t\t\t\t\t<\/div>\n\t\t<\/section>\n\t\t\t\t<section class=\"elementor-section elementor-top-section elementor-element elementor-element-201f5a8 elementor-section-boxed elementor-section-height-default elementor-section-height-default\" data-id=\"201f5a8\" data-element_type=\"section\">\n\t\t\t\t\t\t<div class=\"elementor-container elementor-column-gap-default\">\n\t\t\t\t\t\t\t<div class=\"elementor-row\">\n\t\t\t\t\t<div class=\"elementor-column elementor-col-100 elementor-top-column elementor-element elementor-element-182a282\" data-id=\"182a282\" data-element_type=\"column\">\n\t\t\t<div class=\"elementor-column-wrap elementor-element-populated\">\n\t\t\t\t\t\t\t<div class=\"elementor-widget-wrap\">\n\t\t\t\t\t\t<div class=\"elementor-element elementor-element-c19b462 elementor-widget elementor-widget-heading\" data-id=\"c19b462\" data-element_type=\"widget\" data-widget_type=\"heading.default\">\n\t\t\t\t<div class=\"elementor-widget-container\">\n\t\t\t<h2 class=\"elementor-heading-title elementor-size-default\">TERMINI E CONDIZIONI<\/h2>\t\t<\/div>\n\t\t\t\t<\/div>\n\t\t\t\t<div class=\"elementor-element elementor-element-da0fd15 elementor-widget elementor-widget-heading\" data-id=\"da0fd15\" data-element_type=\"widget\" data-widget_type=\"heading.default\">\n\t\t\t\t<div class=\"elementor-widget-container\">\n\t\t\t<h2 class=\"elementor-heading-title elementor-size-default\">Lo sconto \u00e8 applicato sulla Migliore Tariffa senza restrizioni disponibile e non \u00e8 cumulabile con altre promozioni in corso al momento della prenotazione. L\u2019offerta \u00e8 valida esclusivamente alle condizioni sopraindicate.<\/h2>\t\t<\/div>\n\t\t\t\t<\/div>\n\t\t\t\t<div class=\"elementor-element elementor-element-460ff63 elementor-widget elementor-widget-spacer\" data-id=\"460ff63\" data-element_type=\"widget\" data-widget_type=\"spacer.default\">\n\t\t\t\t<div class=\"elementor-widget-container\">\n\t\t\t\t\t<div class=\"elementor-spacer\">\n\t\t\t<div class=\"elementor-spacer-inner\"><\/div>\n\t\t<\/div>\n\t\t\t\t<\/div>\n\t\t\t\t<\/div>\n\t\t\t\t\t\t<\/div>\n\t\t\t\t\t<\/div>\n\t\t<\/div>\n\t\t\t\t\t\t\t\t<\/div>\n\t\t\t\t\t<\/div>\n\t\t<\/section>\n\t\t\t\t\t\t<\/div>\n\t\t\t\t\t\t<\/div>\n\t\t\t\t\t<\/div>\n\t\t","protected":false},"excerpt":{"rendered":"<p>Best Western\u00ae Hotels &#038; Resorts \u00e8 il pi\u00f9 grande Gruppo Alberghiero al mondo e in Italia conta 170 strutture, in oltre 100 localit\u00e0 tra le principali citt\u00e0 turistiche e culturali. Gli Hotel Best Western si distinguono per standard di qualit\u00e0 internazionali e un\u2019ospitalit\u00e0 nell\u2019autentica tradizione italiana. Precedente Successivo Ai clienti Noleggiare offrono il 10% di [&#8230;]<\/p>\n<p><a class=\"btn btn-secondary understrap-read-more-link\" href=\"https:\/\/www.noleggiare.it\/it\/sconto-best-western\/\">Leggi di pi\u00f9&#8230;<\/a><\/p>\n","protected":false},"author":2511,"featured_media":0,"parent":0,"menu_order":0,"comment_status":"closed","ping_status":"closed","template":"page_nlt.php","meta":[],"acf":[],"yoast_head":"<!-- This site is optimized with the Yoast SEO plugin v17.1 - https:\/\/yoast.com\/wordpress\/plugins\/seo\/ -->\n<title>Sconto Best Western - Noleggiare.it<\/title>\n<meta name=\"description\" content=\"Noleggio Lungo Termine per privati - Scopri la nostra selezione di auto ibride a noleggio a lungo termine. Silenziosi, ecologiche e innovative: guida con noi il futuro della mobilit\u00e0 sostenibile.\" \/>\n<meta name=\"robots\" content=\"index, follow, max-snippet:-1, max-image-preview:large, max-video-preview:-1\" \/>\n<link rel=\"canonical\" href=\"https:\/\/www.noleggiare.it\/it\/sconto-best-western\/\" \/>\n<meta property=\"og:locale\" content=\"it_IT\" \/>\n<meta property=\"og:type\" content=\"article\" \/>\n<meta property=\"og:title\" content=\"Sconto Best Western - Noleggiare.it\" \/>\n<meta property=\"og:description\" content=\"Noleggio Lungo Termine per privati - Scopri la nostra selezione di auto ibride a noleggio a lungo termine. Silenziosi, ecologiche e innovative: guida con noi il futuro della mobilit\u00e0 sostenibile.\" \/>\n<meta property=\"og:url\" content=\"https:\/\/www.noleggiare.it\/it\/sconto-best-western\/\" \/>\n<meta property=\"og:site_name\" content=\"Noleggiare.it\" \/>\n<meta property=\"article:modified_time\" content=\"2024-01-05T10:52:20+00:00\" \/>\n<meta property=\"og:image\" content=\"https:\/\/www.noleggiare.it\/wp-content\/uploads\/2021\/09\/noleggiare_BestWestern-header-1.jpg\" \/>\n<meta name=\"twitter:card\" content=\"summary_large_image\" \/>\n<meta name=\"twitter:label1\" content=\"Tempo di lettura stimato\" \/>\n\t<meta name=\"twitter:data1\" content=\"4 minuti\" \/>\n<script type=\"application\/ld+json\" class=\"yoast-schema-graph\">{\"@context\":\"https:\/\/schema.org\",\"@graph\":[{\"@type\":\"WebSite\",\"@id\":\"https:\/\/www.noleggiare.it\/it\/#website\",\"url\":\"https:\/\/www.noleggiare.it\/it\/\",\"name\":\"Noleggiare.it\",\"description\":\"Happy rent!\",\"potentialAction\":[{\"@type\":\"SearchAction\",\"target\":{\"@type\":\"EntryPoint\",\"urlTemplate\":\"https:\/\/www.noleggiare.it\/it\/?s={search_term_string}\"},\"query-input\":\"required name=search_term_string\"}],\"inLanguage\":\"it-IT\"},{\"@type\":\"ImageObject\",\"@id\":\"https:\/\/www.noleggiare.it\/it\/sconto-best-western\/#primaryimage\",\"inLanguage\":\"it-IT\",\"url\":\"https:\/\/www.noleggiare.it\/wp-content\/uploads\/2021\/09\/noleggiare_BestWestern-header-1.jpg\",\"contentUrl\":\"https:\/\/www.noleggiare.it\/wp-content\/uploads\/2021\/09\/noleggiare_BestWestern-header-1.jpg\",\"width\":1920,\"height\":699},{\"@type\":\"WebPage\",\"@id\":\"https:\/\/www.noleggiare.it\/it\/sconto-best-western\/#webpage\",\"url\":\"https:\/\/www.noleggiare.it\/it\/sconto-best-western\/\",\"name\":\"Sconto Best Western - Noleggiare.it\",\"isPartOf\":{\"@id\":\"https:\/\/www.noleggiare.it\/it\/#website\"},\"primaryImageOfPage\":{\"@id\":\"https:\/\/www.noleggiare.it\/it\/sconto-best-western\/#primaryimage\"},\"datePublished\":\"2021-09-20T15:27:55+00:00\",\"dateModified\":\"2024-01-05T10:52:20+00:00\",\"description\":\"Noleggio Lungo Termine per privati - Scopri la nostra selezione di auto ibride a noleggio a lungo termine. Silenziosi, ecologiche e innovative: guida con noi il futuro della mobilit\\u00e0 sostenibile.\",\"breadcrumb\":{\"@id\":\"https:\/\/www.noleggiare.it\/it\/sconto-best-western\/#breadcrumb\"},\"inLanguage\":\"it-IT\",\"potentialAction\":[{\"@type\":\"ReadAction\",\"target\":[\"https:\/\/www.noleggiare.it\/it\/sconto-best-western\/\"]}]},{\"@type\":\"BreadcrumbList\",\"@id\":\"https:\/\/www.noleggiare.it\/it\/sconto-best-western\/#breadcrumb\",\"itemListElement\":[{\"@type\":\"ListItem\",\"position\":1,\"name\":\"Sconto Best Western\"}]}]}<\/script>\n<!-- \/ Yoast SEO plugin. -->","yoast_head_json":{"title":"Sconto Best Western - Noleggiare.it","description":"Noleggio Lungo Termine per privati - Scopri la nostra selezione di auto ibride a noleggio a lungo termine. Silenziosi, ecologiche e innovative: guida con noi il futuro della mobilit\u00e0 sostenibile.","robots":{"index":"index","follow":"follow","max-snippet":"max-snippet:-1","max-image-preview":"max-image-preview:large","max-video-preview":"max-video-preview:-1"},"canonical":"https:\/\/www.noleggiare.it\/it\/sconto-best-western\/","og_locale":"it_IT","og_type":"article","og_title":"Sconto Best Western - Noleggiare.it","og_description":"Noleggio Lungo Termine per privati - Scopri la nostra selezione di auto ibride a noleggio a lungo termine. Silenziosi, ecologiche e innovative: guida con noi il futuro della mobilit\u00e0 sostenibile.","og_url":"https:\/\/www.noleggiare.it\/it\/sconto-best-western\/","og_site_name":"Noleggiare.it","article_modified_time":"2024-01-05T10:52:20+00:00","og_image":[{"url":"https:\/\/www.noleggiare.it\/wp-content\/uploads\/2021\/09\/noleggiare_BestWestern-header-1.jpg"}],"twitter_card":"summary_large_image","twitter_misc":{"Tempo di lettura stimato":"4 minuti"},"schema":{"@context":"https:\/\/schema.org","@graph":[{"@type":"WebSite","@id":"https:\/\/www.noleggiare.it\/it\/#website","url":"https:\/\/www.noleggiare.it\/it\/","name":"Noleggiare.it","description":"Happy rent!","potentialAction":[{"@type":"SearchAction","target":{"@type":"EntryPoint","urlTemplate":"https:\/\/www.noleggiare.it\/it\/?s={search_term_string}"},"query-input":"required name=search_term_string"}],"inLanguage":"it-IT"},{"@type":"ImageObject","@id":"https:\/\/www.noleggiare.it\/it\/sconto-best-western\/#primaryimage","inLanguage":"it-IT","url":"https:\/\/www.noleggiare.it\/wp-content\/uploads\/2021\/09\/noleggiare_BestWestern-header-1.jpg","contentUrl":"https:\/\/www.noleggiare.it\/wp-content\/uploads\/2021\/09\/noleggiare_BestWestern-header-1.jpg","width":1920,"height":699},{"@type":"WebPage","@id":"https:\/\/www.noleggiare.it\/it\/sconto-best-western\/#webpage","url":"https:\/\/www.noleggiare.it\/it\/sconto-best-western\/","name":"Sconto Best Western - Noleggiare.it","isPartOf":{"@id":"https:\/\/www.noleggiare.it\/it\/#website"},"primaryImageOfPage":{"@id":"https:\/\/www.noleggiare.it\/it\/sconto-best-western\/#primaryimage"},"datePublished":"2021-09-20T15:27:55+00:00","dateModified":"2024-01-05T10:52:20+00:00","description":"Noleggio Lungo Termine per privati - Scopri la nostra selezione di auto ibride a noleggio a lungo termine. Silenziosi, ecologiche e innovative: guida con noi il futuro della mobilit\u00e0 sostenibile.","breadcrumb":{"@id":"https:\/\/www.noleggiare.it\/it\/sconto-best-western\/#breadcrumb"},"inLanguage":"it-IT","potentialAction":[{"@type":"ReadAction","target":["https:\/\/www.noleggiare.it\/it\/sconto-best-western\/"]}]},{"@type":"BreadcrumbList","@id":"https:\/\/www.noleggiare.it\/it\/sconto-best-western\/#breadcrumb","itemListElement":[{"@type":"ListItem","position":1,"name":"Sconto Best Western"}]}]}},"wps_subtitle":"Offerta noleggio lungo termine per rinnovare la tua flotta aziendale","_links":{"self":[{"href":"https:\/\/www.noleggiare.it\/it\/wp-json\/wp\/v2\/pages\/87945"}],"collection":[{"href":"https:\/\/www.noleggiare.it\/it\/wp-json\/wp\/v2\/pages"}],"about":[{"href":"https:\/\/www.noleggiare.it\/it\/wp-json\/wp\/v2\/types\/page"}],"author":[{"embeddable":true,"href":"https:\/\/www.noleggiare.it\/it\/wp-json\/wp\/v2\/users\/2511"}],"replies":[{"embeddable":true,"href":"https:\/\/www.noleggiare.it\/it\/wp-json\/wp\/v2\/comments?post=87945"}],"version-history":[{"count":81,"href":"https:\/\/www.noleggiare.it\/it\/wp-json\/wp\/v2\/pages\/87945\/revisions"}],"predecessor-version":[{"id":215764,"href":"https:\/\/www.noleggiare.it\/it\/wp-json\/wp\/v2\/pages\/87945\/revisions\/215764"}],"wp:attachment":[{"href":"https:\/\/www.noleggiare.it\/it\/wp-json\/wp\/v2\/media?parent=87945"}],"curies":[{"name":"wp","href":"https:\/\/api.w.org\/{rel}","templated":true}]}}